{"id":5010,"date":"2026-02-19T09:30:26","date_gmt":"2026-02-19T08:30:26","guid":{"rendered":"https:\/\/www.marcelchampion.com\/?post_type=product&#038;p=5010"},"modified":"2026-02-19T10:02:03","modified_gmt":"2026-02-19T09:02:03","slug":"working-girl","status":"publish","type":"product","link":"https:\/\/www.marcelchampion.com\/en\/product\/working-girl\/","title":{"rendered":"Working Girl"},"content":{"rendered":"<p>Ce panneau signal\u00e9tique d&rsquo;entr\u00e9e de village re\u00e7oit le personnage de Circ\u00e9 Love en d\u00e9coration.<br \/>\nCe petit format allong\u00e9 convient parfaitement \u00e0 mettre en avant Circ\u00e9 habill\u00e9 en Business Woman.<br \/>\nLe fond doux et clair laisse s&rsquo;exprimer totalement le personnage au premier plan. Un l\u00e9ger liseret bleu m\u00e9tallis\u00e9 vient d\u00e9tourer Circ\u00e9 pour le faire encore plus ressortir.<\/p>\n<p>Ce panneau \u00e0 la fois graphique et a\u00e9rien est pr\u00eat \u00e0 embellir votre int\u00e9rieur.<\/p>","protected":false},"excerpt":{"rendered":"<p>Cette nouvelle cr\u00e9ation de Marcel Champion met en avant un de ses personnages de BD favori, Circ\u00e9 Love.<br \/>\nCirc\u00e9 est une jeune femme dynamique, ind\u00e9pendante, pr\u00eate \u00e0 relever tous les d\u00e9fis. C&rsquo;est ce que montre cette peinture.<br \/>\nUne Circ\u00e9 habill\u00e9e en business woman sexy et qui assume ce qu&rsquo;elle est.<br \/>\nCette nouvelle r\u00e9alisation s&rsquo;inscrit directement dans la s\u00e9rie sur panneaux signal\u00e9tiques recycl\u00e9s. Marcel aime jouer avec les formes tr\u00e8s vari\u00e9es de ces supports et avec le v\u00e9cu de ces derniers.<\/p>\n<p>Une cr\u00e9ation qui fera le bonheur de celles et ceux qui cherchent un \u00e9l\u00e9ment de d\u00e9coration original et subtil.<\/p>","protected":false},"featured_media":5007,"template":"","meta":{"_gspb_post_css":"","site-sidebar-layout":"default","site-content-layout":"default","ast-site-content-layout":"default","site-content-style":"default","site-sidebar-style":"default","ast-global-header-display":"","ast-banner-title-visibility":"","ast-main-header-display":"","ast-hfb-above-header-display":"","ast-hfb-below-header-display":"","ast-hfb-mobile-header-display":"","site-post-title":"","ast-breadcrumbs-content":"","ast-featured-img":"","footer-sml-layout":"","ast-disable-related-posts":"","theme-transparent-header-meta":"default","adv-header-id-meta":"","stick-header-meta":"","header-above-stick-meta":"","header-main-stick-meta":"","header-below-stick-meta":"","astra-migrate-meta-layouts":"set","ast-page-background-enabled":"default","ast-page-background-meta":{"desktop":{"background-color":"","background-image":"","background-repeat":"repeat","background-position":"center center","background-size":"auto","background-attachment":"scroll","background-type":"","background-media":"","overlay-type":"","overlay-color":"","overlay-opacity":"","overlay-gradient":""},"tablet":{"background-color":"","background-image":"","background-repeat":"repeat","background-position":"center center","background-size":"auto","background-attachment":"scroll","background-type":"","background-media":"","overlay-type":"","overlay-color":"","overlay-opacity":"","overlay-gradient":""},"mobile":{"background-color":"","background-image":"","background-repeat":"repeat","background-position":"center center","background-size":"auto","background-attachment":"scroll","background-type":"","background-media":"","overlay-type":"","overlay-color":"","overlay-opacity":"","overlay-gradient":""}},"ast-content-background-meta":{"desktop":{"background-color":"var(--ast-global-color-5)","background-image":"","background-repeat":"repeat","background-position":"center center","background-size":"auto","background-attachment":"scroll","background-type":"","background-media":"","overlay-type":"","overlay-color":"","overlay-opacity":"","overlay-gradient":""},"tablet":{"background-color":"var(--ast-global-color-5)","background-image":"","background-repeat":"repeat","background-position":"center center","background-size":"auto","background-attachment":"scroll","background-type":"","background-media":"","overlay-type":"","overlay-color":"","overlay-opacity":"","overlay-gradient":""},"mobile":{"background-color":"var(--ast-global-color-5)","background-image":"","background-repeat":"repeat","background-position":"center center","background-size":"auto","background-attachment":"scroll","background-type":"","background-media":"","overlay-type":"","overlay-color":"","overlay-opacity":"","overlay-gradient":""}}},"product_brand":[],"product_cat":[58,26],"product_tag":[],"class_list":{"0":"post-5010","1":"product","2":"type-product","3":"status-publish","4":"has-post-thumbnail","6":"product_cat-autres","7":"product_cat-objets","8":"product_shipping_class-art","9":"desktop-align-left","10":"tablet-align-left","11":"mobile-align-left","13":"first","14":"outofstock","15":"taxable","16":"shipping-taxable","17":"purchasable","18":"product-type-simple"},"_links":{"self":[{"href":"https:\/\/www.marcelchampion.com\/en\/wp-json\/wp\/v2\/product\/5010","targetHints":{"allow":["GET"]}}],"collection":[{"href":"https:\/\/www.marcelchampion.com\/en\/wp-json\/wp\/v2\/product"}],"about":[{"href":"https:\/\/www.marcelchampion.com\/en\/wp-json\/wp\/v2\/types\/product"}],"wp:featuredmedia":[{"embeddable":true,"href":"https:\/\/www.marcelchampion.com\/en\/wp-json\/wp\/v2\/media\/5007"}],"wp:attachment":[{"href":"https:\/\/www.marcelchampion.com\/en\/wp-json\/wp\/v2\/media?parent=5010"}],"wp:term":[{"taxonomy":"product_brand","embeddable":true,"href":"https:\/\/www.marcelchampion.com\/en\/wp-json\/wp\/v2\/product_brand?post=5010"},{"taxonomy":"product_cat","embeddable":true,"href":"https:\/\/www.marcelchampion.com\/en\/wp-json\/wp\/v2\/product_cat?post=5010"},{"taxonomy":"product_tag","embeddable":true,"href":"https:\/\/www.marcelchampion.com\/en\/wp-json\/wp\/v2\/product_tag?post=5010"}],"curies":[{"name":"wp","href":"https:\/\/api.w.org\/{rel}","templated":true}]}}