{"id":4982,"date":"2025-12-01T16:09:54","date_gmt":"2025-12-01T15:09:54","guid":{"rendered":"https:\/\/www.marcelchampion.com\/?post_type=product&#038;p=4982"},"modified":"2026-02-19T10:02:40","modified_gmt":"2026-02-19T09:02:40","slug":"dorothy-black","status":"publish","type":"product","link":"https:\/\/www.marcelchampion.com\/en\/product\/dorothy-black\/","title":{"rendered":"Dorothy Black"},"content":{"rendered":"<p>\u00c0 la crois\u00e9e de deux s\u00e9ries Marcel Champion, cette toile mettant en sc\u00e8ne la voluptueuse Dorothy Black.<br \/>\n<em><strong>Dorothy a \u00e9t\u00e9 une des toutes premi\u00e8res \u00e0 faire confiance \u00e0 Marcel Champion pour sa s\u00e9rie de BD sexy, Circ\u00e9 Love. D\u00e8s lors il n&rsquo;a cess\u00e9 de l&rsquo;associer \u00e0 ses diff\u00e9rents projets artistique.<\/strong><\/em><br \/>\n<em><strong>Le visage de Dorothy est incroyable pour les portraits et son caract\u00e8re flamboyant a donn\u00e9 l&rsquo;id\u00e9e \u00e0 Marcel de l&rsquo;associer au Dobnium, \u00e9l\u00e9ment intense et irradiant.<\/strong><\/em><\/p>\n<p>Il ne tient plus qu&rsquo;\u00e0 vous de profiter de cette cr\u00e9ation chez vous en cliquant ci-contre pour l&rsquo;acheter et \u00e9merveiller vos amis.<\/p>","protected":false},"excerpt":{"rendered":"<p>Cette nouvelle cr\u00e9ation de Marcel Champion se situe \u00e0 la crois\u00e9e de deux de ses s\u00e9ries. Celle consacr\u00e9e aux portraits associ\u00e9s au tableau p\u00e9riodique des \u00e9l\u00e9ments et celle consacr\u00e9e aux panneaux signal\u00e9tiques transform\u00e9s en \u0153uvres de street art pop.<br \/>\n<em><strong>Marcel a souhait\u00e9 associer Dorothy Black \u00e0 l&rsquo;\u00e9l\u00e9ment chimique Dubnium, pour son cot\u00e9 irradiant et intense. Ce portrait vu de cot\u00e9 renforce le caract\u00e8re brillant et solaire de Dorothy.<br \/>\nCette nouvelle cr\u00e9ation est parfaite\u00a0 pour compl\u00e9ter la d\u00e9coration des int\u00e9rieurs les plus modernes et les plus exigeants.<br \/>\n<\/strong><\/em>Amis d\u00e9corateurs et d\u00e9coratrices d&rsquo;int\u00e9rieur, il ne tient qu&rsquo;\u00e0 vous d&rsquo;en faire profiter vos clients.<\/p>","protected":false},"featured_media":4981,"template":"","meta":{"_gspb_post_css":"","site-sidebar-layout":"default","site-content-layout":"default","ast-site-content-layout":"default","site-content-style":"default","site-sidebar-style":"default","ast-global-header-display":"","ast-banner-title-visibility":"","ast-main-header-display":"","ast-hfb-above-header-display":"","ast-hfb-below-header-display":"","ast-hfb-mobile-header-display":"","site-post-title":"","ast-breadcrumbs-content":"","ast-featured-img":"","footer-sml-layout":"","ast-disable-related-posts":"","theme-transparent-header-meta":"default","adv-header-id-meta":"","stick-header-meta":"","header-above-stick-meta":"","header-main-stick-meta":"","header-below-stick-meta":"","astra-migrate-meta-layouts":"set","ast-page-background-enabled":"default","ast-page-background-meta":{"desktop":{"background-color":"","background-image":"","background-repeat":"repeat","background-position":"center center","background-size":"auto","background-attachment":"scroll","background-type":"","background-media":"","overlay-type":"","overlay-color":"","overlay-opacity":"","overlay-gradient":""},"tablet":{"background-color":"","background-image":"","background-repeat":"repeat","background-position":"center center","background-size":"auto","background-attachment":"scroll","background-type":"","background-media":"","overlay-type":"","overlay-color":"","overlay-opacity":"","overlay-gradient":""},"mobile":{"background-color":"","background-image":"","background-repeat":"repeat","background-position":"center center","background-size":"auto","background-attachment":"scroll","background-type":"","background-media":"","overlay-type":"","overlay-color":"","overlay-opacity":"","overlay-gradient":""}},"ast-content-background-meta":{"desktop":{"background-color":"var(--ast-global-color-5)","background-image":"","background-repeat":"repeat","background-position":"center center","background-size":"auto","background-attachment":"scroll","background-type":"","background-media":"","overlay-type":"","overlay-color":"","overlay-opacity":"","overlay-gradient":""},"tablet":{"background-color":"var(--ast-global-color-5)","background-image":"","background-repeat":"repeat","background-position":"center center","background-size":"auto","background-attachment":"scroll","background-type":"","background-media":"","overlay-type":"","overlay-color":"","overlay-opacity":"","overlay-gradient":""},"mobile":{"background-color":"var(--ast-global-color-5)","background-image":"","background-repeat":"repeat","background-position":"center center","background-size":"auto","background-attachment":"scroll","background-type":"","background-media":"","overlay-type":"","overlay-color":"","overlay-opacity":"","overlay-gradient":""}}},"product_brand":[],"product_cat":[58,26],"product_tag":[],"class_list":{"0":"post-4982","1":"product","2":"type-product","3":"status-publish","4":"has-post-thumbnail","6":"product_cat-autres","7":"product_cat-objets","8":"product_shipping_class-art","9":"desktop-align-left","10":"tablet-align-left","11":"mobile-align-left","13":"first","14":"instock","15":"taxable","16":"shipping-taxable","17":"purchasable","18":"product-type-simple"},"_links":{"self":[{"href":"https:\/\/www.marcelchampion.com\/en\/wp-json\/wp\/v2\/product\/4982","targetHints":{"allow":["GET"]}}],"collection":[{"href":"https:\/\/www.marcelchampion.com\/en\/wp-json\/wp\/v2\/product"}],"about":[{"href":"https:\/\/www.marcelchampion.com\/en\/wp-json\/wp\/v2\/types\/product"}],"wp:featuredmedia":[{"embeddable":true,"href":"https:\/\/www.marcelchampion.com\/en\/wp-json\/wp\/v2\/media\/4981"}],"wp:attachment":[{"href":"https:\/\/www.marcelchampion.com\/en\/wp-json\/wp\/v2\/media?parent=4982"}],"wp:term":[{"taxonomy":"product_brand","embeddable":true,"href":"https:\/\/www.marcelchampion.com\/en\/wp-json\/wp\/v2\/product_brand?post=4982"},{"taxonomy":"product_cat","embeddable":true,"href":"https:\/\/www.marcelchampion.com\/en\/wp-json\/wp\/v2\/product_cat?post=4982"},{"taxonomy":"product_tag","embeddable":true,"href":"https:\/\/www.marcelchampion.com\/en\/wp-json\/wp\/v2\/product_tag?post=4982"}],"curies":[{"name":"wp","href":"https:\/\/api.w.org\/{rel}","templated":true}]}}