{"id":4975,"date":"2025-12-01T15:36:56","date_gmt":"2025-12-01T14:36:56","guid":{"rendered":"https:\/\/www.marcelchampion.com\/?post_type=product&#038;p=4975"},"modified":"2025-12-01T15:45:45","modified_gmt":"2025-12-01T14:45:45","slug":"dragon-ball","status":"publish","type":"product","link":"https:\/\/www.marcelchampion.com\/en\/product\/dragon-ball\/","title":{"rendered":"Dragon Ball"},"content":{"rendered":"<p>Vous cherchez un objet \u00e0 la fois styl\u00e9, color\u00e9 et original pour mettre la touche finale \u00e0 votre d\u00e9co. Arr\u00eatez tout !! Les panneaux de Marcel Champion sont l\u00e0 pour \u00e7a.<br \/>\nApr\u00e8s avoir r\u00e9cup\u00e9r\u00e9 des panneaux signal\u00e9tiques destin\u00e9s \u00e0 la benne, Marcel les transforme en objets d&rsquo;art tendances et avant-gardistes.<br \/>\nPour arriver \u00e0 ce r\u00e9sultat, il combine deux techniques, la graff et la peinture classique au pinceau. Ainsi il parvient \u00e0 cr\u00e9er un contraste entre le fond et le sujet principal et propose une s\u00e9rie qui est \u00e0 la fois d\u00e9coratif et artistique. Si vous cherchez \u00e0 diff\u00e9rencier votre d\u00e9co des autres, cette s\u00e9rie est faite pour vous, car chaque panneau est UNIQUE !!!<\/p>\n<div>\n<p><em><strong>\u0152uvre street-art circulaire spectaculaire peinte sur un authentique panneau de signalisation routi\u00e8re rond : hommage pop et explosif \u00e0 Dragon Ball avec un jeune Son Goku enfant en premier plan, bouche grande ouverte dans un cri l\u00e9gendaire, entour\u00e9 des silhouettes au pochoir orange de Krilin, Tortue G\u00e9niale et Bulma. Fond d\u00e9grad\u00e9 orange-jaune solaire qui rappelle la couleur des boules de cristal r\u00e9alis\u00e9 \u00e0 la bombe, contours noirs ultra-pr\u00e9cis et touches de bleu \u00e9lectrique en bas pour le contraste. Format parfait, \u00e9nergie manga 90\u2019s et vibe r\u00e9tro-gaming imm\u00e9diate : pi\u00e8ce collector id\u00e9ale pour d\u00e9corer votre int\u00e9rieur.<\/strong><\/em><\/p>\n<p>&nbsp;<\/p>\n<\/div>\n<p>Il ne tient plus qu&rsquo;\u00e0 vous de profiter de cette cr\u00e9ation chez vous en cliquant ci-contre pour l&rsquo;acheter et \u00e9merveiller vos amis.<\/p>","protected":false},"excerpt":{"rendered":"<p>Si vous suivez Marcel Champion, vous savez qu&rsquo;il aime particuli\u00e8rement transformer de simples objets du quotidien en oeuvres d&rsquo;art \u00e0 part enti\u00e8re. C&rsquo;est le cas par exemple avec sa s\u00e9rie de bidons\/lampes, ou encore ses puzzles g\u00e9ants.<br \/>\nMarcel remet \u00e7a avec cette fois un support assez inattendu, de vieux panneaux signal\u00e9tiques destin\u00e9s \u00e0 la d\u00e9ch\u00e8terie. Ces panneaux ont subi les affres de la m\u00e9t\u00e9o, et des usagers, mais aussi bizarre que cela puisse para\u00eetre, leur structure reste en parfait \u00e9tat. Seul l&rsquo;adh\u00e9sif qui caract\u00e9rise le panneau a vieilli. La quantit\u00e9 de panneaux qui part \u00e0 la benne chaque ann\u00e9e est juste \u00e9norme. Marcel a d\u00e9cid\u00e9 que pour une partie d&rsquo;entre eux, il fallait que \u00e7a change. Il a demand\u00e9 gentiment s&rsquo;il \u00e9tait possible d&rsquo;en r\u00e9cup\u00e9rer. Sa requ\u00eate a \u00e9t\u00e9 accept\u00e9e.<br \/>\nSon id\u00e9e est assez simple, transformer ces d\u00e9chets en cr\u00e9ations fun et initier une tendance d\u00e9co avec cette s\u00e9rie.<br \/>\nAfin d&rsquo;assurer une bonne accroche \u00e0 la peinture, Marcel fait comme un graffiti sur la totalit\u00e9 du panneau. Ce graff \u00e0 la bombe va servir de fond sur lequel Marcel va venir peindre les \u00e9l\u00e9ments plus d\u00e9taill\u00e9s qui constitueront le sujet principal de la peinture.<\/p>\n<div><em><strong>Ici, Marcel met en sc\u00e8ne un de ses h\u00e9ros de manga pr\u00e9f\u00e9r\u00e9, Son Goku. Goku enfant hurle de joie, entour\u00e9 des silhouettes de Krilin, Bulma et Tortue G\u00e9niale sur fond orange paillet\u00e9 \u00ab boules de cristal \u00bb. Bombe a\u00e9rosol, contours nets, \u00e9nergie 90\u2019s explosive. Pi\u00e8ce collector Dragon Ball ultra-d\u00e9corative.<\/strong><\/em><\/div>\n<p>Ce qui est int\u00e9ressant avec ces panneaux signal\u00e9tiques, c&rsquo;est que les formes sont tr\u00e8s sp\u00e9cifiques, Marcel peut jouer avec et cr\u00e9er \u00e0 chaque fois quelque chose de coh\u00e9rent entre le sujet et la forme de l&rsquo;objet.<br \/>\nEn attendant de partager avec vous les prochaines cr\u00e9ations de cette s\u00e9rie, n&rsquo;h\u00e9sitez pas \u00e0 nous contacter pour r\u00e9server votre panneau.<\/p>","protected":false},"featured_media":4974,"template":"","meta":{"_gspb_post_css":"","site-sidebar-layout":"default","site-content-layout":"default","ast-site-content-layout":"default","site-content-style":"default","site-sidebar-style":"default","ast-global-header-display":"","ast-banner-title-visibility":"","ast-main-header-display":"","ast-hfb-above-header-display":"","ast-hfb-below-header-display":"","ast-hfb-mobile-header-display":"","site-post-title":"","ast-breadcrumbs-content":"","ast-featured-img":"","footer-sml-layout":"","ast-disable-related-posts":"","theme-transparent-header-meta":"default","adv-header-id-meta":"","stick-header-meta":"","header-above-stick-meta":"","header-main-stick-meta":"","header-below-stick-meta":"","astra-migrate-meta-layouts":"set","ast-page-background-enabled":"default","ast-page-background-meta":{"desktop":{"background-color":"","background-image":"","background-repeat":"repeat","background-position":"center center","background-size":"auto","background-attachment":"scroll","background-type":"","background-media":"","overlay-type":"","overlay-color":"","overlay-opacity":"","overlay-gradient":""},"tablet":{"background-color":"","background-image":"","background-repeat":"repeat","background-position":"center center","background-size":"auto","background-attachment":"scroll","background-type":"","background-media":"","overlay-type":"","overlay-color":"","overlay-opacity":"","overlay-gradient":""},"mobile":{"background-color":"","background-image":"","background-repeat":"repeat","background-position":"center center","background-size":"auto","background-attachment":"scroll","background-type":"","background-media":"","overlay-type":"","overlay-color":"","overlay-opacity":"","overlay-gradient":""}},"ast-content-background-meta":{"desktop":{"background-color":"var(--ast-global-color-5)","background-image":"","background-repeat":"repeat","background-position":"center center","background-size":"auto","background-attachment":"scroll","background-type":"","background-media":"","overlay-type":"","overlay-color":"","overlay-opacity":"","overlay-gradient":""},"tablet":{"background-color":"var(--ast-global-color-5)","background-image":"","background-repeat":"repeat","background-position":"center center","background-size":"auto","background-attachment":"scroll","background-type":"","background-media":"","overlay-type":"","overlay-color":"","overlay-opacity":"","overlay-gradient":""},"mobile":{"background-color":"var(--ast-global-color-5)","background-image":"","background-repeat":"repeat","background-position":"center center","background-size":"auto","background-attachment":"scroll","background-type":"","background-media":"","overlay-type":"","overlay-color":"","overlay-opacity":"","overlay-gradient":""}}},"product_brand":[],"product_cat":[58,26],"product_tag":[],"class_list":{"0":"post-4975","1":"product","2":"type-product","3":"status-publish","4":"has-post-thumbnail","6":"product_cat-autres","7":"product_cat-objets","8":"product_shipping_class-art","9":"desktop-align-left","10":"tablet-align-left","11":"mobile-align-left","13":"first","14":"instock","15":"taxable","16":"shipping-taxable","17":"purchasable","18":"product-type-simple"},"_links":{"self":[{"href":"https:\/\/www.marcelchampion.com\/en\/wp-json\/wp\/v2\/product\/4975","targetHints":{"allow":["GET"]}}],"collection":[{"href":"https:\/\/www.marcelchampion.com\/en\/wp-json\/wp\/v2\/product"}],"about":[{"href":"https:\/\/www.marcelchampion.com\/en\/wp-json\/wp\/v2\/types\/product"}],"wp:featuredmedia":[{"embeddable":true,"href":"https:\/\/www.marcelchampion.com\/en\/wp-json\/wp\/v2\/media\/4974"}],"wp:attachment":[{"href":"https:\/\/www.marcelchampion.com\/en\/wp-json\/wp\/v2\/media?parent=4975"}],"wp:term":[{"taxonomy":"product_brand","embeddable":true,"href":"https:\/\/www.marcelchampion.com\/en\/wp-json\/wp\/v2\/product_brand?post=4975"},{"taxonomy":"product_cat","embeddable":true,"href":"https:\/\/www.marcelchampion.com\/en\/wp-json\/wp\/v2\/product_cat?post=4975"},{"taxonomy":"product_tag","embeddable":true,"href":"https:\/\/www.marcelchampion.com\/en\/wp-json\/wp\/v2\/product_tag?post=4975"}],"curies":[{"name":"wp","href":"https:\/\/api.w.org\/{rel}","templated":true}]}}