{"id":4964,"date":"2025-12-01T14:30:30","date_gmt":"2025-12-01T13:30:30","guid":{"rendered":"https:\/\/www.marcelchampion.com\/?post_type=product&#038;p=4964"},"modified":"2025-12-01T16:25:58","modified_gmt":"2025-12-01T15:25:58","slug":"samantha-saint","status":"publish","type":"product","link":"https:\/\/www.marcelchampion.com\/en\/product\/samantha-saint\/","title":{"rendered":"Samantha Saint"},"content":{"rendered":"<p>\u00c0 la crois\u00e9e de deux s\u00e9ries Marcel Champion, cette toile mettant en sc\u00e8ne la voluptueuse Samantha Saint.<br \/>\n<em><strong>Samantha et Marcel travaille depuis longtemps ensemble sur des projets artistiques tr\u00e8s divers, c&rsquo;est ce qui lui a donn\u00e9 l&rsquo;id\u00e9e de l&rsquo;associer \u00e0 l&rsquo;\u00e9tain pour sa s\u00e9rie en relation avec les \u00e9l\u00e9ments du tableau p\u00e9riodique.<\/strong><\/em><br \/>\n<em><strong>Le traitement tr\u00e8s pop et flashy du personnage donne \u00e0 cette nouvelle r\u00e9alisation un potentiel d\u00e9co fantastique.<\/strong><\/em><\/p>\n<p>Il ne tient plus qu&rsquo;\u00e0 vous de profiter de cette cr\u00e9ation chez vous en cliquant ci-contre pour l&rsquo;acheter et \u00e9merveiller vos amis.<\/p>","protected":false},"excerpt":{"rendered":"<p>Cette nouvelle cr\u00e9ation de Marcel Champion se situe \u00e0 la crois\u00e9e de deux de ses s\u00e9ries. Celle consacr\u00e9e aux portraits associ\u00e9s au tableau p\u00e9riodique des \u00e9l\u00e9ments et celle consacr\u00e9e aux panneaux signal\u00e9tiques transform\u00e9s en \u0153uvres de street art pop.<br \/>\n<em><strong>Marcel met en avant une des mod\u00e8les avec laquelle il travaille depuis tr\u00e8s longtemps, Samantha Saint. Elle est associ\u00e9 \u00e0 l&rsquo;\u00e9l\u00e9ment \u00e9tain qui rappelle sa mall\u00e9abilit\u00e9 et sa capacit\u00e9 \u00e0 se transformer tr\u00e8s rapidement. Cette peinture est r\u00e9alis\u00e9e sur un panneau de signalisation recycl\u00e9 en aluminium, rond. Le fond est trait\u00e9 fa\u00e7on street art\/graffiti alors que le personnage est fait au pinceau. Un pochoir est ajout\u00e9 sur le cot\u00e9 gauche de la peinture pour signifier l&rsquo;\u00e9l\u00e9ment mis en avant sur cette peinture.<\/strong><\/em><br \/>\n<em><strong>Les couleurs flashy de ses cheveux et la finesse des traits font de ce portrait un objet parfait pour d\u00e9corer un int\u00e9rieur et lui apporter une touche de couleur et de dynamisme.<\/strong><\/em><br \/>\nAmis d\u00e9corateurs et d\u00e9coratrices d&rsquo;int\u00e9rieur, il ne tient qu&rsquo;\u00e0 vous d&rsquo;en faire profiter vos clients.<\/p>","protected":false},"featured_media":4963,"template":"","meta":{"_gspb_post_css":"","site-sidebar-layout":"default","site-content-layout":"default","ast-site-content-layout":"default","site-content-style":"default","site-sidebar-style":"default","ast-global-header-display":"","ast-banner-title-visibility":"","ast-main-header-display":"","ast-hfb-above-header-display":"","ast-hfb-below-header-display":"","ast-hfb-mobile-header-display":"","site-post-title":"","ast-breadcrumbs-content":"","ast-featured-img":"","footer-sml-layout":"","ast-disable-related-posts":"","theme-transparent-header-meta":"default","adv-header-id-meta":"","stick-header-meta":"","header-above-stick-meta":"","header-main-stick-meta":"","header-below-stick-meta":"","astra-migrate-meta-layouts":"set","ast-page-background-enabled":"default","ast-page-background-meta":{"desktop":{"background-color":"","background-image":"","background-repeat":"repeat","background-position":"center center","background-size":"auto","background-attachment":"scroll","background-type":"","background-media":"","overlay-type":"","overlay-color":"","overlay-opacity":"","overlay-gradient":""},"tablet":{"background-color":"","background-image":"","background-repeat":"repeat","background-position":"center center","background-size":"auto","background-attachment":"scroll","background-type":"","background-media":"","overlay-type":"","overlay-color":"","overlay-opacity":"","overlay-gradient":""},"mobile":{"background-color":"","background-image":"","background-repeat":"repeat","background-position":"center center","background-size":"auto","background-attachment":"scroll","background-type":"","background-media":"","overlay-type":"","overlay-color":"","overlay-opacity":"","overlay-gradient":""}},"ast-content-background-meta":{"desktop":{"background-color":"var(--ast-global-color-5)","background-image":"","background-repeat":"repeat","background-position":"center center","background-size":"auto","background-attachment":"scroll","background-type":"","background-media":"","overlay-type":"","overlay-color":"","overlay-opacity":"","overlay-gradient":""},"tablet":{"background-color":"var(--ast-global-color-5)","background-image":"","background-repeat":"repeat","background-position":"center center","background-size":"auto","background-attachment":"scroll","background-type":"","background-media":"","overlay-type":"","overlay-color":"","overlay-opacity":"","overlay-gradient":""},"mobile":{"background-color":"var(--ast-global-color-5)","background-image":"","background-repeat":"repeat","background-position":"center center","background-size":"auto","background-attachment":"scroll","background-type":"","background-media":"","overlay-type":"","overlay-color":"","overlay-opacity":"","overlay-gradient":""}}},"product_brand":[],"product_cat":[58,26],"product_tag":[],"class_list":{"0":"post-4964","1":"product","2":"type-product","3":"status-publish","4":"has-post-thumbnail","6":"product_cat-autres","7":"product_cat-objets","8":"product_shipping_class-art","9":"desktop-align-left","10":"tablet-align-left","11":"mobile-align-left","13":"first","14":"instock","15":"taxable","16":"shipping-taxable","17":"purchasable","18":"product-type-simple"},"_links":{"self":[{"href":"https:\/\/www.marcelchampion.com\/en\/wp-json\/wp\/v2\/product\/4964","targetHints":{"allow":["GET"]}}],"collection":[{"href":"https:\/\/www.marcelchampion.com\/en\/wp-json\/wp\/v2\/product"}],"about":[{"href":"https:\/\/www.marcelchampion.com\/en\/wp-json\/wp\/v2\/types\/product"}],"wp:featuredmedia":[{"embeddable":true,"href":"https:\/\/www.marcelchampion.com\/en\/wp-json\/wp\/v2\/media\/4963"}],"wp:attachment":[{"href":"https:\/\/www.marcelchampion.com\/en\/wp-json\/wp\/v2\/media?parent=4964"}],"wp:term":[{"taxonomy":"product_brand","embeddable":true,"href":"https:\/\/www.marcelchampion.com\/en\/wp-json\/wp\/v2\/product_brand?post=4964"},{"taxonomy":"product_cat","embeddable":true,"href":"https:\/\/www.marcelchampion.com\/en\/wp-json\/wp\/v2\/product_cat?post=4964"},{"taxonomy":"product_tag","embeddable":true,"href":"https:\/\/www.marcelchampion.com\/en\/wp-json\/wp\/v2\/product_tag?post=4964"}],"curies":[{"name":"wp","href":"https:\/\/api.w.org\/{rel}","templated":true}]}}