{"id":4955,"date":"2025-12-01T13:55:01","date_gmt":"2025-12-01T12:55:01","guid":{"rendered":"https:\/\/www.marcelchampion.com\/?post_type=product&#038;p=4955"},"modified":"2025-12-10T09:37:49","modified_gmt":"2025-12-10T08:37:49","slug":"revolution-bleu-blanc-rouge","status":"publish","type":"product","link":"https:\/\/www.marcelchampion.com\/en\/product\/revolution-bleu-blanc-rouge\/","title":{"rendered":"R\u00e9volution bleu blanc rouge"},"content":{"rendered":"<p>Vous cherchez un objet \u00e0 la fois styl\u00e9, color\u00e9 et original pour mettre la touche finale \u00e0 votre d\u00e9co. Arr\u00eatez tout !! Les panneaux de Marcel Champion sont l\u00e0 pour \u00e7a.<br \/>\nApr\u00e8s avoir r\u00e9cup\u00e9r\u00e9 des panneaux signal\u00e9tiques destin\u00e9s \u00e0 la benne, Marcel les transforme en objets d&rsquo;art tendances et avant-gardistes.<br \/>\nPour arriver \u00e0 ce r\u00e9sultat, il combine deux techniques, la graff et la peinture classique au pinceau. Ainsi il parvient \u00e0 cr\u00e9er un contraste entre le fond et le sujet principal et propose une s\u00e9rie qui est \u00e0 la fois d\u00e9coratif et artistique. Si vous cherchez \u00e0 diff\u00e9rencier votre d\u00e9co des autres, cette s\u00e9rie est faite pour vous, car chaque panneau est UNIQUE !!!<\/p>\n<div><em><strong>Compl\u00e9tant le personnage de Th\u00e9r\u00e9bentine grim\u00e9e en Marianne ce d\u00e9tail malicieux et g\u00e9nial de l\u2019\u0153uvre street-art sur panneau signal\u00e9tique : un faux panneau GPS autoroutier peint \u00e0 la main indique \u00ab LIBERT\u00c9 \u00bb comme prochaine sortie dans 4 km sur l\u2019A14. Fond vert, ic\u00f4ne Wi-Fi, soleil et sens unique renforcent l\u2019illusion parfaite d\u2019un vrai panneau officiel d\u00e9tourn\u00e9. Sur le fond rouge r\u00e9volutionnaire de la toile, ce clin d\u2019\u0153il contemporain transforme la Libert\u00e9 en destination imminente et ironique. Symbole ultime de l\u2019art urbain engag\u00e9 qui pirate les codes de la signalisation routi\u00e8re.<\/strong><\/em><\/div>\n<div><\/div>\n<p>Il ne tient plus qu&rsquo;\u00e0 vous de profiter de cette cr\u00e9ation chez vous en cliquant ci-contre pour l&rsquo;acheter et \u00e9merveiller vos amis.<\/p>","protected":false},"excerpt":{"rendered":"<p>Si vous suivez Marcel Champion, vous savez qu&rsquo;il aime particuli\u00e8rement transformer de simples objets du quotidien en oeuvres d&rsquo;art \u00e0 part enti\u00e8re. C&rsquo;est le cas par exemple avec sa s\u00e9rie de bidons\/lampes, ou encore ses puzzles g\u00e9ants.<br \/>\nMarcel remet \u00e7a avec cette fois un support assez inattendu, de vieux panneaux signal\u00e9tiques destin\u00e9s \u00e0 la d\u00e9ch\u00e8terie. Ces panneaux ont subi les affres de la m\u00e9t\u00e9o, et des usagers, mais aussi bizarre que cela puisse para\u00eetre, leur structure reste en parfait \u00e9tat. Seul l&rsquo;adh\u00e9sif qui caract\u00e9rise le panneau a vieilli. La quantit\u00e9 de panneaux qui part \u00e0 la benne chaque ann\u00e9e est juste \u00e9norme. Marcel a d\u00e9cid\u00e9 que pour une partie d&rsquo;entre eux, il fallait que \u00e7a change. Il a demand\u00e9 gentiment s&rsquo;il \u00e9tait possible d&rsquo;en r\u00e9cup\u00e9rer. Sa requ\u00eate a \u00e9t\u00e9 accept\u00e9e.<br \/>\nSon id\u00e9e est assez simple, transformer ces d\u00e9chets en cr\u00e9ations fun et initier une tendance d\u00e9co avec cette s\u00e9rie.<br \/>\nAfin d&rsquo;assurer une bonne accroche \u00e0 la peinture, Marcel fait comme un graffiti sur la totalit\u00e9 du panneau. Ce graff \u00e0 la bombe va servir de fond sur lequel Marcel va venir peindre les \u00e9l\u00e9ments plus d\u00e9taill\u00e9s qui constitueront le sujet principal de la peinture.<em><strong><br \/>\n<\/strong><\/em><\/p>\n<div>\n<div><em><strong>Cette \u0153uvre street-art explosive de Marcel Championmet en sc\u00e8ne Th\u00e9r\u00e9bentine, l\u2019h\u00e9ro\u00efne culte de la bande dessin\u00e9e \u00e9ponyme, en pleine action r\u00e9volutionnaire : bonnet phrygien sur la t\u00eate, drapeau fran\u00e7ais \u00e0 la main, elle charge avec rage et d\u00e9termination. Sur fond rouge sang, le c\u00e9l\u00e8bre tableau \u00ab La Libert\u00e9 guidant le peuple \u00bb de Delacroix est r\u00e9interpr\u00e9t\u00e9 en version pop et subversive, avec le visage de Marianne en ombre puissante. Des petits bonshommes jaunes affol\u00e9s, des coulures de peinture verte et une plaque de signalisation \u00ab LIBERT\u00c9 \u00bb compl\u00e8tent cette toile contemporaine ultra-dynamique. Parfait m\u00e9lange de BD franco-belge, histoire de France et art urbain engag\u00e9.<\/strong><\/em><\/div>\n<\/div>\n<div><\/div>\n<p>Ce qui est int\u00e9ressant avec ces panneaux signal\u00e9tiques, c&rsquo;est que les formes sont tr\u00e8s sp\u00e9cifiques, Marcel peut jouer avec et cr\u00e9er \u00e0 chaque fois quelque chose de coh\u00e9rent entre le sujet et la forme de l&rsquo;objet.<br \/>\nEn attendant de partager avec vous les prochaines cr\u00e9ations de cette s\u00e9rie, n&rsquo;h\u00e9sitez pas \u00e0 nous contacter pour r\u00e9server votre panneau.<\/p>","protected":false},"featured_media":4954,"template":"","meta":{"_gspb_post_css":"","site-sidebar-layout":"default","site-content-layout":"default","ast-site-content-layout":"default","site-content-style":"default","site-sidebar-style":"default","ast-global-header-display":"","ast-banner-title-visibility":"","ast-main-header-display":"","ast-hfb-above-header-display":"","ast-hfb-below-header-display":"","ast-hfb-mobile-header-display":"","site-post-title":"","ast-breadcrumbs-content":"","ast-featured-img":"","footer-sml-layout":"","ast-disable-related-posts":"","theme-transparent-header-meta":"default","adv-header-id-meta":"","stick-header-meta":"","header-above-stick-meta":"","header-main-stick-meta":"","header-below-stick-meta":"","astra-migrate-meta-layouts":"set","ast-page-background-enabled":"default","ast-page-background-meta":{"desktop":{"background-color":"","background-image":"","background-repeat":"repeat","background-position":"center center","background-size":"auto","background-attachment":"scroll","background-type":"","background-media":"","overlay-type":"","overlay-color":"","overlay-opacity":"","overlay-gradient":""},"tablet":{"background-color":"","background-image":"","background-repeat":"repeat","background-position":"center center","background-size":"auto","background-attachment":"scroll","background-type":"","background-media":"","overlay-type":"","overlay-color":"","overlay-opacity":"","overlay-gradient":""},"mobile":{"background-color":"","background-image":"","background-repeat":"repeat","background-position":"center center","background-size":"auto","background-attachment":"scroll","background-type":"","background-media":"","overlay-type":"","overlay-color":"","overlay-opacity":"","overlay-gradient":""}},"ast-content-background-meta":{"desktop":{"background-color":"var(--ast-global-color-5)","background-image":"","background-repeat":"repeat","background-position":"center center","background-size":"auto","background-attachment":"scroll","background-type":"","background-media":"","overlay-type":"","overlay-color":"","overlay-opacity":"","overlay-gradient":""},"tablet":{"background-color":"var(--ast-global-color-5)","background-image":"","background-repeat":"repeat","background-position":"center center","background-size":"auto","background-attachment":"scroll","background-type":"","background-media":"","overlay-type":"","overlay-color":"","overlay-opacity":"","overlay-gradient":""},"mobile":{"background-color":"var(--ast-global-color-5)","background-image":"","background-repeat":"repeat","background-position":"center center","background-size":"auto","background-attachment":"scroll","background-type":"","background-media":"","overlay-type":"","overlay-color":"","overlay-opacity":"","overlay-gradient":""}}},"product_brand":[],"product_cat":[58,26],"product_tag":[],"class_list":{"0":"post-4955","1":"product","2":"type-product","3":"status-publish","4":"has-post-thumbnail","6":"product_cat-autres","7":"product_cat-objets","8":"product_shipping_class-art","9":"desktop-align-left","10":"tablet-align-left","11":"mobile-align-left","13":"first","14":"outofstock","15":"taxable","16":"shipping-taxable","17":"purchasable","18":"product-type-simple"},"_links":{"self":[{"href":"https:\/\/www.marcelchampion.com\/en\/wp-json\/wp\/v2\/product\/4955","targetHints":{"allow":["GET"]}}],"collection":[{"href":"https:\/\/www.marcelchampion.com\/en\/wp-json\/wp\/v2\/product"}],"about":[{"href":"https:\/\/www.marcelchampion.com\/en\/wp-json\/wp\/v2\/types\/product"}],"wp:featuredmedia":[{"embeddable":true,"href":"https:\/\/www.marcelchampion.com\/en\/wp-json\/wp\/v2\/media\/4954"}],"wp:attachment":[{"href":"https:\/\/www.marcelchampion.com\/en\/wp-json\/wp\/v2\/media?parent=4955"}],"wp:term":[{"taxonomy":"product_brand","embeddable":true,"href":"https:\/\/www.marcelchampion.com\/en\/wp-json\/wp\/v2\/product_brand?post=4955"},{"taxonomy":"product_cat","embeddable":true,"href":"https:\/\/www.marcelchampion.com\/en\/wp-json\/wp\/v2\/product_cat?post=4955"},{"taxonomy":"product_tag","embeddable":true,"href":"https:\/\/www.marcelchampion.com\/en\/wp-json\/wp\/v2\/product_tag?post=4955"}],"curies":[{"name":"wp","href":"https:\/\/api.w.org\/{rel}","templated":true}]}}