{"id":4888,"date":"2025-11-29T10:13:05","date_gmt":"2025-11-29T09:13:05","guid":{"rendered":"https:\/\/www.marcelchampion.com\/?post_type=product&#038;p=4888"},"modified":"2025-11-30T09:39:07","modified_gmt":"2025-11-30T08:39:07","slug":"soufre-darcie-dolce","status":"publish","type":"product","link":"https:\/\/www.marcelchampion.com\/en\/product\/soufre-darcie-dolce\/","title":{"rendered":"Soufre Darcie Dolce"},"content":{"rendered":"<p>Soufre est la premi\u00e8re toile de la s\u00e9rie que Marcel Champion consacre au tableau p\u00e9riodique des \u00e9l\u00e9ments.<br \/>\nL&rsquo;id\u00e9e est simple, associer un \u00e9l\u00e9ment \u00e0 un mod\u00e8le avec qui Marcel travaille ou a travaill\u00e9.<br \/>\nPour cette premi\u00e8re r\u00e9alisation Marcel a port\u00e9 son choix sur Darcie Dolce, mod\u00e8le avec qui il a travaill\u00e9 sur la s\u00e9rie Circ\u00e9 Love. Darcie est un des personnages principaux de Wicked Wicked West. Sa r\u00e9putation sulfurique a men\u00e9 Marcel vers le choix \u00e9vident de l&rsquo;\u00e9l\u00e9ment soufre.<br \/>\nLe jaune fluo qui occupe le fond de la toile rappelle la couleur du soufre.<br \/>\nCette toile de belle taille est parfaite pour embellir un appartement moderne et spacieux. Un petit clic et elle est \u00e0 vous.<\/p>","protected":false},"excerpt":{"rendered":"<p>Voici la premi\u00e8re des 118 peintures pr\u00e9vues par Marcel Champion pour cette s\u00e9rie.<br \/>\nUne peinture par \u00e9l\u00e9ment du tableau p\u00e9riodique. Chaque peinture est un portrait. Ici, celui de la ravissante Darcie Dolce.<br \/>\nLes mod\u00e8les, les couleurs, le support sont choisis en fonction de l&rsquo;\u00e9l\u00e9ment retenu, pour cette premi\u00e8re toile, le soufre.<br \/>\nOn reconnait tr\u00e8s bien la patte Marcel Champion avec une approche tr\u00e8s BD dans le traitement du sujet.<br \/>\nComme toutes les toiles de <strong>Marcel Champion<\/strong>, celle-ci est unique et livr\u00e9e avec un certificat d&rsquo;authenticit\u00e9.<\/p>","protected":false},"featured_media":4887,"template":"","meta":{"_gspb_post_css":"","site-sidebar-layout":"default","site-content-layout":"default","ast-site-content-layout":"default","site-content-style":"default","site-sidebar-style":"default","ast-global-header-display":"","ast-banner-title-visibility":"","ast-main-header-display":"","ast-hfb-above-header-display":"","ast-hfb-below-header-display":"","ast-hfb-mobile-header-display":"","site-post-title":"","ast-breadcrumbs-content":"","ast-featured-img":"","footer-sml-layout":"","ast-disable-related-posts":"","theme-transparent-header-meta":"default","adv-header-id-meta":"","stick-header-meta":"","header-above-stick-meta":"","header-main-stick-meta":"","header-below-stick-meta":"","astra-migrate-meta-layouts":"set","ast-page-background-enabled":"default","ast-page-background-meta":{"desktop":{"background-color":"","background-image":"","background-repeat":"repeat","background-position":"center center","background-size":"auto","background-attachment":"scroll","background-type":"","background-media":"","overlay-type":"","overlay-color":"","overlay-opacity":"","overlay-gradient":""},"tablet":{"background-color":"","background-image":"","background-repeat":"repeat","background-position":"center center","background-size":"auto","background-attachment":"scroll","background-type":"","background-media":"","overlay-type":"","overlay-color":"","overlay-opacity":"","overlay-gradient":""},"mobile":{"background-color":"","background-image":"","background-repeat":"repeat","background-position":"center center","background-size":"auto","background-attachment":"scroll","background-type":"","background-media":"","overlay-type":"","overlay-color":"","overlay-opacity":"","overlay-gradient":""}},"ast-content-background-meta":{"desktop":{"background-color":"var(--ast-global-color-5)","background-image":"","background-repeat":"repeat","background-position":"center center","background-size":"auto","background-attachment":"scroll","background-type":"","background-media":"","overlay-type":"","overlay-color":"","overlay-opacity":"","overlay-gradient":""},"tablet":{"background-color":"var(--ast-global-color-5)","background-image":"","background-repeat":"repeat","background-position":"center center","background-size":"auto","background-attachment":"scroll","background-type":"","background-media":"","overlay-type":"","overlay-color":"","overlay-opacity":"","overlay-gradient":""},"mobile":{"background-color":"var(--ast-global-color-5)","background-image":"","background-repeat":"repeat","background-position":"center center","background-size":"auto","background-attachment":"scroll","background-type":"","background-media":"","overlay-type":"","overlay-color":"","overlay-opacity":"","overlay-gradient":""}}},"product_brand":[],"product_cat":[23],"product_tag":[],"class_list":{"0":"post-4888","1":"product","2":"type-product","3":"status-publish","4":"has-post-thumbnail","6":"product_cat-peintures","7":"product_shipping_class-art","8":"desktop-align-left","9":"tablet-align-left","10":"mobile-align-left","12":"first","13":"instock","14":"taxable","15":"shipping-taxable","16":"purchasable","17":"product-type-simple"},"_links":{"self":[{"href":"https:\/\/www.marcelchampion.com\/en\/wp-json\/wp\/v2\/product\/4888","targetHints":{"allow":["GET"]}}],"collection":[{"href":"https:\/\/www.marcelchampion.com\/en\/wp-json\/wp\/v2\/product"}],"about":[{"href":"https:\/\/www.marcelchampion.com\/en\/wp-json\/wp\/v2\/types\/product"}],"wp:featuredmedia":[{"embeddable":true,"href":"https:\/\/www.marcelchampion.com\/en\/wp-json\/wp\/v2\/media\/4887"}],"wp:attachment":[{"href":"https:\/\/www.marcelchampion.com\/en\/wp-json\/wp\/v2\/media?parent=4888"}],"wp:term":[{"taxonomy":"product_brand","embeddable":true,"href":"https:\/\/www.marcelchampion.com\/en\/wp-json\/wp\/v2\/product_brand?post=4888"},{"taxonomy":"product_cat","embeddable":true,"href":"https:\/\/www.marcelchampion.com\/en\/wp-json\/wp\/v2\/product_cat?post=4888"},{"taxonomy":"product_tag","embeddable":true,"href":"https:\/\/www.marcelchampion.com\/en\/wp-json\/wp\/v2\/product_tag?post=4888"}],"curies":[{"name":"wp","href":"https:\/\/api.w.org\/{rel}","templated":true}]}}