{"id":4825,"date":"2025-05-21T18:05:26","date_gmt":"2025-05-21T16:05:26","guid":{"rendered":"https:\/\/www.marcelchampion.com\/?post_type=product&#038;p=4825"},"modified":"2025-05-21T18:45:01","modified_gmt":"2025-05-21T16:45:01","slug":"push-start","status":"publish","type":"product","link":"https:\/\/www.marcelchampion.com\/en\/product\/push-start\/","title":{"rendered":"Push Start"},"content":{"rendered":"<p>Vous cherchez une lampe d&rsquo;ambiance design. La collection des bidons\/lampes sign\u00e9e Marcel Champion est l\u00e0 pour r\u00e9pondre \u00e0 vos attentes. \u00ab\u00a0Push Start\u00a0\u00bb met en sc\u00e8ne P\u00e9taroo, le personnage de la BD du m\u00eame nom sign\u00e9 Marcel Champion aux \u00e9ditions des canards volants. P\u00e9taroo est un ado qui adore les jeux vid\u00e9o. On retrouve son personnage (peint \u00e0 la main) en train de jouer \u00e0 la console. Les plus experts auront reconnu une NES. On devine qu&rsquo;il joue \u00e0 Mario car il porte une casquette aux couleurs du plombier de Nintendo. Le personnage et les \u00e9l\u00e9ments principaux se d\u00e9gagent sur fond violet profond gr\u00e2ce \u00e0 un fin liser\u00e9 blanc.<br \/>\nL&rsquo;aspect ext\u00e9rieur du bidon a \u00e9t\u00e9 travaill\u00e9 de fa\u00e7on a ce que lorsqu\u2019il est \u00e9teint il devienne une \u0153uvre d&rsquo;art \u00e0 part enti\u00e8re. Comme tous les bidons de la s\u00e9rie \u00ab\u00a0Push Start\u00a0\u00bb est\u00a0 sur roulette pour pouvoir le d\u00e9placer facilement. Un globe lumineux de 2400 lumens est positionn\u00e9 en son c\u0153ur. Un couvercle amovible permet de changer l&rsquo;ampoule facilement lorsque c&rsquo;est n\u00e9cessaire.<\/p>\n<p>Une fois la lumi\u00e8re allum\u00e9e, la magie op\u00e8re. Les milliers de trous, perc\u00e9s un \u00e0 un, d\u00e9voilent une sc\u00e8ne de Space Invaders, o\u00f9 les extra-terrestres viennent envahir la Terre mais vous, \u00e0 bord de votre vaisseau, les d\u00e9truisez tous.<br \/>\nde l&rsquo;autre cot\u00e9 du bidon, le message \u00ab\u00a0Push Start\u00a0\u00bb apparait en lettres lumineuses.<br \/>\nCe nouveau bidon-lampe sign\u00e9 Marcel Champion est parfait pour les fans de jeux vid\u00e9o et de design, une pi\u00e8ce unique parfaite pour votre d\u00e9coration int\u00e9rieure. Plus que quelques clics et il est \u00e0 vous.<\/p>","protected":false},"excerpt":{"rendered":"<p>Les plus belles cr\u00e9ations sont le plus souvent le fruit de rencontres inattendues. Rusty World en est un tr\u00e8s bon exemple.<br \/>\nMarcel venait d&rsquo;acheter une perceuse pour des petits travaux dans son atelier. Une fois ces travaux termin\u00e9s, le perceuse est rest\u00e9e endormie dans sa boite. Puis un jour un de ses amis est arriv\u00e9 avec un bidon en acier qu&rsquo;il voulait transformer en mange debout. Plein d&rsquo;autres artistes ont d\u00e9j\u00e0 fait ce genre d&rsquo;objet. Vous connaissez Marcel, faire ce que les autres ont d\u00e9j\u00e0 fait, ce n&rsquo;est pas ce qu&rsquo;il pr\u00e9f\u00e8re. C&rsquo;est l\u00e0 que la magie a op\u00e9r\u00e9. Ne me demandez pas comment, je n&rsquo;en sais rien et sans doute que Marcel non plus. Il a pris la perceuse et s&rsquo;est mis \u00e0 faire des trous dans le bidon. Plein de trous. Il est all\u00e9 chercher une lampe torche, a ouvert le bidon,\u00a0 la pos\u00e9e dedans et \u00e0 referm\u00e9 le bidon. L&rsquo;id\u00e9e des bidons\/lampes \u00e9taient n\u00e9e. Vous avez sous les yeux \u00ab\u00a0Push Start\u00a0\u00bb. Un bidon-lampe d\u00e9di\u00e9 \u00e0 l&rsquo;univers du jeu vid\u00e9o. Une pi\u00e8ce unique, peinte \u00e0 la main, perc\u00e9e \u00e0 la main, faite avec amour par un amoureux des jeux vid\u00e9o vintage. Si vous \u00eates vous aussi un grand amateur de jeux vid\u00e9o et d&rsquo;art, cette nouvelle pi\u00e8ce de Marcel Champion est faite pour vous.<br \/>\nN&rsquo;h\u00e9sitez pas \u00e0 nous contacter pour plus d&rsquo;information et sur la disponibilit\u00e9 des bidons.<\/p>","protected":false},"featured_media":4835,"template":"","meta":{"_gspb_post_css":"","site-sidebar-layout":"default","site-content-layout":"default","ast-site-content-layout":"default","site-content-style":"default","site-sidebar-style":"default","ast-global-header-display":"","ast-banner-title-visibility":"","ast-main-header-display":"","ast-hfb-above-header-display":"","ast-hfb-below-header-display":"","ast-hfb-mobile-header-display":"","site-post-title":"","ast-breadcrumbs-content":"","ast-featured-img":"","footer-sml-layout":"","ast-disable-related-posts":"","theme-transparent-header-meta":"default","adv-header-id-meta":"","stick-header-meta":"","header-above-stick-meta":"","header-main-stick-meta":"","header-below-stick-meta":"","astra-migrate-meta-layouts":"set","ast-page-background-enabled":"default","ast-page-background-meta":{"desktop":{"background-color":"","background-image":"","background-repeat":"repeat","background-position":"center center","background-size":"auto","background-attachment":"scroll","background-type":"","background-media":"","overlay-type":"","overlay-color":"","overlay-opacity":"","overlay-gradient":""},"tablet":{"background-color":"","background-image":"","background-repeat":"repeat","background-position":"center center","background-size":"auto","background-attachment":"scroll","background-type":"","background-media":"","overlay-type":"","overlay-color":"","overlay-opacity":"","overlay-gradient":""},"mobile":{"background-color":"","background-image":"","background-repeat":"repeat","background-position":"center center","background-size":"auto","background-attachment":"scroll","background-type":"","background-media":"","overlay-type":"","overlay-color":"","overlay-opacity":"","overlay-gradient":""}},"ast-content-background-meta":{"desktop":{"background-color":"var(--ast-global-color-5)","background-image":"","background-repeat":"repeat","background-position":"center center","background-size":"auto","background-attachment":"scroll","background-type":"","background-media":"","overlay-type":"","overlay-color":"","overlay-opacity":"","overlay-gradient":""},"tablet":{"background-color":"var(--ast-global-color-5)","background-image":"","background-repeat":"repeat","background-position":"center center","background-size":"auto","background-attachment":"scroll","background-type":"","background-media":"","overlay-type":"","overlay-color":"","overlay-opacity":"","overlay-gradient":""},"mobile":{"background-color":"var(--ast-global-color-5)","background-image":"","background-repeat":"repeat","background-position":"center center","background-size":"auto","background-attachment":"scroll","background-type":"","background-media":"","overlay-type":"","overlay-color":"","overlay-opacity":"","overlay-gradient":""}}},"product_brand":[],"product_cat":[58,26],"product_tag":[],"class_list":{"0":"post-4825","1":"product","2":"type-product","3":"status-publish","4":"has-post-thumbnail","6":"product_cat-autres","7":"product_cat-objets","8":"desktop-align-left","9":"tablet-align-left","10":"mobile-align-left","12":"first","13":"outofstock","14":"taxable","15":"shipping-taxable","16":"purchasable","17":"product-type-simple"},"_links":{"self":[{"href":"https:\/\/www.marcelchampion.com\/en\/wp-json\/wp\/v2\/product\/4825","targetHints":{"allow":["GET"]}}],"collection":[{"href":"https:\/\/www.marcelchampion.com\/en\/wp-json\/wp\/v2\/product"}],"about":[{"href":"https:\/\/www.marcelchampion.com\/en\/wp-json\/wp\/v2\/types\/product"}],"wp:featuredmedia":[{"embeddable":true,"href":"https:\/\/www.marcelchampion.com\/en\/wp-json\/wp\/v2\/media\/4835"}],"wp:attachment":[{"href":"https:\/\/www.marcelchampion.com\/en\/wp-json\/wp\/v2\/media?parent=4825"}],"wp:term":[{"taxonomy":"product_brand","embeddable":true,"href":"https:\/\/www.marcelchampion.com\/en\/wp-json\/wp\/v2\/product_brand?post=4825"},{"taxonomy":"product_cat","embeddable":true,"href":"https:\/\/www.marcelchampion.com\/en\/wp-json\/wp\/v2\/product_cat?post=4825"},{"taxonomy":"product_tag","embeddable":true,"href":"https:\/\/www.marcelchampion.com\/en\/wp-json\/wp\/v2\/product_tag?post=4825"}],"curies":[{"name":"wp","href":"https:\/\/api.w.org\/{rel}","templated":true}]}}