{"id":4790,"date":"2025-04-10T14:45:11","date_gmt":"2025-04-10T12:45:11","guid":{"rendered":"https:\/\/www.marcelchampion.com\/?post_type=product&#038;p=4790"},"modified":"2025-04-20T11:40:00","modified_gmt":"2025-04-20T09:40:00","slug":"valise-mario-et-luigi","status":"publish","type":"product","link":"https:\/\/www.marcelchampion.com\/en\/product\/valise-mario-et-luigi\/","title":{"rendered":"Valise Mario et Luigi"},"content":{"rendered":"<p>Partir en voyage, c&rsquo;est bien, mais partir en voyage avec style, c&rsquo;est mieux !!<br \/>\nC&rsquo;est exactement ce que propose Marcel Champion avec sa s\u00e9rie de Valises personnalis\u00e9es.<br \/>\nImaginez, vous descendez de l&rsquo;avion, vous allez chercher votre valise et l\u00e0 mauvaise surprise quelqu&rsquo;un l&rsquo;a prise en la confondant avec la sienne. Vous allez passer plusieurs jours \u00e0 essayer de la r\u00e9cup\u00e9rer au lieu de profiter de vos vacances bien m\u00e9rit\u00e9es. Avec la s\u00e9rie de valises customis\u00e9es, sign\u00e9 Marcel Champion, ce probl\u00e8me est r\u00e9gl\u00e9. Chaque valise est unique, r\u00e9alis\u00e9e \u00e0 la bombe en alliant les techniques du graff et du pochoir.<br \/>\nMarcel Champion propose sur ces valises un graphisme plus graffiti que street art pour la raison suivante. Ces valises vont \u00eatre amen\u00e9es \u00e0 voyager, elles vont \u00eatre manipul\u00e9es avec plus ou moins de soin dans les a\u00e9roports ou les gares, des rayures vont se faire, c&rsquo;est in\u00e9vitable, mais avec un style graffiti, moins \u00ab\u00a0fini\u00a0\u00bb ce n&rsquo;est pas grave et \u00e7a ne se verra pas, car la technique est plus brute avec des imperfections. Ces imperfections qui ne passeraient pas sur une toile, sont ici un \u00e9norme atout.<br \/>\nPour cette premi\u00e8re r\u00e9alisation Marcel Champion nous propose une th\u00e9matique Mario et Luigi, les deux fr\u00e8res ins\u00e9parables de Nintendo. Les codes couleurs sont respect\u00e9s et l&rsquo;univers \u00e9galement.<\/p>\n<p>La valise est une taille L de dimensions 70 x 48 x 30,5.<br \/>\nElle comporte quatre roulettes multidirectionnelles \u00e0 360\u00b0, une serrure \u00e0 combinaison, un trolley en acier et des poign\u00e9es agr\u00e9ables au touch\u00e9. L&rsquo;int\u00e9rieur est compos\u00e9 de deux compartiments s\u00e9par\u00e9s.<\/p>\n<p>Partez \u00e0 la d\u00e9couverte du monde avec style, gr\u00e2ce \u00e0 cette valise Mario et Luigi, sign\u00e9 Marcel Champion.<\/p>","protected":false},"excerpt":{"rendered":"<p>Vous aimez voyager, vous aimez les oeuvres d&rsquo;art uniques, les valises graff\u00e9es par Marcel Champion sont pour vous. Ces valises sont l&rsquo;accessoire ultime pour se d\u00e9marquer du reste des voyageurs avec classe.<br \/>\nChaque pi\u00e8ce est unique.<br \/>\nAvec ce mod\u00e8le Marcel Champion vous propose de partir \u00e0 l&rsquo;aventure aux quatre coins du monde (oui le monde est un parall\u00e9l\u00e9pip\u00e8de, c&rsquo;est comme \u00e7a) avec Mario et Luigi.<\/p>\n<p>Qui a dit qu&rsquo;un objet usuel ne pouvait pas se transformer en oeuvre d&rsquo;art ? Pas Marcel Champion.<br \/>\n\u00c0 vous d&rsquo;en profiter.<\/p>","protected":false},"featured_media":4779,"template":"","meta":{"_gspb_post_css":"","site-sidebar-layout":"default","site-content-layout":"","ast-site-content-layout":"default","site-content-style":"default","site-sidebar-style":"default","ast-global-header-display":"","ast-banner-title-visibility":"","ast-main-header-display":"","ast-hfb-above-header-display":"","ast-hfb-below-header-display":"","ast-hfb-mobile-header-display":"","site-post-title":"","ast-breadcrumbs-content":"","ast-featured-img":"","footer-sml-layout":"","ast-disable-related-posts":"","theme-transparent-header-meta":"default","adv-header-id-meta":"","stick-header-meta":"","header-above-stick-meta":"","header-main-stick-meta":"","header-below-stick-meta":"","astra-migrate-meta-layouts":"set","ast-page-background-enabled":"default","ast-page-background-meta":{"desktop":{"background-color":"","background-image":"","background-repeat":"repeat","background-position":"center center","background-size":"auto","background-attachment":"scroll","background-type":"","background-media":"","overlay-type":"","overlay-color":"","overlay-opacity":"","overlay-gradient":""},"tablet":{"background-color":"","background-image":"","background-repeat":"repeat","background-position":"center center","background-size":"auto","background-attachment":"scroll","background-type":"","background-media":"","overlay-type":"","overlay-color":"","overlay-opacity":"","overlay-gradient":""},"mobile":{"background-color":"","background-image":"","background-repeat":"repeat","background-position":"center center","background-size":"auto","background-attachment":"scroll","background-type":"","background-media":"","overlay-type":"","overlay-color":"","overlay-opacity":"","overlay-gradient":""}},"ast-content-background-meta":{"desktop":{"background-color":"var(--ast-global-color-5)","background-image":"","background-repeat":"repeat","background-position":"center center","background-size":"auto","background-attachment":"scroll","background-type":"","background-media":"","overlay-type":"","overlay-color":"","overlay-opacity":"","overlay-gradient":""},"tablet":{"background-color":"var(--ast-global-color-5)","background-image":"","background-repeat":"repeat","background-position":"center center","background-size":"auto","background-attachment":"scroll","background-type":"","background-media":"","overlay-type":"","overlay-color":"","overlay-opacity":"","overlay-gradient":""},"mobile":{"background-color":"var(--ast-global-color-5)","background-image":"","background-repeat":"repeat","background-position":"center center","background-size":"auto","background-attachment":"scroll","background-type":"","background-media":"","overlay-type":"","overlay-color":"","overlay-opacity":"","overlay-gradient":""}}},"product_brand":[],"product_cat":[58],"product_tag":[],"class_list":{"0":"post-4790","1":"product","2":"type-product","3":"status-publish","4":"has-post-thumbnail","6":"product_cat-autres","7":"product_shipping_class-art","8":"desktop-align-left","9":"tablet-align-left","10":"mobile-align-left","12":"first","13":"outofstock","14":"sold-individually","15":"taxable","16":"shipping-taxable","17":"purchasable","18":"product-type-simple"},"_links":{"self":[{"href":"https:\/\/www.marcelchampion.com\/en\/wp-json\/wp\/v2\/product\/4790","targetHints":{"allow":["GET"]}}],"collection":[{"href":"https:\/\/www.marcelchampion.com\/en\/wp-json\/wp\/v2\/product"}],"about":[{"href":"https:\/\/www.marcelchampion.com\/en\/wp-json\/wp\/v2\/types\/product"}],"wp:featuredmedia":[{"embeddable":true,"href":"https:\/\/www.marcelchampion.com\/en\/wp-json\/wp\/v2\/media\/4779"}],"wp:attachment":[{"href":"https:\/\/www.marcelchampion.com\/en\/wp-json\/wp\/v2\/media?parent=4790"}],"wp:term":[{"taxonomy":"product_brand","embeddable":true,"href":"https:\/\/www.marcelchampion.com\/en\/wp-json\/wp\/v2\/product_brand?post=4790"},{"taxonomy":"product_cat","embeddable":true,"href":"https:\/\/www.marcelchampion.com\/en\/wp-json\/wp\/v2\/product_cat?post=4790"},{"taxonomy":"product_tag","embeddable":true,"href":"https:\/\/www.marcelchampion.com\/en\/wp-json\/wp\/v2\/product_tag?post=4790"}],"curies":[{"name":"wp","href":"https:\/\/api.w.org\/{rel}","templated":true}]}}