{"id":4350,"date":"2023-05-30T09:55:44","date_gmt":"2023-05-30T07:55:44","guid":{"rendered":"http:\/\/marcelchampion.com\/?post_type=product&#038;p=4350"},"modified":"2024-10-19T15:17:34","modified_gmt":"2024-10-19T13:17:34","slug":"mangaka","status":"publish","type":"product","link":"https:\/\/www.marcelchampion.com\/en\/product\/mangaka\/","title":{"rendered":"Mangaka"},"content":{"rendered":"<p><em><strong>Mangaka<\/strong><\/em> est la premi\u00e8re toile de <em><strong>Marcel Champion<\/strong><\/em> consacr\u00e9e \u00e0 sa s\u00e9rie BD <a href=\"https:\/\/www.canards-volants.fr\/blog\/petaroo\/\">P\u00e9taroo<\/a>. <em><strong>P\u00e9taroo<\/strong><\/em> est le grand fr\u00e8re de <a href=\"https:\/\/www.canards-volants.fr\/therebentine\/\">Th\u00e9r\u00e9bentine<\/a>. c&rsquo;est un ado qui n&rsquo;a qu&rsquo;un r\u00eave dans la vie, devenir mangaka. Le voici \u00e0 l\u2019\u0153uvre. Cette toile ravira les ados qui veulent comme <strong><em>P\u00e9taroo<\/em><\/strong> devenir auteurs de manga.<\/p>","protected":false},"excerpt":{"rendered":"<p>On retrouve ici le style tr\u00e8s BD de <strong>Marcel Champion<\/strong>. Une vue tr\u00e8s travaill\u00e9e en plong\u00e9e qui permet de d\u00e9couvrir <a href=\"https:\/\/www.canards-volants.fr\/blog\/petaroo\/\">P\u00e9taroo<\/a> en train de travailler \u00e0 son bureau, mais on le voit de l&rsquo;ext\u00e9rieur de la maison. Le contraste entre l&rsquo;ext\u00e9rieur, tr\u00e8s sombre et l&rsquo;int\u00e9rieur hyper color\u00e9 donne tout de suite \u00e0 celui qui regarde la toile l&rsquo;impression que cette sc\u00e8ne se d\u00e9roule de nuit. Les dessinateurs se reconnaitront dans cette toile car, eux aussi sont pass\u00e9s par l\u00e0. Travailler quand le reste du monde dort.<br \/>\nComme toutes les toiles de <strong>Marcel Champion<\/strong>, celle-ci est unique et livr\u00e9e avec un certificat d&rsquo;authenticit\u00e9.<\/p>","protected":false},"featured_media":4347,"template":"","meta":{"_gspb_post_css":"","site-sidebar-layout":"default","site-content-layout":"default","ast-site-content-layout":"default","site-content-style":"default","site-sidebar-style":"default","ast-global-header-display":"","ast-banner-title-visibility":"","ast-main-header-display":"","ast-hfb-above-header-display":"","ast-hfb-below-header-display":"","ast-hfb-mobile-header-display":"","site-post-title":"","ast-breadcrumbs-content":"","ast-featured-img":"","footer-sml-layout":"","ast-disable-related-posts":"","theme-transparent-header-meta":"default","adv-header-id-meta":"","stick-header-meta":"","header-above-stick-meta":"","header-main-stick-meta":"","header-below-stick-meta":"","astra-migrate-meta-layouts":"default","ast-page-background-enabled":"default","ast-page-background-meta":{"desktop":{"background-color":"","background-image":"","background-repeat":"repeat","background-position":"center center","background-size":"auto","background-attachment":"scroll","background-type":"","background-media":"","overlay-type":"","overlay-color":"","overlay-opacity":"","overlay-gradient":""},"tablet":{"background-color":"","background-image":"","background-repeat":"repeat","background-position":"center center","background-size":"auto","background-attachment":"scroll","background-type":"","background-media":"","overlay-type":"","overlay-color":"","overlay-opacity":"","overlay-gradient":""},"mobile":{"background-color":"","background-image":"","background-repeat":"repeat","background-position":"center center","background-size":"auto","background-attachment":"scroll","background-type":"","background-media":"","overlay-type":"","overlay-color":"","overlay-opacity":"","overlay-gradient":""}},"ast-content-background-meta":{"desktop":{"background-color":"var(--ast-global-color-5)","background-image":"","background-repeat":"repeat","background-position":"center center","background-size":"auto","background-attachment":"scroll","background-type":"","background-media":"","overlay-type":"","overlay-color":"","overlay-opacity":"","overlay-gradient":""},"tablet":{"background-color":"var(--ast-global-color-5)","background-image":"","background-repeat":"repeat","background-position":"center center","background-size":"auto","background-attachment":"scroll","background-type":"","background-media":"","overlay-type":"","overlay-color":"","overlay-opacity":"","overlay-gradient":""},"mobile":{"background-color":"var(--ast-global-color-5)","background-image":"","background-repeat":"repeat","background-position":"center center","background-size":"auto","background-attachment":"scroll","background-type":"","background-media":"","overlay-type":"","overlay-color":"","overlay-opacity":"","overlay-gradient":""}}},"product_brand":[],"product_cat":[23],"product_tag":[],"class_list":{"0":"post-4350","1":"product","2":"type-product","3":"status-publish","4":"has-post-thumbnail","6":"product_cat-peintures","7":"product_shipping_class-art","8":"desktop-align-left","9":"tablet-align-left","10":"mobile-align-left","12":"first","13":"outofstock","14":"taxable","15":"shipping-taxable","16":"purchasable","17":"product-type-simple"},"_links":{"self":[{"href":"https:\/\/www.marcelchampion.com\/en\/wp-json\/wp\/v2\/product\/4350","targetHints":{"allow":["GET"]}}],"collection":[{"href":"https:\/\/www.marcelchampion.com\/en\/wp-json\/wp\/v2\/product"}],"about":[{"href":"https:\/\/www.marcelchampion.com\/en\/wp-json\/wp\/v2\/types\/product"}],"wp:featuredmedia":[{"embeddable":true,"href":"https:\/\/www.marcelchampion.com\/en\/wp-json\/wp\/v2\/media\/4347"}],"wp:attachment":[{"href":"https:\/\/www.marcelchampion.com\/en\/wp-json\/wp\/v2\/media?parent=4350"}],"wp:term":[{"taxonomy":"product_brand","embeddable":true,"href":"https:\/\/www.marcelchampion.com\/en\/wp-json\/wp\/v2\/product_brand?post=4350"},{"taxonomy":"product_cat","embeddable":true,"href":"https:\/\/www.marcelchampion.com\/en\/wp-json\/wp\/v2\/product_cat?post=4350"},{"taxonomy":"product_tag","embeddable":true,"href":"https:\/\/www.marcelchampion.com\/en\/wp-json\/wp\/v2\/product_tag?post=4350"}],"curies":[{"name":"wp","href":"https:\/\/api.w.org\/{rel}","templated":true}]}}