{"id":4105,"date":"2022-09-25T11:16:18","date_gmt":"2022-09-25T09:16:18","guid":{"rendered":"http:\/\/marcelchampion.com\/?post_type=product&#038;p=4105"},"modified":"2024-10-19T15:17:34","modified_gmt":"2024-10-19T13:17:34","slug":"dessin-org-255","status":"publish","type":"product","link":"https:\/\/www.marcelchampion.com\/en\/product\/dessin-org-255\/","title":{"rendered":"Dessin ORG 255"},"content":{"rendered":"<p>Ce dessin comme tous les dessins pr\u00e9sents dans cette rubrique est un original. Ce n\u2019est pas une impression ou un tirage limit\u00e9. Il n\u2019y en a qu\u2019un et vous l\u2019avez sous les yeux.<\/p>","protected":false},"excerpt":{"rendered":"<p>Dessin original \u00e0 l\u2019encre de chine sur papier \u00e0 dessin 160g\/m2.<br \/>\nCe dessin est une \u00e9tude faite pour la s\u00e9rie <a href=\"https:\/\/www.canards-volants.fr\/therebentine\/\">Th\u00e9r\u00e9bentine<\/a>. On y voit Th\u00e9r\u00e9bentine et sa maman prendre leur petit-d\u00e9jeuner.<br \/>\nSigned on the back and numbered on the back.<\/p>","protected":false},"featured_media":4104,"template":"","meta":{"_gspb_post_css":"","site-sidebar-layout":"default","site-content-layout":"default","ast-site-content-layout":"default","site-content-style":"default","site-sidebar-style":"default","ast-global-header-display":"","ast-banner-title-visibility":"","ast-main-header-display":"","ast-hfb-above-header-display":"","ast-hfb-below-header-display":"","ast-hfb-mobile-header-display":"","site-post-title":"","ast-breadcrumbs-content":"","ast-featured-img":"","footer-sml-layout":"","ast-disable-related-posts":"","theme-transparent-header-meta":"default","adv-header-id-meta":"","stick-header-meta":"","header-above-stick-meta":"","header-main-stick-meta":"","header-below-stick-meta":"","astra-migrate-meta-layouts":"default","ast-page-background-enabled":"default","ast-page-background-meta":{"desktop":{"background-color":"","background-image":"","background-repeat":"repeat","background-position":"center center","background-size":"auto","background-attachment":"scroll","background-type":"","background-media":"","overlay-type":"","overlay-color":"","overlay-opacity":"","overlay-gradient":""},"tablet":{"background-color":"","background-image":"","background-repeat":"repeat","background-position":"center center","background-size":"auto","background-attachment":"scroll","background-type":"","background-media":"","overlay-type":"","overlay-color":"","overlay-opacity":"","overlay-gradient":""},"mobile":{"background-color":"","background-image":"","background-repeat":"repeat","background-position":"center center","background-size":"auto","background-attachment":"scroll","background-type":"","background-media":"","overlay-type":"","overlay-color":"","overlay-opacity":"","overlay-gradient":""}},"ast-content-background-meta":{"desktop":{"background-color":"var(--ast-global-color-5)","background-image":"","background-repeat":"repeat","background-position":"center center","background-size":"auto","background-attachment":"scroll","background-type":"","background-media":"","overlay-type":"","overlay-color":"","overlay-opacity":"","overlay-gradient":""},"tablet":{"background-color":"var(--ast-global-color-5)","background-image":"","background-repeat":"repeat","background-position":"center center","background-size":"auto","background-attachment":"scroll","background-type":"","background-media":"","overlay-type":"","overlay-color":"","overlay-opacity":"","overlay-gradient":""},"mobile":{"background-color":"var(--ast-global-color-5)","background-image":"","background-repeat":"repeat","background-position":"center center","background-size":"auto","background-attachment":"scroll","background-type":"","background-media":"","overlay-type":"","overlay-color":"","overlay-opacity":"","overlay-gradient":""}}},"product_brand":[],"product_cat":[25],"product_tag":[],"class_list":{"0":"post-4105","1":"product","2":"type-product","3":"status-publish","4":"has-post-thumbnail","6":"product_cat-dessins","7":"desktop-align-left","8":"tablet-align-left","9":"mobile-align-left","11":"first","12":"outofstock","13":"taxable","14":"shipping-taxable","15":"purchasable","16":"product-type-simple"},"_links":{"self":[{"href":"https:\/\/www.marcelchampion.com\/en\/wp-json\/wp\/v2\/product\/4105","targetHints":{"allow":["GET"]}}],"collection":[{"href":"https:\/\/www.marcelchampion.com\/en\/wp-json\/wp\/v2\/product"}],"about":[{"href":"https:\/\/www.marcelchampion.com\/en\/wp-json\/wp\/v2\/types\/product"}],"wp:featuredmedia":[{"embeddable":true,"href":"https:\/\/www.marcelchampion.com\/en\/wp-json\/wp\/v2\/media\/4104"}],"wp:attachment":[{"href":"https:\/\/www.marcelchampion.com\/en\/wp-json\/wp\/v2\/media?parent=4105"}],"wp:term":[{"taxonomy":"product_brand","embeddable":true,"href":"https:\/\/www.marcelchampion.com\/en\/wp-json\/wp\/v2\/product_brand?post=4105"},{"taxonomy":"product_cat","embeddable":true,"href":"https:\/\/www.marcelchampion.com\/en\/wp-json\/wp\/v2\/product_cat?post=4105"},{"taxonomy":"product_tag","embeddable":true,"href":"https:\/\/www.marcelchampion.com\/en\/wp-json\/wp\/v2\/product_tag?post=4105"}],"curies":[{"name":"wp","href":"https:\/\/api.w.org\/{rel}","templated":true}]}}