{"id":4088,"date":"2022-09-23T21:01:49","date_gmt":"2022-09-23T19:01:49","guid":{"rendered":"http:\/\/marcelchampion.com\/?post_type=product&#038;p=4088"},"modified":"2024-10-19T15:17:34","modified_gmt":"2024-10-19T13:17:34","slug":"circe-magazine-coloring-book-01-100pct-lingerie","status":"publish","type":"product","link":"https:\/\/www.marcelchampion.com\/en\/product\/circe-magazine-coloring-book-01-100pct-lingerie\/","title":{"rendered":"Circ\u00e9 Magazine &#8211; Coloring Book #01 &#8211; 100pct Lingerie"},"content":{"rendered":"<p>La plupart du temps les livres de coloriage sont adapt\u00e9s aux enfants. On trouve des coloriages sur les animaux, les h\u00e9ros de dessin anim\u00e9s, tout un tas d\u2019univers destin\u00e9s aux enfants. Mais les adultes qui aiment colorier, \u00e0 part des mandalas, on leur propose quoi ? Rien. Avec <a href=\"https:\/\/twitter.com\/CircexxxLove\">Circ\u00e9<\/a> et ses amies, nous avons d\u00e9cid\u00e9 de rem\u00e9dier \u00e0 \u00e7a, en vous proposant le premier livre de coloriage \u00e0 t\u00e9l\u00e9charger strictement r\u00e9serv\u00e9 aux adultes.<\/p>\n<p>Comment \u00e7a marche ?<\/p>\n<p>Ajoutez le coloriage dans votre panier, r\u00e9glez l\u2019achat et t\u00e9l\u00e9chargez le pdf. Ensuite, soit vous pouvez colorier directement sur votre t\u00e9l\u00e9phone, tablette ou ordinateur gr\u00e2ce \u00e0 des applications comme <a href=\"https:\/\/procreate.art\/\">Procreate<\/a> ou <a href=\"https:\/\/www.adobe.com\/fr\/products\/photoshop\/landpb.html?gclid=Cj0KCQjw1bqZBhDXARIsANTjCPK79g9n9CRxcqhosOHk9MTAYXOP-fs6fJLoTixFV01CmgMjWSku6oIaAsN7EALw_wcB&amp;mv=search&amp;mv=search&amp;sdid=LZ32SYVR&amp;ef_id=Cj0KCQjw1bqZBhDXARIsANTjCPK79g9n9CRxcqhosOHk9MTAYXOP-fs6fJLoTixFV01CmgMjWSku6oIaAsN7EALw_wcB:G:s&amp;s_kwcid=AL!3085!3!444970329965!e!!g!!adobe%20photoshop!10399849358!98633477250\">Photoshop<\/a> soit vous imprimez les pages et vous coloriez avec de vrais crayons de couleur.<\/p>\n<p>Pour chaque dessin, un mod\u00e8le est fourni par nos soins pour vous guider.<br \/>\nVous \u00eates pr\u00eat \u00e0 passer un moment avec <a href=\"https:\/\/twitter.com\/Britney_Amber\">Britney Amber<\/a>, <a href=\"https:\/\/twitter.com\/niciXdream\">Nici Dream<\/a>, <a href=\"https:\/\/twitter.com\/NestyXXX\">Nesty<\/a>, <a href=\"https:\/\/www.instagram.com\/baaby82\/?hl=en\">Baaby Jess<\/a>, <a href=\"https:\/\/twitter.com\/MrMrsB13\">Mrs B<\/a>,<a href=\"https:\/\/twitter.com\/vickyloveporn\"> Vickie Brown<\/a>, <a href=\"https:\/\/twitter.com\/nellykent51\">Nelly Kent<\/a> ou encore <a href=\"https:\/\/twitter.com\/oficialsapphire\">Sapphire Lapiedra<\/a> ? Oui, alors t\u00e9l\u00e9chargez votre exemplaire maintenant.<\/p>\n<p>&nbsp;<\/p>","protected":false},"excerpt":{"rendered":"<p>The first coloring book intended only for adults. In this first 100% lingerie album, find your favorite actresses. It's a good way to have a good time with them \ud83d\ude42<\/p>","protected":false},"featured_media":4094,"template":"","meta":{"_gspb_post_css":"","site-sidebar-layout":"default","site-content-layout":"default","ast-site-content-layout":"default","site-content-style":"default","site-sidebar-style":"default","ast-global-header-display":"","ast-banner-title-visibility":"","ast-main-header-display":"","ast-hfb-above-header-display":"","ast-hfb-below-header-display":"","ast-hfb-mobile-header-display":"","site-post-title":"","ast-breadcrumbs-content":"","ast-featured-img":"","footer-sml-layout":"","ast-disable-related-posts":"","theme-transparent-header-meta":"default","adv-header-id-meta":"","stick-header-meta":"","header-above-stick-meta":"","header-main-stick-meta":"","header-below-stick-meta":"","astra-migrate-meta-layouts":"default","ast-page-background-enabled":"default","ast-page-background-meta":{"desktop":{"background-color":"","background-image":"","background-repeat":"repeat","background-position":"center center","background-size":"auto","background-attachment":"scroll","background-type":"","background-media":"","overlay-type":"","overlay-color":"","overlay-opacity":"","overlay-gradient":""},"tablet":{"background-color":"","background-image":"","background-repeat":"repeat","background-position":"center center","background-size":"auto","background-attachment":"scroll","background-type":"","background-media":"","overlay-type":"","overlay-color":"","overlay-opacity":"","overlay-gradient":""},"mobile":{"background-color":"","background-image":"","background-repeat":"repeat","background-position":"center center","background-size":"auto","background-attachment":"scroll","background-type":"","background-media":"","overlay-type":"","overlay-color":"","overlay-opacity":"","overlay-gradient":""}},"ast-content-background-meta":{"desktop":{"background-color":"var(--ast-global-color-5)","background-image":"","background-repeat":"repeat","background-position":"center center","background-size":"auto","background-attachment":"scroll","background-type":"","background-media":"","overlay-type":"","overlay-color":"","overlay-opacity":"","overlay-gradient":""},"tablet":{"background-color":"var(--ast-global-color-5)","background-image":"","background-repeat":"repeat","background-position":"center center","background-size":"auto","background-attachment":"scroll","background-type":"","background-media":"","overlay-type":"","overlay-color":"","overlay-opacity":"","overlay-gradient":""},"mobile":{"background-color":"var(--ast-global-color-5)","background-image":"","background-repeat":"repeat","background-position":"center center","background-size":"auto","background-attachment":"scroll","background-type":"","background-media":"","overlay-type":"","overlay-color":"","overlay-opacity":"","overlay-gradient":""}}},"product_brand":[],"product_cat":[62],"product_tag":[],"class_list":{"0":"post-4088","1":"product","2":"type-product","3":"status-publish","4":"has-post-thumbnail","6":"product_cat-coloring-book","7":"desktop-align-left","8":"tablet-align-left","9":"mobile-align-left","11":"first","12":"instock","13":"downloadable","14":"virtual","15":"taxable","16":"purchasable","17":"product-type-simple"},"_links":{"self":[{"href":"https:\/\/www.marcelchampion.com\/en\/wp-json\/wp\/v2\/product\/4088","targetHints":{"allow":["GET"]}}],"collection":[{"href":"https:\/\/www.marcelchampion.com\/en\/wp-json\/wp\/v2\/product"}],"about":[{"href":"https:\/\/www.marcelchampion.com\/en\/wp-json\/wp\/v2\/types\/product"}],"wp:featuredmedia":[{"embeddable":true,"href":"https:\/\/www.marcelchampion.com\/en\/wp-json\/wp\/v2\/media\/4094"}],"wp:attachment":[{"href":"https:\/\/www.marcelchampion.com\/en\/wp-json\/wp\/v2\/media?parent=4088"}],"wp:term":[{"taxonomy":"product_brand","embeddable":true,"href":"https:\/\/www.marcelchampion.com\/en\/wp-json\/wp\/v2\/product_brand?post=4088"},{"taxonomy":"product_cat","embeddable":true,"href":"https:\/\/www.marcelchampion.com\/en\/wp-json\/wp\/v2\/product_cat?post=4088"},{"taxonomy":"product_tag","embeddable":true,"href":"https:\/\/www.marcelchampion.com\/en\/wp-json\/wp\/v2\/product_tag?post=4088"}],"curies":[{"name":"wp","href":"https:\/\/api.w.org\/{rel}","templated":true}]}}