{"id":4023,"date":"2022-08-18T11:04:59","date_gmt":"2022-08-18T09:04:59","guid":{"rendered":"http:\/\/marcelchampion.com\/?post_type=product&#038;p=4023"},"modified":"2024-10-19T15:17:35","modified_gmt":"2024-10-19T13:17:35","slug":"therebentine-fait-le-mur","status":"publish","type":"product","link":"https:\/\/www.marcelchampion.com\/en\/product\/therebentine-fait-le-mur\/","title":{"rendered":"Th\u00e9r\u00e9bentine fait le mur"},"content":{"rendered":"<p>En 2021, Th\u00e9r\u00e9bentine a quitt\u00e9 ses pages d&rsquo;albums BD pour s&rsquo;installer sur les murs d&rsquo;une \u00e9cole, \u00e0 Nontron (24). Notre petite h\u00e9ro\u00efne est pass\u00e9e du 9\u00e8me art au street art. Une \u00e9pop\u00e9e fantastique. \u00ab\u00a0Th\u00e9r\u00e9bentine fait le mur\u00a0\u00bb, vous propose de revivre toutes les \u00e9tapes qu&rsquo;il a fallu traverser pour r\u00e9aliser cette fresque de 18,5m de long par 2,5 m de haut.<br \/>\nL&rsquo;\u00e9quipe de <a href=\"https:\/\/www.marcelchampion.com\/en\/\">Marcel Champion<\/a> a \u00e9t\u00e9 suivie par un talentueux photographe (<a href=\"https:\/\/errancesphotographiques.com\/\">Alain Poinet<\/a>) tout au long du processus. Gr\u00e2ce \u00e0 ses photos et \u00e0 quelques dessins d&rsquo;archive, vous allez connaitre tous les secrets pour cr\u00e9er ce genre de fresque et pourquoi pas les mettre en application \u00e0 votre tour.<br \/>\nEntre le hors-s\u00e9rie et le livre d&rsquo;art, Th\u00e9r\u00e9bentine fait le mur comblera les accros du street art ainsi que les artistes en herbe.<\/p>","protected":false},"excerpt":{"rendered":"<p>\u00ab\u00a0<em><strong>Th\u00e9r\u00e9bentine fait le mur<\/strong><\/em>\u00a0\u00bb n&rsquo;est pas vraiment un album de <a href=\"https:\/\/www.marcelchampion.com\/en\/shop\/bd\/therebentine\/\">Th\u00e9r\u00e9bentine<\/a>.<br \/>\nBien s\u00fbr on y retrouve <strong>Th\u00e9r\u00e9bentine<\/strong>, mais ici pas de BD, pas d&rsquo;histoire. Cet album retrace \u00e9tape par \u00e9tape la r\u00e9alisation de la premi\u00e8re fresque consacr\u00e9e \u00e0 notre h\u00e9ro\u00efne pr\u00e9f\u00e9r\u00e9e.<br \/>\nSi le street art vous int\u00e9resse, cet album vous montre de fa\u00e7on d\u00e9taill\u00e9e tout le processus qu&rsquo;il faut suivre pour r\u00e9aliser une fresque et pas n&rsquo;importe quelle fresque ! Une <a href=\"https:\/\/www.google.com\/maps\/place\/Graffiti+Th%C3%A9r%C3%A9bentine\/@45.5297034,0.6622491,17z\/data=!3m1!4b1!4m5!3m4!1s0x47ff013d67ab40db:0x3f48ecd7d3d26f30!8m2!3d45.5297939!4d0.6642162\">fresque<\/a> de plus de 18,5 m de long par 2,5 m de haut. Un beau b\u00e9b\u00e9 pour une premi\u00e8re.<br \/>\nCrayonn\u00e9, mise en couleur, pr\u00e9paration du mur, tra\u00e7age, choix des couleurs etc&#8230; Tout y est.<br \/>\nCet album comblera les fans de street art et celles et ceux qui souhaitent commencer \u00e0 peindre \u00e0 la bombe.<\/p>\n<p>&nbsp;<\/p>","protected":false},"featured_media":4007,"template":"","meta":{"_gspb_post_css":"","site-sidebar-layout":"default","site-content-layout":"default","ast-site-content-layout":"default","site-content-style":"default","site-sidebar-style":"default","ast-global-header-display":"","ast-banner-title-visibility":"","ast-main-header-display":"","ast-hfb-above-header-display":"","ast-hfb-below-header-display":"","ast-hfb-mobile-header-display":"","site-post-title":"","ast-breadcrumbs-content":"","ast-featured-img":"","footer-sml-layout":"","ast-disable-related-posts":"","theme-transparent-header-meta":"default","adv-header-id-meta":"","stick-header-meta":"","header-above-stick-meta":"","header-main-stick-meta":"","header-below-stick-meta":"","astra-migrate-meta-layouts":"default","ast-page-background-enabled":"default","ast-page-background-meta":{"desktop":{"background-color":"","background-image":"","background-repeat":"repeat","background-position":"center center","background-size":"auto","background-attachment":"scroll","background-type":"","background-media":"","overlay-type":"","overlay-color":"","overlay-opacity":"","overlay-gradient":""},"tablet":{"background-color":"","background-image":"","background-repeat":"repeat","background-position":"center center","background-size":"auto","background-attachment":"scroll","background-type":"","background-media":"","overlay-type":"","overlay-color":"","overlay-opacity":"","overlay-gradient":""},"mobile":{"background-color":"","background-image":"","background-repeat":"repeat","background-position":"center center","background-size":"auto","background-attachment":"scroll","background-type":"","background-media":"","overlay-type":"","overlay-color":"","overlay-opacity":"","overlay-gradient":""}},"ast-content-background-meta":{"desktop":{"background-color":"var(--ast-global-color-5)","background-image":"","background-repeat":"repeat","background-position":"center center","background-size":"auto","background-attachment":"scroll","background-type":"","background-media":"","overlay-type":"","overlay-color":"","overlay-opacity":"","overlay-gradient":""},"tablet":{"background-color":"var(--ast-global-color-5)","background-image":"","background-repeat":"repeat","background-position":"center center","background-size":"auto","background-attachment":"scroll","background-type":"","background-media":"","overlay-type":"","overlay-color":"","overlay-opacity":"","overlay-gradient":""},"mobile":{"background-color":"var(--ast-global-color-5)","background-image":"","background-repeat":"repeat","background-position":"center center","background-size":"auto","background-attachment":"scroll","background-type":"","background-media":"","overlay-type":"","overlay-color":"","overlay-opacity":"","overlay-gradient":""}}},"product_brand":[],"product_cat":[59],"product_tag":[],"class_list":{"0":"post-4023","1":"product","2":"type-product","3":"status-publish","4":"has-post-thumbnail","6":"product_cat-street-art","7":"product_shipping_class-bd","8":"desktop-align-left","9":"tablet-align-left","10":"mobile-align-left","12":"first","13":"instock","14":"taxable","15":"shipping-taxable","16":"purchasable","17":"product-type-simple"},"_links":{"self":[{"href":"https:\/\/www.marcelchampion.com\/en\/wp-json\/wp\/v2\/product\/4023","targetHints":{"allow":["GET"]}}],"collection":[{"href":"https:\/\/www.marcelchampion.com\/en\/wp-json\/wp\/v2\/product"}],"about":[{"href":"https:\/\/www.marcelchampion.com\/en\/wp-json\/wp\/v2\/types\/product"}],"wp:featuredmedia":[{"embeddable":true,"href":"https:\/\/www.marcelchampion.com\/en\/wp-json\/wp\/v2\/media\/4007"}],"wp:attachment":[{"href":"https:\/\/www.marcelchampion.com\/en\/wp-json\/wp\/v2\/media?parent=4023"}],"wp:term":[{"taxonomy":"product_brand","embeddable":true,"href":"https:\/\/www.marcelchampion.com\/en\/wp-json\/wp\/v2\/product_brand?post=4023"},{"taxonomy":"product_cat","embeddable":true,"href":"https:\/\/www.marcelchampion.com\/en\/wp-json\/wp\/v2\/product_cat?post=4023"},{"taxonomy":"product_tag","embeddable":true,"href":"https:\/\/www.marcelchampion.com\/en\/wp-json\/wp\/v2\/product_tag?post=4023"}],"curies":[{"name":"wp","href":"https:\/\/api.w.org\/{rel}","templated":true}]}}