{"id":3966,"date":"2022-06-26T11:28:39","date_gmt":"2022-06-26T09:28:39","guid":{"rendered":"http:\/\/marcelchampion.com\/?post_type=product&#038;p=3966"},"modified":"2024-10-19T15:17:35","modified_gmt":"2024-10-19T13:17:35","slug":"pacman","status":"publish","type":"product","link":"https:\/\/www.marcelchampion.com\/en\/product\/pacman\/","title":{"rendered":"PacMan"},"content":{"rendered":"<p>Vous cherchez un objet original pour d\u00e9corer votre parc ou votre jardin, la statue de PacMan est faite pour vous.<br \/>\nLudique, color\u00e9e, solide, facile d&rsquo;entretien, c&rsquo;est l&rsquo;objet id\u00e9al pour \u00e9gailler votre ext\u00e9rieur.<br \/>\nLes enfants et les fans de jeux vid\u00e9o vont adorer. Vous la voulez chez vous ? C&rsquo;est simple. Cliquez, commandez et elle fera votre bonheur.<\/p>","protected":false},"excerpt":{"rendered":"<p>Qui n&rsquo;a pas jou\u00e9 une fois dans sa vie \u00e0 Pacman ? Alphone Cailloux, Medhi Jagaoui, Sarah Fanluche, Gilles De Ray&#8230; Oui, c&rsquo;est bon, c&rsquo;est bon, on a compris. Je voulais dire par l\u00e0 que toutes celles et ceux qui s&rsquo;int\u00e9ressent aux jeux vid\u00e9o ont au moins une fois jou\u00e9 \u00e0 <a href=\"https:\/\/twitter.com\/officialpacman?ref_src=twsrc%5Egoogle%7Ctwcamp%5Eserp%7Ctwgr%5Eauthor\">PacMan<\/a>.<br \/>\nCe petit personnage rond, sympathique sans cesse poursuivi par des fant\u00f4mes qui n&rsquo;ont qu&rsquo;une id\u00e9e en t\u00eate le croquer, est un des plus connus de l&rsquo;univers vid\u00e9oludique. Sa seule issue pour s&rsquo;en sortir, gober une quantit\u00e9 ph\u00e9nom\u00e9nale de Pacballs pour retourner la situation l&rsquo;espace d&rsquo;un instant et esp\u00e9rer les croquer \u00e0 son tour.<br \/>\nPacMan est un pionnier du jeux vid\u00e9o et une ic\u00f4ne plan\u00e9taire. On l&rsquo;a vu \u00e0 toutes les sauces, en BD, en dessins anim\u00e9s, sur des v\u00eatements, partout et sur tous les supports possibles et imaginables. Il a m\u00eame inspir\u00e9 les fameux <a href=\"https:\/\/en.wikipedia.org\/wiki\/Smiley\">Smileys<\/a> ou \u00e9moticons.<br \/>\nIl ne manquait plus que l&rsquo;art contemporain. C&rsquo;est l\u00e0 que <a href=\"https:\/\/www.marcelchampion.com\/en\/bio-marcel-champion\/\">Marcel Champion<\/a> a eu l&rsquo;id\u00e9e d&rsquo;en faire des statues en mosa\u00efque. Celle que vous avez sous les yeux est la seconde qui a \u00e9t\u00e9 r\u00e9alis\u00e9e. Elle repr\u00e9sente un PacMan tout sourire, fid\u00e8le \u00e0 lui m\u00eame.<br \/>\nCette statue est constitu\u00e9e d&rsquo;une structure en fibre de verre et r\u00e9sine, enti\u00e8rement recouverte de mosa\u00efque fa\u00e7onn\u00e9e \u00e0 la main. Chaque statue est \u00e9videmment unique et peut-\u00eatre expos\u00e9e en int\u00e9rieur comme en ext\u00e9rieur.<br \/>\nPour plus de renseignements, n&rsquo;h\u00e9sitez pas \u00e0 nous contacter.<br \/>\nSi vous d\u00e9sirez en savoir plus sur sa fabrication, cliquez <a href=\"https:\/\/www.marcelchampion.com\/en\/blog\/pacman\/\">ici<\/a>.<\/p>","protected":false},"featured_media":3951,"template":"","meta":{"_gspb_post_css":"","site-sidebar-layout":"default","site-content-layout":"default","ast-site-content-layout":"default","site-content-style":"default","site-sidebar-style":"default","ast-global-header-display":"","ast-banner-title-visibility":"","ast-main-header-display":"","ast-hfb-above-header-display":"","ast-hfb-below-header-display":"","ast-hfb-mobile-header-display":"","site-post-title":"","ast-breadcrumbs-content":"","ast-featured-img":"","footer-sml-layout":"","ast-disable-related-posts":"","theme-transparent-header-meta":"default","adv-header-id-meta":"","stick-header-meta":"","header-above-stick-meta":"","header-main-stick-meta":"","header-below-stick-meta":"","astra-migrate-meta-layouts":"default","ast-page-background-enabled":"default","ast-page-background-meta":{"desktop":{"background-color":"","background-image":"","background-repeat":"repeat","background-position":"center center","background-size":"auto","background-attachment":"scroll","background-type":"","background-media":"","overlay-type":"","overlay-color":"","overlay-opacity":"","overlay-gradient":""},"tablet":{"background-color":"","background-image":"","background-repeat":"repeat","background-position":"center center","background-size":"auto","background-attachment":"scroll","background-type":"","background-media":"","overlay-type":"","overlay-color":"","overlay-opacity":"","overlay-gradient":""},"mobile":{"background-color":"","background-image":"","background-repeat":"repeat","background-position":"center center","background-size":"auto","background-attachment":"scroll","background-type":"","background-media":"","overlay-type":"","overlay-color":"","overlay-opacity":"","overlay-gradient":""}},"ast-content-background-meta":{"desktop":{"background-color":"var(--ast-global-color-5)","background-image":"","background-repeat":"repeat","background-position":"center center","background-size":"auto","background-attachment":"scroll","background-type":"","background-media":"","overlay-type":"","overlay-color":"","overlay-opacity":"","overlay-gradient":""},"tablet":{"background-color":"var(--ast-global-color-5)","background-image":"","background-repeat":"repeat","background-position":"center center","background-size":"auto","background-attachment":"scroll","background-type":"","background-media":"","overlay-type":"","overlay-color":"","overlay-opacity":"","overlay-gradient":""},"mobile":{"background-color":"var(--ast-global-color-5)","background-image":"","background-repeat":"repeat","background-position":"center center","background-size":"auto","background-attachment":"scroll","background-type":"","background-media":"","overlay-type":"","overlay-color":"","overlay-opacity":"","overlay-gradient":""}}},"product_brand":[],"product_cat":[58,26],"product_tag":[],"class_list":{"0":"post-3966","1":"product","2":"type-product","3":"status-publish","4":"has-post-thumbnail","6":"product_cat-autres","7":"product_cat-objets","8":"desktop-align-left","9":"tablet-align-left","10":"mobile-align-left","12":"first","13":"outofstock","14":"taxable","15":"shipping-taxable","16":"purchasable","17":"product-type-simple"},"_links":{"self":[{"href":"https:\/\/www.marcelchampion.com\/en\/wp-json\/wp\/v2\/product\/3966","targetHints":{"allow":["GET"]}}],"collection":[{"href":"https:\/\/www.marcelchampion.com\/en\/wp-json\/wp\/v2\/product"}],"about":[{"href":"https:\/\/www.marcelchampion.com\/en\/wp-json\/wp\/v2\/types\/product"}],"wp:featuredmedia":[{"embeddable":true,"href":"https:\/\/www.marcelchampion.com\/en\/wp-json\/wp\/v2\/media\/3951"}],"wp:attachment":[{"href":"https:\/\/www.marcelchampion.com\/en\/wp-json\/wp\/v2\/media?parent=3966"}],"wp:term":[{"taxonomy":"product_brand","embeddable":true,"href":"https:\/\/www.marcelchampion.com\/en\/wp-json\/wp\/v2\/product_brand?post=3966"},{"taxonomy":"product_cat","embeddable":true,"href":"https:\/\/www.marcelchampion.com\/en\/wp-json\/wp\/v2\/product_cat?post=3966"},{"taxonomy":"product_tag","embeddable":true,"href":"https:\/\/www.marcelchampion.com\/en\/wp-json\/wp\/v2\/product_tag?post=3966"}],"curies":[{"name":"wp","href":"https:\/\/api.w.org\/{rel}","templated":true}]}}