{"id":3894,"date":"2022-04-09T10:42:31","date_gmt":"2022-04-09T08:42:31","guid":{"rendered":"http:\/\/marcelchampion.com\/?post_type=product&#038;p=3894"},"modified":"2025-10-06T21:51:49","modified_gmt":"2025-10-06T19:51:49","slug":"capitaine-flemme-08-ad-vitam-aeternam","status":"publish","type":"product","link":"https:\/\/www.marcelchampion.com\/en\/product\/capitaine-flemme-08-ad-vitam-aeternam\/","title":{"rendered":"Capitaine Flemme &#8211; #08 &#8211; Ad Vitam Aeternam"},"content":{"rendered":"<p class=\"Corps\"><span lang=\"FR\">Pour celles et ceux d&rsquo;entre vous qui ne connaissent pas <a href=\"https:\/\/www.marcelchampion.com\/en\/product\/capitaine-flemme-01-dernier-espoir\/\">Capitaine Flemme<\/a>, voir sortir le tome 8 de la s\u00e9rie juste apr\u00e8s le tome 1 et avant les tomes 2\/3\/4\/5\/6 et 7 peut-\u00eatre d\u00e9stabilisant. En revanche si vous avez le tome 1, vous savez qu&rsquo;avec cette s\u00e9rie il faut s&rsquo;attendre \u00e0 tout et une fois de plus vous allez \u00eatre servis. Ce huiti\u00e8me opus marque la fin de la s\u00e9rie Capitaine Flemme. Un peu \u00e0 la fa\u00e7on d&rsquo;un \u00e9pisode de Colombo, vous allez savoir comment se terminent les aventures du capitaine et de ses amis avant l&rsquo;histoire elle m\u00eame, et la fin va vous surprendre.<br \/>\n<\/span><\/p>\n<p>Ad Vitam Aeternam commence sur l&rsquo;ast\u00e9ro\u00efde du Capitaine Flemme. La vie suit son cours. Jenny jardine, Molo fait du Molo, Krabe croule sous les t\u00e2ches m\u00e9nag\u00e8res et le professeur Citron invente des trucs et des bidules, quand tout \u00e0 coup, un drame s&rsquo;abat sur le Capitaine Flemme. De quoi s&rsquo;agit-il ? Une seule fa\u00e7on de le savoir, acheter l&rsquo;album.<\/p>\n<p class=\"Corps\">","protected":false},"excerpt":{"rendered":"<p class=\"Corps\">Ad Vitam Aeterna marque la fin de la s\u00e9rie du Capitaine Flemme. Les puristes vont se demander pourquoi passer directement du tome 1 au tome 8. La r\u00e9ponse est simple. Parce que cette s\u00e9rie ne fait rien comme les autres et avec cet album, elle le montre une nouvelle fois.<br \/>\nAlors que l&rsquo;\u00e9quipe du Capitaine Flemme vaque \u00e0 ses occupations sur leur ast\u00e9ro\u00efde. Un terrible drame frappe le Capitaine. Un drame dont les h\u00e9ros m\u00eame les plus solides ont du mal \u00e0 se remettre. De quoi s&rsquo;agit-il ? Pour le savoir commandez votre exemplaire, vous ne serez pas d\u00e9\u00e7us. Le Capitaine Flemme ne d\u00e9\u00e7oit jamais.<\/p>","protected":false},"featured_media":3893,"template":"","meta":{"_gspb_post_css":"","site-sidebar-layout":"default","site-content-layout":"default","ast-site-content-layout":"default","site-content-style":"default","site-sidebar-style":"default","ast-global-header-display":"","ast-banner-title-visibility":"","ast-main-header-display":"","ast-hfb-above-header-display":"","ast-hfb-below-header-display":"","ast-hfb-mobile-header-display":"","site-post-title":"","ast-breadcrumbs-content":"","ast-featured-img":"","footer-sml-layout":"","ast-disable-related-posts":"","theme-transparent-header-meta":"default","adv-header-id-meta":"","stick-header-meta":"","header-above-stick-meta":"","header-main-stick-meta":"","header-below-stick-meta":"","astra-migrate-meta-layouts":"default","ast-page-background-enabled":"default","ast-page-background-meta":{"desktop":{"background-color":"","background-image":"","background-repeat":"repeat","background-position":"center center","background-size":"auto","background-attachment":"scroll","background-type":"","background-media":"","overlay-type":"","overlay-color":"","overlay-opacity":"","overlay-gradient":""},"tablet":{"background-color":"","background-image":"","background-repeat":"repeat","background-position":"center center","background-size":"auto","background-attachment":"scroll","background-type":"","background-media":"","overlay-type":"","overlay-color":"","overlay-opacity":"","overlay-gradient":""},"mobile":{"background-color":"","background-image":"","background-repeat":"repeat","background-position":"center center","background-size":"auto","background-attachment":"scroll","background-type":"","background-media":"","overlay-type":"","overlay-color":"","overlay-opacity":"","overlay-gradient":""}},"ast-content-background-meta":{"desktop":{"background-color":"var(--ast-global-color-5)","background-image":"","background-repeat":"repeat","background-position":"center center","background-size":"auto","background-attachment":"scroll","background-type":"","background-media":"","overlay-type":"","overlay-color":"","overlay-opacity":"","overlay-gradient":""},"tablet":{"background-color":"var(--ast-global-color-5)","background-image":"","background-repeat":"repeat","background-position":"center center","background-size":"auto","background-attachment":"scroll","background-type":"","background-media":"","overlay-type":"","overlay-color":"","overlay-opacity":"","overlay-gradient":""},"mobile":{"background-color":"var(--ast-global-color-5)","background-image":"","background-repeat":"repeat","background-position":"center center","background-size":"auto","background-attachment":"scroll","background-type":"","background-media":"","overlay-type":"","overlay-color":"","overlay-opacity":"","overlay-gradient":""}}},"product_brand":[],"product_cat":[27],"product_tag":[],"class_list":{"0":"post-3894","1":"product","2":"type-product","3":"status-publish","4":"has-post-thumbnail","6":"product_cat-capitaine-flemme","7":"product_shipping_class-bd","8":"desktop-align-left","9":"tablet-align-left","10":"mobile-align-left","12":"first","13":"instock","14":"featured","15":"taxable","16":"shipping-taxable","17":"purchasable","18":"product-type-simple"},"_links":{"self":[{"href":"https:\/\/www.marcelchampion.com\/en\/wp-json\/wp\/v2\/product\/3894","targetHints":{"allow":["GET"]}}],"collection":[{"href":"https:\/\/www.marcelchampion.com\/en\/wp-json\/wp\/v2\/product"}],"about":[{"href":"https:\/\/www.marcelchampion.com\/en\/wp-json\/wp\/v2\/types\/product"}],"wp:featuredmedia":[{"embeddable":true,"href":"https:\/\/www.marcelchampion.com\/en\/wp-json\/wp\/v2\/media\/3893"}],"wp:attachment":[{"href":"https:\/\/www.marcelchampion.com\/en\/wp-json\/wp\/v2\/media?parent=3894"}],"wp:term":[{"taxonomy":"product_brand","embeddable":true,"href":"https:\/\/www.marcelchampion.com\/en\/wp-json\/wp\/v2\/product_brand?post=3894"},{"taxonomy":"product_cat","embeddable":true,"href":"https:\/\/www.marcelchampion.com\/en\/wp-json\/wp\/v2\/product_cat?post=3894"},{"taxonomy":"product_tag","embeddable":true,"href":"https:\/\/www.marcelchampion.com\/en\/wp-json\/wp\/v2\/product_tag?post=3894"}],"curies":[{"name":"wp","href":"https:\/\/api.w.org\/{rel}","templated":true}]}}