{"id":3797,"date":"2022-02-08T11:21:34","date_gmt":"2022-02-08T10:21:34","guid":{"rendered":"http:\/\/marcelchampion.com\/?post_type=product&#038;p=3797"},"modified":"2025-12-10T09:35:58","modified_gmt":"2025-12-10T08:35:58","slug":"mug-gamer10c","status":"publish","type":"product","link":"https:\/\/www.marcelchampion.com\/en\/product\/mug-gamer10c\/","title":{"rendered":"Mug Gamer#10C"},"content":{"rendered":"<p>Si vous \u00eates amateur d&rsquo;art contemporain, vous avez certainement vu la folie autour des NFTs. Ces fichiers num\u00e9riques crypt\u00e9s \u00e0 collectionner ont le vent en poupe. On en voit partout. <a href=\"https:\/\/twitter.com\/BoredApeYC\">Bored Ape<\/a> et beaucoup d&rsquo;autres proposent des collections incroyablement fournies. Le probl\u00e8me est que l&rsquo;acheteur n&rsquo;a rien qu&rsquo;un fichier num\u00e9rique lorsqu&rsquo;il en ach\u00e8te un. Nous avons d\u00e9cid\u00e9 de changer \u00e7a. Nos NFTs sont des mugs. Des mugs que l&rsquo;on peut collectionner car ils sont tous tir\u00e9s en quantit\u00e9 limit\u00e9e (plus il y a d&rsquo;\u00e9toiles sur le mug, plus il est rare) et que l&rsquo;on peut utiliser dans la vie de tous les jours contrairement aux vrais NFTs.<\/p>\n<p>Des NFTs sans NFTs, voil\u00e0 ce que nous proposons ici. La collection ne fait que commencer.<\/p>","protected":false},"excerpt":{"rendered":"<p>Ce mug avec le personnage de <a href=\"https:\/\/twitter.com\/Baabyjess1\">BaabyJess<\/a> est le premier de la s\u00e9rie et aussi un des plus rare.<br \/>\nIl met en sc\u00e8ne le personnage BD de Jessica qui joue aux jeux vid\u00e9o. On reconnait un maginfique bonnet Maskass tout droit issu des jeux Nintendo et un tee shirt Ronflex du plus bel effet.<br \/>\nAmis gamers, \u00eates vous pr\u00eats \u00e0 d\u00e9fier Baaby Jess ???<br \/>\nAttention ! Comme tous les autres mugs de la s\u00e9rie, il est \u00e9dit\u00e9 en tirage limit\u00e9, ici 10 exemplaires. Ce qui lui vaut une cote de 5 \u00e9toiles sur 5 au niveau de la raret\u00e9.<\/p>\n<p>Compl\u00e9tez votre collection d\u00e8s maintenant en commandant votre mug et faites plaisir \u00e0 Baaby Jess.<\/p>","protected":false},"featured_media":3769,"template":"","meta":{"_gspb_post_css":"","site-sidebar-layout":"default","site-content-layout":"default","ast-site-content-layout":"default","site-content-style":"default","site-sidebar-style":"default","ast-global-header-display":"","ast-banner-title-visibility":"","ast-main-header-display":"","ast-hfb-above-header-display":"","ast-hfb-below-header-display":"","ast-hfb-mobile-header-display":"","site-post-title":"","ast-breadcrumbs-content":"","ast-featured-img":"","footer-sml-layout":"","ast-disable-related-posts":"","theme-transparent-header-meta":"default","adv-header-id-meta":"","stick-header-meta":"","header-above-stick-meta":"","header-main-stick-meta":"","header-below-stick-meta":"","astra-migrate-meta-layouts":"set","ast-page-background-enabled":"default","ast-page-background-meta":{"desktop":{"background-color":"","background-image":"","background-repeat":"repeat","background-position":"center center","background-size":"auto","background-attachment":"scroll","background-type":"","background-media":"","overlay-type":"","overlay-color":"","overlay-opacity":"","overlay-gradient":""},"tablet":{"background-color":"","background-image":"","background-repeat":"repeat","background-position":"center center","background-size":"auto","background-attachment":"scroll","background-type":"","background-media":"","overlay-type":"","overlay-color":"","overlay-opacity":"","overlay-gradient":""},"mobile":{"background-color":"","background-image":"","background-repeat":"repeat","background-position":"center center","background-size":"auto","background-attachment":"scroll","background-type":"","background-media":"","overlay-type":"","overlay-color":"","overlay-opacity":"","overlay-gradient":""}},"ast-content-background-meta":{"desktop":{"background-color":"var(--ast-global-color-5)","background-image":"","background-repeat":"repeat","background-position":"center center","background-size":"auto","background-attachment":"scroll","background-type":"","background-media":"","overlay-type":"","overlay-color":"","overlay-opacity":"","overlay-gradient":""},"tablet":{"background-color":"var(--ast-global-color-5)","background-image":"","background-repeat":"repeat","background-position":"center center","background-size":"auto","background-attachment":"scroll","background-type":"","background-media":"","overlay-type":"","overlay-color":"","overlay-opacity":"","overlay-gradient":""},"mobile":{"background-color":"var(--ast-global-color-5)","background-image":"","background-repeat":"repeat","background-position":"center center","background-size":"auto","background-attachment":"scroll","background-type":"","background-media":"","overlay-type":"","overlay-color":"","overlay-opacity":"","overlay-gradient":""}}},"product_brand":[],"product_cat":[33],"product_tag":[],"class_list":{"0":"post-3797","1":"product","2":"type-product","3":"status-publish","4":"has-post-thumbnail","6":"product_cat-mugs","7":"desktop-align-left","8":"tablet-align-left","9":"mobile-align-left","11":"first","12":"instock","13":"sale","14":"taxable","15":"shipping-taxable","16":"purchasable","17":"product-type-simple"},"_links":{"self":[{"href":"https:\/\/www.marcelchampion.com\/en\/wp-json\/wp\/v2\/product\/3797","targetHints":{"allow":["GET"]}}],"collection":[{"href":"https:\/\/www.marcelchampion.com\/en\/wp-json\/wp\/v2\/product"}],"about":[{"href":"https:\/\/www.marcelchampion.com\/en\/wp-json\/wp\/v2\/types\/product"}],"wp:featuredmedia":[{"embeddable":true,"href":"https:\/\/www.marcelchampion.com\/en\/wp-json\/wp\/v2\/media\/3769"}],"wp:attachment":[{"href":"https:\/\/www.marcelchampion.com\/en\/wp-json\/wp\/v2\/media?parent=3797"}],"wp:term":[{"taxonomy":"product_brand","embeddable":true,"href":"https:\/\/www.marcelchampion.com\/en\/wp-json\/wp\/v2\/product_brand?post=3797"},{"taxonomy":"product_cat","embeddable":true,"href":"https:\/\/www.marcelchampion.com\/en\/wp-json\/wp\/v2\/product_cat?post=3797"},{"taxonomy":"product_tag","embeddable":true,"href":"https:\/\/www.marcelchampion.com\/en\/wp-json\/wp\/v2\/product_tag?post=3797"}],"curies":[{"name":"wp","href":"https:\/\/api.w.org\/{rel}","templated":true}]}}