{"id":3730,"date":"2022-01-15T15:15:56","date_gmt":"2022-01-15T14:15:56","guid":{"rendered":"http:\/\/marcelchampion.com\/?post_type=product&#038;p=3730"},"modified":"2024-10-19T15:17:35","modified_gmt":"2024-10-19T13:17:35","slug":"puzzle-therebentine","status":"publish","type":"product","link":"https:\/\/www.marcelchampion.com\/en\/product\/puzzle-therebentine\/","title":{"rendered":"Puzzle Th\u00e9r\u00e9bentine"},"content":{"rendered":"<p>Peinture mettant en sc\u00e8ne <strong>Th\u00e9r\u00e9bentine<\/strong> et ses amis qui combattent le m\u00e9chant <strong>Goak<\/strong>.<\/p>\n<p>Le traitement graphique rappelle celui des jeux vid\u00e9o de combat des ann\u00e9es 80\/90. Tous les codes y sont, la barre de vie de chaque protagoniste, le face \u00e0 face, le KO final.<br \/>\nCette pi\u00e8ce est unique, les morceaux de puzzle sont peints un \u00e0 un pour pouvoir obtenir cet effet pixelis\u00e9. Une \u0153uvre monumentale par sa taille et r\u00e9volutionnaire par sa technique. Un must have !<\/p>","protected":false},"excerpt":{"rendered":"<p>Il arrive que les \u00e9toiles s&rsquo;alignent et donnent naissance \u00e0 des \u0153uvres exceptionnelles. C&rsquo;est ce qu&rsquo;il s&rsquo;est pass\u00e9 pour cette fresque de <strong>Th\u00e9r\u00e9bentine<\/strong> \u00ab\u00a0<em>L&rsquo;enfance bris\u00e9e<\/em>\u00ab\u00a0. Fin 2018 je travaillais sur des puzzles pour essayer de trouver une technique de peinture qui provoquerait un effet tr\u00e8s particulier, un effet pixelis\u00e9. Apr\u00e8s plusieurs tests peu convaincants, je suis arriv\u00e9 un peu par hasard \u00e0 la solution parfaite. Tr\u00e8s laborieuse, mais parfaite. Peindre une \u00e0 une les pi\u00e8ces de puzzle. Un peu comme si chaque pi\u00e8ce \u00e9tait un pixel. Pour r\u00e9sumer, chaque pi\u00e8ce de puzzle est monochrome, comme l&rsquo;est un pixel, c&rsquo;est en les assemblant qu&rsquo;on obtient des formes. L&rsquo;avantage de cette technique est que l&rsquo;industrie ne peut pas la faire. Les couteaux qui d\u00e9coupent les puzzles ne sont pas assez pr\u00e9cis pour garantir une pi\u00e8ce monochrome si celles d&rsquo;\u00e0 cot\u00e9 ne sont pas de la m\u00eame couleur. Elle est r\u00e9serv\u00e9e \u00e0 des cr\u00e9ations exceptionnelles et rares.<\/p>\n<p>C&rsquo;est \u00e0 ce moment l\u00e0 que les \u00e9toiles se sont align\u00e9es. <a href=\"https:\/\/www.defrancescoart.com\"><strong>Denis Defrancesco<\/strong><\/a>, un ami avec qui je collabore de temps en temps, m&rsquo;appelle pour me dire que lui aussi travaille sur des puzzles, mais pas de petits puzzles comme moi, des puzzles XXL. Et quand je dis XXL, c&rsquo;est 40320 pi\u00e8ces. Tr\u00e8s vite nous nous sommes mis d&rsquo;accord pour traiter le dernier puzzle qu&rsquo;il avait en stock avec cette technique donnant un effet de pixelisation. Nous nous sommes partag\u00e9s la t\u00e2che, \u00e0 <strong>Denis<\/strong> la th\u00e9matique, \u00e0 <strong>Marce<\/strong>l la technique.<br \/>\nPeindre 42000 une \u00e0 une en hiver dans un hangar pas chauff\u00e9 a \u00e9t\u00e9 une exp\u00e9rience tout \u00e0 fait \u00e9pique, mais le r\u00e9sultat en valait la peine. L&rsquo;effet recherch\u00e9 est parfaitement rendu. La taille immense du puzzle a permis de travailler les d\u00e9tails des personnages comme le faisait les concepteurs de jeux vid\u00e9o des ann\u00e9es 80\/90, en manipulant leurs pixels.<\/p>\n<p>Pour se rendre vraiment compte de la taille de cette cr\u00e9ation, ni les chiffres ni les photos ne pourront vous donner une id\u00e9e r\u00e9aliste, une seule solution, la voir de vos yeux. Vous ne regretterez pas l&rsquo;exp\u00e9rience.<\/p>","protected":false},"featured_media":3717,"template":"","meta":{"_gspb_post_css":"","site-sidebar-layout":"default","site-content-layout":"default","ast-site-content-layout":"default","site-content-style":"default","site-sidebar-style":"default","ast-global-header-display":"","ast-banner-title-visibility":"","ast-main-header-display":"","ast-hfb-above-header-display":"","ast-hfb-below-header-display":"","ast-hfb-mobile-header-display":"","site-post-title":"","ast-breadcrumbs-content":"","ast-featured-img":"","footer-sml-layout":"","ast-disable-related-posts":"","theme-transparent-header-meta":"default","adv-header-id-meta":"","stick-header-meta":"","header-above-stick-meta":"","header-main-stick-meta":"","header-below-stick-meta":"","astra-migrate-meta-layouts":"default","ast-page-background-enabled":"default","ast-page-background-meta":{"desktop":{"background-color":"","background-image":"","background-repeat":"repeat","background-position":"center center","background-size":"auto","background-attachment":"scroll","background-type":"","background-media":"","overlay-type":"","overlay-color":"","overlay-opacity":"","overlay-gradient":""},"tablet":{"background-color":"","background-image":"","background-repeat":"repeat","background-position":"center center","background-size":"auto","background-attachment":"scroll","background-type":"","background-media":"","overlay-type":"","overlay-color":"","overlay-opacity":"","overlay-gradient":""},"mobile":{"background-color":"","background-image":"","background-repeat":"repeat","background-position":"center center","background-size":"auto","background-attachment":"scroll","background-type":"","background-media":"","overlay-type":"","overlay-color":"","overlay-opacity":"","overlay-gradient":""}},"ast-content-background-meta":{"desktop":{"background-color":"var(--ast-global-color-5)","background-image":"","background-repeat":"repeat","background-position":"center center","background-size":"auto","background-attachment":"scroll","background-type":"","background-media":"","overlay-type":"","overlay-color":"","overlay-opacity":"","overlay-gradient":""},"tablet":{"background-color":"var(--ast-global-color-5)","background-image":"","background-repeat":"repeat","background-position":"center center","background-size":"auto","background-attachment":"scroll","background-type":"","background-media":"","overlay-type":"","overlay-color":"","overlay-opacity":"","overlay-gradient":""},"mobile":{"background-color":"var(--ast-global-color-5)","background-image":"","background-repeat":"repeat","background-position":"center center","background-size":"auto","background-attachment":"scroll","background-type":"","background-media":"","overlay-type":"","overlay-color":"","overlay-opacity":"","overlay-gradient":""}}},"product_brand":[],"product_cat":[23],"product_tag":[],"class_list":{"0":"post-3730","1":"product","2":"type-product","3":"status-publish","4":"has-post-thumbnail","6":"product_cat-peintures","7":"product_shipping_class-art","8":"desktop-align-left","9":"tablet-align-left","10":"mobile-align-left","12":"first","13":"outofstock","14":"taxable","15":"shipping-taxable","16":"purchasable","17":"product-type-simple"},"_links":{"self":[{"href":"https:\/\/www.marcelchampion.com\/en\/wp-json\/wp\/v2\/product\/3730","targetHints":{"allow":["GET"]}}],"collection":[{"href":"https:\/\/www.marcelchampion.com\/en\/wp-json\/wp\/v2\/product"}],"about":[{"href":"https:\/\/www.marcelchampion.com\/en\/wp-json\/wp\/v2\/types\/product"}],"wp:featuredmedia":[{"embeddable":true,"href":"https:\/\/www.marcelchampion.com\/en\/wp-json\/wp\/v2\/media\/3717"}],"wp:attachment":[{"href":"https:\/\/www.marcelchampion.com\/en\/wp-json\/wp\/v2\/media?parent=3730"}],"wp:term":[{"taxonomy":"product_brand","embeddable":true,"href":"https:\/\/www.marcelchampion.com\/en\/wp-json\/wp\/v2\/product_brand?post=3730"},{"taxonomy":"product_cat","embeddable":true,"href":"https:\/\/www.marcelchampion.com\/en\/wp-json\/wp\/v2\/product_cat?post=3730"},{"taxonomy":"product_tag","embeddable":true,"href":"https:\/\/www.marcelchampion.com\/en\/wp-json\/wp\/v2\/product_tag?post=3730"}],"curies":[{"name":"wp","href":"https:\/\/api.w.org\/{rel}","templated":true}]}}