{"id":2726,"date":"2021-09-27T15:51:38","date_gmt":"2021-09-27T13:51:38","guid":{"rendered":"http:\/\/marcelchampion.com\/?post_type=product&#038;p=2726"},"modified":"2021-11-11T13:26:29","modified_gmt":"2021-11-11T12:26:29","slug":"playmobil-6-no","status":"publish","type":"product","link":"https:\/\/www.marcelchampion.com\/en\/product\/playmobil-6-no\/","title":{"rendered":"Playmobil #6 NO"},"content":{"rendered":"<p>Quand une princesse dit non, c\u2019est non ! D\u2019o\u00f9 le nom de ce sixi\u00e8me Playmobil XXL sign\u00e9 Marcel Champion. Comme pour les pr\u00e9c\u00e9dents, Marcel a confi\u00e9 la r\u00e9alisation \u00e0 sa branche street art, FAKE. Toujours bas\u00e9 sur un Playmobil XXL princesse, cette nouvelle cr\u00e9ation s\u2019inscrit dans la m\u00eame veine que les autres. Une couleur de fond pour le corps, une couleur de fond pour les cheveux et par dessus des ajouts de dessins tr\u00e8s color\u00e9s. Sans oublier la d\u00e9sormais c\u00e9l\u00e8bre couronne en fil de fer barbel\u00e9, cette fois-ci, peinte en noir.<\/p>\n<p>Ce nouveau Playmobil est l\u2019objet d\u00e9co qu\u2019il faut avoir. Color\u00e9, fun et hyper tendance. Faites vous plaisir, commandez le maintenant.<\/p>","protected":false},"excerpt":{"rendered":"<p>Playmobil princesse XXL enti\u00e8rement tagu\u00e9 par l&rsquo;\u00e9quipe Street art de Marcel Champion, FAKE.<br \/>\nFan de Playmobil ou de d\u00e9coration, cet objet est un incontournable.<\/p>","protected":false},"featured_media":2583,"template":"","meta":{"_gspb_post_css":"","site-sidebar-layout":"default","site-content-layout":"default","ast-site-content-layout":"default","site-content-style":"default","site-sidebar-style":"default","ast-global-header-display":"","ast-banner-title-visibility":"","ast-main-header-display":"","ast-hfb-above-header-display":"","ast-hfb-below-header-display":"","ast-hfb-mobile-header-display":"","site-post-title":"","ast-breadcrumbs-content":"","ast-featured-img":"","footer-sml-layout":"","ast-disable-related-posts":"","theme-transparent-header-meta":"default","adv-header-id-meta":"","stick-header-meta":"","header-above-stick-meta":"","header-main-stick-meta":"","header-below-stick-meta":"","astra-migrate-meta-layouts":"default","ast-page-background-enabled":"default","ast-page-background-meta":{"desktop":{"background-color":"","background-image":"","background-repeat":"repeat","background-position":"center center","background-size":"auto","background-attachment":"scroll","background-type":"","background-media":"","overlay-type":"","overlay-color":"","overlay-opacity":"","overlay-gradient":""},"tablet":{"background-color":"","background-image":"","background-repeat":"repeat","background-position":"center center","background-size":"auto","background-attachment":"scroll","background-type":"","background-media":"","overlay-type":"","overlay-color":"","overlay-opacity":"","overlay-gradient":""},"mobile":{"background-color":"","background-image":"","background-repeat":"repeat","background-position":"center center","background-size":"auto","background-attachment":"scroll","background-type":"","background-media":"","overlay-type":"","overlay-color":"","overlay-opacity":"","overlay-gradient":""}},"ast-content-background-meta":{"desktop":{"background-color":"var(--ast-global-color-5)","background-image":"","background-repeat":"repeat","background-position":"center center","background-size":"auto","background-attachment":"scroll","background-type":"","background-media":"","overlay-type":"","overlay-color":"","overlay-opacity":"","overlay-gradient":""},"tablet":{"background-color":"var(--ast-global-color-5)","background-image":"","background-repeat":"repeat","background-position":"center center","background-size":"auto","background-attachment":"scroll","background-type":"","background-media":"","overlay-type":"","overlay-color":"","overlay-opacity":"","overlay-gradient":""},"mobile":{"background-color":"var(--ast-global-color-5)","background-image":"","background-repeat":"repeat","background-position":"center center","background-size":"auto","background-attachment":"scroll","background-type":"","background-media":"","overlay-type":"","overlay-color":"","overlay-opacity":"","overlay-gradient":""}}},"product_brand":[],"product_cat":[37],"product_tag":[],"class_list":{"0":"post-2726","1":"product","2":"type-product","3":"status-publish","4":"has-post-thumbnail","6":"product_cat-playmos","7":"product_shipping_class-art","8":"desktop-align-left","9":"tablet-align-left","10":"mobile-align-left","12":"first","13":"instock","14":"taxable","15":"shipping-taxable","16":"purchasable","17":"product-type-simple"},"_links":{"self":[{"href":"https:\/\/www.marcelchampion.com\/en\/wp-json\/wp\/v2\/product\/2726","targetHints":{"allow":["GET"]}}],"collection":[{"href":"https:\/\/www.marcelchampion.com\/en\/wp-json\/wp\/v2\/product"}],"about":[{"href":"https:\/\/www.marcelchampion.com\/en\/wp-json\/wp\/v2\/types\/product"}],"wp:featuredmedia":[{"embeddable":true,"href":"https:\/\/www.marcelchampion.com\/en\/wp-json\/wp\/v2\/media\/2583"}],"wp:attachment":[{"href":"https:\/\/www.marcelchampion.com\/en\/wp-json\/wp\/v2\/media?parent=2726"}],"wp:term":[{"taxonomy":"product_brand","embeddable":true,"href":"https:\/\/www.marcelchampion.com\/en\/wp-json\/wp\/v2\/product_brand?post=2726"},{"taxonomy":"product_cat","embeddable":true,"href":"https:\/\/www.marcelchampion.com\/en\/wp-json\/wp\/v2\/product_cat?post=2726"},{"taxonomy":"product_tag","embeddable":true,"href":"https:\/\/www.marcelchampion.com\/en\/wp-json\/wp\/v2\/product_tag?post=2726"}],"curies":[{"name":"wp","href":"https:\/\/api.w.org\/{rel}","templated":true}]}}