{"id":2723,"date":"2021-09-25T18:05:28","date_gmt":"2021-09-25T16:05:28","guid":{"rendered":"http:\/\/marcelchampion.com\/?post_type=product&#038;p=2723"},"modified":"2024-10-19T15:17:35","modified_gmt":"2024-10-19T13:17:35","slug":"therebentine-hs02-fait-la-pluie-et-le-beau-temps","status":"publish","type":"product","link":"https:\/\/www.marcelchampion.com\/en\/product\/therebentine-hs02-fait-la-pluie-et-le-beau-temps\/","title":{"rendered":"Th\u00e9r\u00e9bentine &#8211; HS02 &#8211; Fait la pluie et le beau temps"},"content":{"rendered":"<p>Pour ce second hors-s\u00e9rie, Th\u00e9r\u00e9bentine a demand\u00e9 \u00e0 son amie, <a href=\"https:\/\/www.instagram.com\/virginiehilssone\/\" target=\"_blank\" rel=\"noopener\">Virginie Hilssone<\/a>, de venir lui expliquer les principaux ph\u00e9nom\u00e8nes m\u00e9t\u00e9o. Virginie est une journaliste m\u00e9t\u00e9o. Vous l&rsquo;avez peut-\u00eatre vue \u00e0 la t\u00e9l\u00e9 ou entendue \u00e0 la radio. Elle s&rsquo;y connait dr\u00f4lement bien et a su trouver les mots exacts pour expliquer \u00e0 Th\u00e9r\u00e9bentine et \u00e0 vos enfants comment se forment un arc-en-ciel, qu&rsquo;est-ce qu&rsquo;un orage, qu&rsquo;est ce que l&rsquo;amplitude thermique, d&rsquo;o\u00f9 vient l&rsquo;expression \u00ab\u00a0un temps \u00e0 \u00e9corn\u00e9 un boeuf\u00a0\u00bb etc&#8230; Le tout avec toujours beaucoup d&rsquo;humour.<\/p>\n<p>Gr\u00e2ce \u00e0 cet album, vos enfants seront incollables sur le sujet et feront la pluie et le beau temps \u00e0 la maison.<\/p>","protected":false},"excerpt":{"rendered":"<p>Cet album n&rsquo;est pas en vente sur ce site mais vous pouvez vous le procurer sur le site officiel :<\/p>\n<div class=\"wp-block-buttons\">\n<div class=\"wp-block-button\"><a class=\"wp-block-button__link\" href=\"https:\/\/www.canards-volants.fr\/produit\/therebentine-hs02-fait-la-pluie-et-le-beau-temps\/\" target=\"_blank\" rel=\"noopener\">Les Canards Volants<\/a><\/div>\n<\/div>","protected":false},"featured_media":2694,"template":"","meta":{"_gspb_post_css":"","site-sidebar-layout":"default","site-content-layout":"default","ast-site-content-layout":"default","site-content-style":"default","site-sidebar-style":"default","ast-global-header-display":"","ast-banner-title-visibility":"","ast-main-header-display":"","ast-hfb-above-header-display":"","ast-hfb-below-header-display":"","ast-hfb-mobile-header-display":"","site-post-title":"","ast-breadcrumbs-content":"","ast-featured-img":"","footer-sml-layout":"","ast-disable-related-posts":"","theme-transparent-header-meta":"default","adv-header-id-meta":"","stick-header-meta":"","header-above-stick-meta":"","header-main-stick-meta":"","header-below-stick-meta":"","astra-migrate-meta-layouts":"default","ast-page-background-enabled":"default","ast-page-background-meta":{"desktop":{"background-color":"","background-image":"","background-repeat":"repeat","background-position":"center center","background-size":"auto","background-attachment":"scroll","background-type":"","background-media":"","overlay-type":"","overlay-color":"","overlay-opacity":"","overlay-gradient":""},"tablet":{"background-color":"","background-image":"","background-repeat":"repeat","background-position":"center center","background-size":"auto","background-attachment":"scroll","background-type":"","background-media":"","overlay-type":"","overlay-color":"","overlay-opacity":"","overlay-gradient":""},"mobile":{"background-color":"","background-image":"","background-repeat":"repeat","background-position":"center center","background-size":"auto","background-attachment":"scroll","background-type":"","background-media":"","overlay-type":"","overlay-color":"","overlay-opacity":"","overlay-gradient":""}},"ast-content-background-meta":{"desktop":{"background-color":"var(--ast-global-color-5)","background-image":"","background-repeat":"repeat","background-position":"center center","background-size":"auto","background-attachment":"scroll","background-type":"","background-media":"","overlay-type":"","overlay-color":"","overlay-opacity":"","overlay-gradient":""},"tablet":{"background-color":"var(--ast-global-color-5)","background-image":"","background-repeat":"repeat","background-position":"center center","background-size":"auto","background-attachment":"scroll","background-type":"","background-media":"","overlay-type":"","overlay-color":"","overlay-opacity":"","overlay-gradient":""},"mobile":{"background-color":"var(--ast-global-color-5)","background-image":"","background-repeat":"repeat","background-position":"center center","background-size":"auto","background-attachment":"scroll","background-type":"","background-media":"","overlay-type":"","overlay-color":"","overlay-opacity":"","overlay-gradient":""}}},"product_brand":[],"product_cat":[30],"product_tag":[],"class_list":{"0":"post-2723","1":"product","2":"type-product","3":"status-publish","4":"has-post-thumbnail","6":"product_cat-therebentine","7":"product_shipping_class-bd","8":"desktop-align-left","9":"tablet-align-left","10":"mobile-align-left","12":"first","13":"outofstock","14":"taxable","15":"shipping-taxable","16":"purchasable","17":"product-type-simple"},"_links":{"self":[{"href":"https:\/\/www.marcelchampion.com\/en\/wp-json\/wp\/v2\/product\/2723","targetHints":{"allow":["GET"]}}],"collection":[{"href":"https:\/\/www.marcelchampion.com\/en\/wp-json\/wp\/v2\/product"}],"about":[{"href":"https:\/\/www.marcelchampion.com\/en\/wp-json\/wp\/v2\/types\/product"}],"wp:featuredmedia":[{"embeddable":true,"href":"https:\/\/www.marcelchampion.com\/en\/wp-json\/wp\/v2\/media\/2694"}],"wp:attachment":[{"href":"https:\/\/www.marcelchampion.com\/en\/wp-json\/wp\/v2\/media?parent=2723"}],"wp:term":[{"taxonomy":"product_brand","embeddable":true,"href":"https:\/\/www.marcelchampion.com\/en\/wp-json\/wp\/v2\/product_brand?post=2723"},{"taxonomy":"product_cat","embeddable":true,"href":"https:\/\/www.marcelchampion.com\/en\/wp-json\/wp\/v2\/product_cat?post=2723"},{"taxonomy":"product_tag","embeddable":true,"href":"https:\/\/www.marcelchampion.com\/en\/wp-json\/wp\/v2\/product_tag?post=2723"}],"curies":[{"name":"wp","href":"https:\/\/api.w.org\/{rel}","templated":true}]}}