{"id":2722,"date":"2021-09-25T18:01:47","date_gmt":"2021-09-25T16:01:47","guid":{"rendered":"http:\/\/marcelchampion.com\/?post_type=product&#038;p=2722"},"modified":"2024-10-19T15:17:35","modified_gmt":"2024-10-19T13:17:35","slug":"therebentine-hs01-mes-gouters-preferes","status":"publish","type":"product","link":"https:\/\/www.marcelchampion.com\/en\/product\/therebentine-hs01-mes-gouters-preferes\/","title":{"rendered":"Th\u00e9r\u00e9bentine &#8211; HS01 &#8211; Mes go\u00fbters pr\u00e9f\u00e9r\u00e9s"},"content":{"rendered":"<p>Pour ce premier hors-s\u00e9rie de Th\u00e9r\u00e9bentine, notre h\u00e9ro\u00efne partage avec vous et vos enfants, les recettes de ses go\u00fbters pr\u00e9f\u00e9r\u00e9s. Elle a demand\u00e9 au chef Yoyo (un vrai chef qui travaille en Angleterre) de venir l\u2019aider \u00e0 concocter pour vous les plats qu\u2019elle aime d\u00e9vorer en rentrant de l\u2019\u00e9cole. Il y en a pour tous les go\u00fbts. Sucr\u00e9s, sal\u00e9s, chauds, froids, vos papilles vont adorer.<\/p>\n<p>Le chef Yoyo a fait en sorte de vous proposer des recettes faciles \u00e0 r\u00e9aliser pour que vos enfants puissent cuisiner avec vous. Quoi de mieux que la cuisine pour pratiquer une activit\u00e9 en famille et se r\u00e9galer ??? Merci qui ? Merci Th\u00e9r\u00e9bentine.<\/p>","protected":false},"excerpt":{"rendered":"<p>Cet album n&rsquo;est pas en vente sur ce site mais vous pouvez vous le procurer sur le site officiel :<\/p>\n<div class=\"wp-block-buttons\">\n<div class=\"wp-block-button\"><a class=\"wp-block-button__link\" href=\"https:\/\/www.canards-volants.fr\/produit\/therebentine-hs01-mes-gouters-preferes\/\" target=\"_blank\" rel=\"noopener\">Les Canards Volants<\/a><\/div>\n<\/div>","protected":false},"featured_media":2695,"template":"","meta":{"_gspb_post_css":"","site-sidebar-layout":"default","site-content-layout":"default","ast-site-content-layout":"default","site-content-style":"default","site-sidebar-style":"default","ast-global-header-display":"","ast-banner-title-visibility":"","ast-main-header-display":"","ast-hfb-above-header-display":"","ast-hfb-below-header-display":"","ast-hfb-mobile-header-display":"","site-post-title":"","ast-breadcrumbs-content":"","ast-featured-img":"","footer-sml-layout":"","ast-disable-related-posts":"","theme-transparent-header-meta":"default","adv-header-id-meta":"","stick-header-meta":"","header-above-stick-meta":"","header-main-stick-meta":"","header-below-stick-meta":"","astra-migrate-meta-layouts":"default","ast-page-background-enabled":"default","ast-page-background-meta":{"desktop":{"background-color":"","background-image":"","background-repeat":"repeat","background-position":"center center","background-size":"auto","background-attachment":"scroll","background-type":"","background-media":"","overlay-type":"","overlay-color":"","overlay-opacity":"","overlay-gradient":""},"tablet":{"background-color":"","background-image":"","background-repeat":"repeat","background-position":"center center","background-size":"auto","background-attachment":"scroll","background-type":"","background-media":"","overlay-type":"","overlay-color":"","overlay-opacity":"","overlay-gradient":""},"mobile":{"background-color":"","background-image":"","background-repeat":"repeat","background-position":"center center","background-size":"auto","background-attachment":"scroll","background-type":"","background-media":"","overlay-type":"","overlay-color":"","overlay-opacity":"","overlay-gradient":""}},"ast-content-background-meta":{"desktop":{"background-color":"var(--ast-global-color-5)","background-image":"","background-repeat":"repeat","background-position":"center center","background-size":"auto","background-attachment":"scroll","background-type":"","background-media":"","overlay-type":"","overlay-color":"","overlay-opacity":"","overlay-gradient":""},"tablet":{"background-color":"var(--ast-global-color-5)","background-image":"","background-repeat":"repeat","background-position":"center center","background-size":"auto","background-attachment":"scroll","background-type":"","background-media":"","overlay-type":"","overlay-color":"","overlay-opacity":"","overlay-gradient":""},"mobile":{"background-color":"var(--ast-global-color-5)","background-image":"","background-repeat":"repeat","background-position":"center center","background-size":"auto","background-attachment":"scroll","background-type":"","background-media":"","overlay-type":"","overlay-color":"","overlay-opacity":"","overlay-gradient":""}}},"product_brand":[],"product_cat":[30],"product_tag":[],"class_list":{"0":"post-2722","1":"product","2":"type-product","3":"status-publish","4":"has-post-thumbnail","6":"product_cat-therebentine","7":"product_shipping_class-bd","8":"desktop-align-left","9":"tablet-align-left","10":"mobile-align-left","12":"first","13":"outofstock","14":"taxable","15":"shipping-taxable","16":"purchasable","17":"product-type-simple"},"_links":{"self":[{"href":"https:\/\/www.marcelchampion.com\/en\/wp-json\/wp\/v2\/product\/2722","targetHints":{"allow":["GET"]}}],"collection":[{"href":"https:\/\/www.marcelchampion.com\/en\/wp-json\/wp\/v2\/product"}],"about":[{"href":"https:\/\/www.marcelchampion.com\/en\/wp-json\/wp\/v2\/types\/product"}],"wp:featuredmedia":[{"embeddable":true,"href":"https:\/\/www.marcelchampion.com\/en\/wp-json\/wp\/v2\/media\/2695"}],"wp:attachment":[{"href":"https:\/\/www.marcelchampion.com\/en\/wp-json\/wp\/v2\/media?parent=2722"}],"wp:term":[{"taxonomy":"product_brand","embeddable":true,"href":"https:\/\/www.marcelchampion.com\/en\/wp-json\/wp\/v2\/product_brand?post=2722"},{"taxonomy":"product_cat","embeddable":true,"href":"https:\/\/www.marcelchampion.com\/en\/wp-json\/wp\/v2\/product_cat?post=2722"},{"taxonomy":"product_tag","embeddable":true,"href":"https:\/\/www.marcelchampion.com\/en\/wp-json\/wp\/v2\/product_tag?post=2722"}],"curies":[{"name":"wp","href":"https:\/\/api.w.org\/{rel}","templated":true}]}}