{"id":2721,"date":"2021-09-25T17:58:26","date_gmt":"2021-09-25T15:58:26","guid":{"rendered":"http:\/\/marcelchampion.com\/?post_type=product&#038;p=2721"},"modified":"2024-10-19T15:17:35","modified_gmt":"2024-10-19T13:17:35","slug":"therebentine-03-la-grande-evasion","status":"publish","type":"product","link":"https:\/\/www.marcelchampion.com\/en\/product\/therebentine-03-la-grande-evasion\/","title":{"rendered":"Th\u00e9r\u00e9bentine &#8211; #03 &#8211; La grande \u00e9vasion"},"content":{"rendered":"<p>La grande \u00e9vasion est le troisi\u00e8me album de Th\u00e9r\u00e9bentine. C&rsquo;est aussi celui de sa premi\u00e8re vraie aventure. Le premier \u00e9tait r\u00e9serv\u00e9 aux plus petits, le second s&rsquo;appuyait sur un conte tr\u00e8s connu, ici Th\u00e9r\u00e9bentine vole de ses propres ailes. Le concept reste le m\u00eame. Une BD sans texte. Alors qu&rsquo;elle observe les \u00e9toiles sur le balcon de sa chambre, elle aper\u00e7oit une lueur \u00e0 la lisi\u00e8re de la ville. Intrigu\u00e9e, elle dirige sa lunette vers cette lumi\u00e8re et l\u00e0, elle d\u00e9couvre un cirque. D&rsquo;abord enthousiasm\u00e9e par toutes ces jolies couleurs, elle d\u00e9chante tr\u00e8s vite en apercevant la m\u00e9nagerie o\u00f9 les animaux sont enferm\u00e9s dans de toutes petites cages. Ni une ni deux, elle d\u00e9cide d&rsquo;aller les lib\u00e9rer.<\/p>\n<p>Cette nouvelle aventure pleine de rebondissements va ravir vos enfants. Les dessins foisonnent de d\u00e9tails rigolos. Certains personnages c\u00e9l\u00e8bres y font m\u00eame une apparition. Saurez-vous les reconnaitre ???<\/p>","protected":false},"excerpt":{"rendered":"<p>Cet album n&rsquo;est pas en vente sur ce site mais vous pouvez vous le procurer sur le site officiel :<\/p>\n<div class=\"wp-block-buttons\">\n<div class=\"wp-block-button\"><a class=\"wp-block-button__link\" href=\"https:\/\/www.canards-volants.fr\/produit\/therebentine-03-la-grande-evasion\/\" target=\"_blank\" rel=\"noopener\">Les Canards Volants<\/a><\/div>\n<\/div>","protected":false},"featured_media":2693,"template":"","meta":{"_gspb_post_css":"","site-sidebar-layout":"default","site-content-layout":"default","ast-site-content-layout":"default","site-content-style":"default","site-sidebar-style":"default","ast-global-header-display":"","ast-banner-title-visibility":"","ast-main-header-display":"","ast-hfb-above-header-display":"","ast-hfb-below-header-display":"","ast-hfb-mobile-header-display":"","site-post-title":"","ast-breadcrumbs-content":"","ast-featured-img":"","footer-sml-layout":"","ast-disable-related-posts":"","theme-transparent-header-meta":"default","adv-header-id-meta":"","stick-header-meta":"","header-above-stick-meta":"","header-main-stick-meta":"","header-below-stick-meta":"","astra-migrate-meta-layouts":"default","ast-page-background-enabled":"default","ast-page-background-meta":{"desktop":{"background-color":"","background-image":"","background-repeat":"repeat","background-position":"center center","background-size":"auto","background-attachment":"scroll","background-type":"","background-media":"","overlay-type":"","overlay-color":"","overlay-opacity":"","overlay-gradient":""},"tablet":{"background-color":"","background-image":"","background-repeat":"repeat","background-position":"center center","background-size":"auto","background-attachment":"scroll","background-type":"","background-media":"","overlay-type":"","overlay-color":"","overlay-opacity":"","overlay-gradient":""},"mobile":{"background-color":"","background-image":"","background-repeat":"repeat","background-position":"center center","background-size":"auto","background-attachment":"scroll","background-type":"","background-media":"","overlay-type":"","overlay-color":"","overlay-opacity":"","overlay-gradient":""}},"ast-content-background-meta":{"desktop":{"background-color":"var(--ast-global-color-5)","background-image":"","background-repeat":"repeat","background-position":"center center","background-size":"auto","background-attachment":"scroll","background-type":"","background-media":"","overlay-type":"","overlay-color":"","overlay-opacity":"","overlay-gradient":""},"tablet":{"background-color":"var(--ast-global-color-5)","background-image":"","background-repeat":"repeat","background-position":"center center","background-size":"auto","background-attachment":"scroll","background-type":"","background-media":"","overlay-type":"","overlay-color":"","overlay-opacity":"","overlay-gradient":""},"mobile":{"background-color":"var(--ast-global-color-5)","background-image":"","background-repeat":"repeat","background-position":"center center","background-size":"auto","background-attachment":"scroll","background-type":"","background-media":"","overlay-type":"","overlay-color":"","overlay-opacity":"","overlay-gradient":""}}},"product_brand":[],"product_cat":[30],"product_tag":[],"class_list":{"0":"post-2721","1":"product","2":"type-product","3":"status-publish","4":"has-post-thumbnail","6":"product_cat-therebentine","7":"product_shipping_class-bd","8":"desktop-align-left","9":"tablet-align-left","10":"mobile-align-left","12":"first","13":"outofstock","14":"featured","15":"taxable","16":"shipping-taxable","17":"purchasable","18":"product-type-simple"},"_links":{"self":[{"href":"https:\/\/www.marcelchampion.com\/en\/wp-json\/wp\/v2\/product\/2721","targetHints":{"allow":["GET"]}}],"collection":[{"href":"https:\/\/www.marcelchampion.com\/en\/wp-json\/wp\/v2\/product"}],"about":[{"href":"https:\/\/www.marcelchampion.com\/en\/wp-json\/wp\/v2\/types\/product"}],"wp:featuredmedia":[{"embeddable":true,"href":"https:\/\/www.marcelchampion.com\/en\/wp-json\/wp\/v2\/media\/2693"}],"wp:attachment":[{"href":"https:\/\/www.marcelchampion.com\/en\/wp-json\/wp\/v2\/media?parent=2721"}],"wp:term":[{"taxonomy":"product_brand","embeddable":true,"href":"https:\/\/www.marcelchampion.com\/en\/wp-json\/wp\/v2\/product_brand?post=2721"},{"taxonomy":"product_cat","embeddable":true,"href":"https:\/\/www.marcelchampion.com\/en\/wp-json\/wp\/v2\/product_cat?post=2721"},{"taxonomy":"product_tag","embeddable":true,"href":"https:\/\/www.marcelchampion.com\/en\/wp-json\/wp\/v2\/product_tag?post=2721"}],"curies":[{"name":"wp","href":"https:\/\/api.w.org\/{rel}","templated":true}]}}