{"id":2720,"date":"2021-09-25T17:55:19","date_gmt":"2021-09-25T15:55:19","guid":{"rendered":"http:\/\/marcelchampion.com\/?post_type=product&#038;p=2720"},"modified":"2024-10-19T15:17:35","modified_gmt":"2024-10-19T13:17:35","slug":"therebentine-02-le-petit-chaperon-rouge","status":"publish","type":"product","link":"https:\/\/www.marcelchampion.com\/en\/product\/therebentine-02-le-petit-chaperon-rouge\/","title":{"rendered":"Th\u00e9r\u00e9bentine &#8211; #02 &#8211; Le petit chaperon rouge"},"content":{"rendered":"<p>Apr\u00e8s un premier album r\u00e9serv\u00e9 aux plus petits, Th\u00e9r\u00e9bentine revient dans un album pour les plus grands (CP, CE1, CE2, CM1, CM2). Toujours le m\u00eame concept. Une BD sans texte. Cette fois-ci, Th\u00e9r\u00e9bentine se prend pour le petit chaperon rouge. Tout le monde y est, la m\u00e8re-grand, le loup, la maman, le petit pot de miel, tout. Vos enfants vont pouvoir suivre Th\u00e9r\u00e9bentine tout au long du conte.<\/p>\n<p>\u00c9tant donn\u00e9 que l&rsquo;album s&rsquo;adresse aux plus grands, l&rsquo;histoire est plus complexe, il se passe beaucoup plus de choses et les vignettes regorgent de d\u00e9tails. Bien entendu, Th\u00e9r\u00e9bentine n&rsquo;a rien perdu de son cot\u00e9 espi\u00e8gle et le loup va vite s&rsquo;en rendre compte. Belle aventure avec votre h\u00e9ro\u00efne pr\u00e9f\u00e9r\u00e9e.<\/p>","protected":false},"excerpt":{"rendered":"<p>Cet album n&rsquo;est pas en vente sur ce site mais vous pouvez vous le procurer sur le site officiel :<\/p>\n<div class=\"wp-block-buttons\">\n<div class=\"wp-block-button\"><a class=\"wp-block-button__link\" href=\"https:\/\/www.canards-volants.fr\/produit\/therebentine-02-le-petit-chaperon-rouge\/\" target=\"_blank\" rel=\"noopener\">Les Canards Volants<\/a><\/div>\n<\/div>","protected":false},"featured_media":2692,"template":"","meta":{"_gspb_post_css":"","site-sidebar-layout":"default","site-content-layout":"default","ast-site-content-layout":"default","site-content-style":"default","site-sidebar-style":"default","ast-global-header-display":"","ast-banner-title-visibility":"","ast-main-header-display":"","ast-hfb-above-header-display":"","ast-hfb-below-header-display":"","ast-hfb-mobile-header-display":"","site-post-title":"","ast-breadcrumbs-content":"","ast-featured-img":"","footer-sml-layout":"","ast-disable-related-posts":"","theme-transparent-header-meta":"default","adv-header-id-meta":"","stick-header-meta":"","header-above-stick-meta":"","header-main-stick-meta":"","header-below-stick-meta":"","astra-migrate-meta-layouts":"default","ast-page-background-enabled":"default","ast-page-background-meta":{"desktop":{"background-color":"","background-image":"","background-repeat":"repeat","background-position":"center center","background-size":"auto","background-attachment":"scroll","background-type":"","background-media":"","overlay-type":"","overlay-color":"","overlay-opacity":"","overlay-gradient":""},"tablet":{"background-color":"","background-image":"","background-repeat":"repeat","background-position":"center center","background-size":"auto","background-attachment":"scroll","background-type":"","background-media":"","overlay-type":"","overlay-color":"","overlay-opacity":"","overlay-gradient":""},"mobile":{"background-color":"","background-image":"","background-repeat":"repeat","background-position":"center center","background-size":"auto","background-attachment":"scroll","background-type":"","background-media":"","overlay-type":"","overlay-color":"","overlay-opacity":"","overlay-gradient":""}},"ast-content-background-meta":{"desktop":{"background-color":"var(--ast-global-color-5)","background-image":"","background-repeat":"repeat","background-position":"center center","background-size":"auto","background-attachment":"scroll","background-type":"","background-media":"","overlay-type":"","overlay-color":"","overlay-opacity":"","overlay-gradient":""},"tablet":{"background-color":"var(--ast-global-color-5)","background-image":"","background-repeat":"repeat","background-position":"center center","background-size":"auto","background-attachment":"scroll","background-type":"","background-media":"","overlay-type":"","overlay-color":"","overlay-opacity":"","overlay-gradient":""},"mobile":{"background-color":"var(--ast-global-color-5)","background-image":"","background-repeat":"repeat","background-position":"center center","background-size":"auto","background-attachment":"scroll","background-type":"","background-media":"","overlay-type":"","overlay-color":"","overlay-opacity":"","overlay-gradient":""}}},"product_brand":[],"product_cat":[30],"product_tag":[],"class_list":{"0":"post-2720","1":"product","2":"type-product","3":"status-publish","4":"has-post-thumbnail","6":"product_cat-therebentine","7":"product_shipping_class-bd","8":"desktop-align-left","9":"tablet-align-left","10":"mobile-align-left","12":"first","13":"outofstock","14":"featured","15":"taxable","16":"shipping-taxable","17":"purchasable","18":"product-type-simple"},"_links":{"self":[{"href":"https:\/\/www.marcelchampion.com\/en\/wp-json\/wp\/v2\/product\/2720","targetHints":{"allow":["GET"]}}],"collection":[{"href":"https:\/\/www.marcelchampion.com\/en\/wp-json\/wp\/v2\/product"}],"about":[{"href":"https:\/\/www.marcelchampion.com\/en\/wp-json\/wp\/v2\/types\/product"}],"wp:featuredmedia":[{"embeddable":true,"href":"https:\/\/www.marcelchampion.com\/en\/wp-json\/wp\/v2\/media\/2692"}],"wp:attachment":[{"href":"https:\/\/www.marcelchampion.com\/en\/wp-json\/wp\/v2\/media?parent=2720"}],"wp:term":[{"taxonomy":"product_brand","embeddable":true,"href":"https:\/\/www.marcelchampion.com\/en\/wp-json\/wp\/v2\/product_brand?post=2720"},{"taxonomy":"product_cat","embeddable":true,"href":"https:\/\/www.marcelchampion.com\/en\/wp-json\/wp\/v2\/product_cat?post=2720"},{"taxonomy":"product_tag","embeddable":true,"href":"https:\/\/www.marcelchampion.com\/en\/wp-json\/wp\/v2\/product_tag?post=2720"}],"curies":[{"name":"wp","href":"https:\/\/api.w.org\/{rel}","templated":true}]}}