{"id":2672,"date":"2021-09-23T16:43:39","date_gmt":"2021-09-23T14:43:39","guid":{"rendered":"http:\/\/marcelchampion.com\/?post_type=product&#038;p=2672"},"modified":"2021-11-11T13:26:29","modified_gmt":"2021-11-11T12:26:29","slug":"playmobil-5-dragoon","status":"publish","type":"product","link":"https:\/\/www.marcelchampion.com\/en\/product\/playmobil-5-dragoon\/","title":{"rendered":"Playmobil #5 Dragoon"},"content":{"rendered":"<p>Vous \u00eates fan de d\u00e9co contemporaine et d&rsquo;objets insolites ? Cette princesse Playmobil est faite pour vous. Bas\u00e9e sur un Playmobil de la s\u00e9rie XXL (la princesse), cet objet est enti\u00e8rement graff\u00e9. Seul le visage et les mains du personnage ont \u00e9t\u00e9 conserv\u00e9s en l&rsquo;\u00e9tat. C&rsquo;est la branche Street art de Marcel Champion\u00a0 (FAKE) qui s&rsquo;est occup\u00e9e de la r\u00e9alisation. Vous trouverez plein de d\u00e9tails rigolos, un dragon autour de sa chevelure, un coeur en vrai puzzle dans le dos, des monstres gentils, l&rsquo;Alin\u00e9a et bien d&rsquo;autres. Si vous cherchez \u00e0 mettre une touche de couleur dans une pi\u00e8ce, ce Playmobil va vous ravir.<\/p>\n<p>Cot\u00e9 technique, la t\u00eate, les bras et les jambes bougent. Un vernis \u00e9poxy a \u00e9t\u00e9 appliqu\u00e9 pour prot\u00e9ger la peinture des chocs et des UV. La princesse, comme toute princesse est coiff\u00e9e d&rsquo;une couronne, mais pas n&rsquo;importe quelle couronne, une couronne en fil de fer barbel\u00e9 rouge pour montrer que ce n&rsquo;est pas facile tous les jour d&rsquo;\u00eatre une princesse.<\/p>\n<p>Plus que quelques clics et ce Playmobil est \u00e0 vous.<\/p>","protected":false},"excerpt":{"rendered":"<p>Playmobil princesse XXL enti\u00e8rement tagu\u00e9 par l&rsquo;\u00e9quipe Street art de Marcel Champion, FAKE.<br \/>\nFan de Playmobil ou de d\u00e9coration, cet objet est un incontournable.<\/p>","protected":false},"featured_media":2589,"template":"","meta":{"_gspb_post_css":"","site-sidebar-layout":"default","site-content-layout":"default","ast-site-content-layout":"default","site-content-style":"default","site-sidebar-style":"default","ast-global-header-display":"","ast-banner-title-visibility":"","ast-main-header-display":"","ast-hfb-above-header-display":"","ast-hfb-below-header-display":"","ast-hfb-mobile-header-display":"","site-post-title":"","ast-breadcrumbs-content":"","ast-featured-img":"","footer-sml-layout":"","ast-disable-related-posts":"","theme-transparent-header-meta":"default","adv-header-id-meta":"","stick-header-meta":"","header-above-stick-meta":"","header-main-stick-meta":"","header-below-stick-meta":"","astra-migrate-meta-layouts":"default","ast-page-background-enabled":"default","ast-page-background-meta":{"desktop":{"background-color":"","background-image":"","background-repeat":"repeat","background-position":"center center","background-size":"auto","background-attachment":"scroll","background-type":"","background-media":"","overlay-type":"","overlay-color":"","overlay-opacity":"","overlay-gradient":""},"tablet":{"background-color":"","background-image":"","background-repeat":"repeat","background-position":"center center","background-size":"auto","background-attachment":"scroll","background-type":"","background-media":"","overlay-type":"","overlay-color":"","overlay-opacity":"","overlay-gradient":""},"mobile":{"background-color":"","background-image":"","background-repeat":"repeat","background-position":"center center","background-size":"auto","background-attachment":"scroll","background-type":"","background-media":"","overlay-type":"","overlay-color":"","overlay-opacity":"","overlay-gradient":""}},"ast-content-background-meta":{"desktop":{"background-color":"var(--ast-global-color-5)","background-image":"","background-repeat":"repeat","background-position":"center center","background-size":"auto","background-attachment":"scroll","background-type":"","background-media":"","overlay-type":"","overlay-color":"","overlay-opacity":"","overlay-gradient":""},"tablet":{"background-color":"var(--ast-global-color-5)","background-image":"","background-repeat":"repeat","background-position":"center center","background-size":"auto","background-attachment":"scroll","background-type":"","background-media":"","overlay-type":"","overlay-color":"","overlay-opacity":"","overlay-gradient":""},"mobile":{"background-color":"var(--ast-global-color-5)","background-image":"","background-repeat":"repeat","background-position":"center center","background-size":"auto","background-attachment":"scroll","background-type":"","background-media":"","overlay-type":"","overlay-color":"","overlay-opacity":"","overlay-gradient":""}}},"product_brand":[],"product_cat":[37],"product_tag":[],"class_list":{"0":"post-2672","1":"product","2":"type-product","3":"status-publish","4":"has-post-thumbnail","6":"product_cat-playmos","7":"product_shipping_class-art","8":"desktop-align-left","9":"tablet-align-left","10":"mobile-align-left","12":"first","13":"instock","14":"taxable","15":"shipping-taxable","16":"purchasable","17":"product-type-simple"},"_links":{"self":[{"href":"https:\/\/www.marcelchampion.com\/en\/wp-json\/wp\/v2\/product\/2672","targetHints":{"allow":["GET"]}}],"collection":[{"href":"https:\/\/www.marcelchampion.com\/en\/wp-json\/wp\/v2\/product"}],"about":[{"href":"https:\/\/www.marcelchampion.com\/en\/wp-json\/wp\/v2\/types\/product"}],"wp:featuredmedia":[{"embeddable":true,"href":"https:\/\/www.marcelchampion.com\/en\/wp-json\/wp\/v2\/media\/2589"}],"wp:attachment":[{"href":"https:\/\/www.marcelchampion.com\/en\/wp-json\/wp\/v2\/media?parent=2672"}],"wp:term":[{"taxonomy":"product_brand","embeddable":true,"href":"https:\/\/www.marcelchampion.com\/en\/wp-json\/wp\/v2\/product_brand?post=2672"},{"taxonomy":"product_cat","embeddable":true,"href":"https:\/\/www.marcelchampion.com\/en\/wp-json\/wp\/v2\/product_cat?post=2672"},{"taxonomy":"product_tag","embeddable":true,"href":"https:\/\/www.marcelchampion.com\/en\/wp-json\/wp\/v2\/product_tag?post=2672"}],"curies":[{"name":"wp","href":"https:\/\/api.w.org\/{rel}","templated":true}]}}