{"id":2407,"date":"2021-09-10T15:02:56","date_gmt":"2021-09-10T13:02:56","guid":{"rendered":"http:\/\/marcelchampion.com\/?post_type=product&#038;p=2407"},"modified":"2025-10-06T21:51:50","modified_gmt":"2025-10-06T19:51:50","slug":"capitaine-flemme-01-dernier-espoir","status":"publish","type":"product","link":"https:\/\/www.marcelchampion.com\/en\/product\/capitaine-flemme-01-dernier-espoir\/","title":{"rendered":"Capitaine Flemme &#8211; #01 &#8211; Dernier espoir"},"content":{"rendered":"<p class=\"Corps\"><span lang=\"FR\">Avant d\u2019acheter cet album, posez vous les questions suivantes : est-ce que j\u2019ai de l\u2019humour ? Est-ce que j\u2019appr\u00e9cie les livres qui font r\u00e9fl\u00e9chir ? Est-ce que j\u2019aime \u00eatre surpris par un livre quand je le d\u00e9couvre ?<br \/>\n<\/span><\/p>\n<p class=\"Corps\"><span lang=\"FR\">Si vous r\u00e9pondez \u00e0 toutes ces questions par oui, alors vous pouvez acheter cet album les yeux ferm\u00e9s. Vous allez adorer et il deviendra votre livre f\u00e9tiche. Si vous r\u00e9pondez non \u00e0 une de ces questions, alors dirigez vous vers une autre de nos s\u00e9ries, comme Lapince et Domino. Capitaine Flemme n\u2019est pas fait pour vous.<\/span><\/p>\n<p class=\"Corps\"><span lang=\"FR\">\u00ab\u00a0Dernier espoir\u00a0\u00bb raconte les aventures du Capitaine Flemme, le cousin du c\u00e9l\u00e8bre Capitaine Flam, sauf que Flemme lui n\u2019est pas pass\u00e9 \u00e0 la post\u00e9rit\u00e9. Cet album va lui offrir la possibilit\u00e9 de se rattraper car son cousin ne peut pas venir alors que la Terre est attaqu\u00e9e par des extra-terrestres. Le dernier espoir de l\u2019humanit\u00e9 repose sur lui. Sera-t-il \u00e0 la hauteur de l\u2019\u00e9v\u00e8nement ? Une seule fa\u00e7on de la savoir, acheter l\u2019album.<\/span><\/p>","protected":false},"excerpt":{"rendered":"<p class=\"Corps\"><span lang=\"FR\">Alors que la Terre est attaqu\u00e9e par des assaillants qui veulent d\u00e9truire l\u2019humanit\u00e9, la police intersid\u00e9rale n\u2019a d\u2019autre choix que de faire appel au Capitaine Flam. Mais pour une raison incongrue, il ne peut pas venir C\u2019est vers son cousin, le Capitaine Flemme, que le chef de la police intersid\u00e9rale et Jenny se tournent. BD totalement atypique qui va vous surprendre \u00e0 coup s\u00fbr.<\/span><\/p>","protected":false},"featured_media":2565,"template":"","meta":{"_gspb_post_css":"","site-sidebar-layout":"default","site-content-layout":"default","ast-site-content-layout":"default","site-content-style":"default","site-sidebar-style":"default","ast-global-header-display":"","ast-banner-title-visibility":"","ast-main-header-display":"","ast-hfb-above-header-display":"","ast-hfb-below-header-display":"","ast-hfb-mobile-header-display":"","site-post-title":"","ast-breadcrumbs-content":"","ast-featured-img":"","footer-sml-layout":"","ast-disable-related-posts":"","theme-transparent-header-meta":"default","adv-header-id-meta":"","stick-header-meta":"","header-above-stick-meta":"","header-main-stick-meta":"","header-below-stick-meta":"","astra-migrate-meta-layouts":"default","ast-page-background-enabled":"default","ast-page-background-meta":{"desktop":{"background-color":"","background-image":"","background-repeat":"repeat","background-position":"center center","background-size":"auto","background-attachment":"scroll","background-type":"","background-media":"","overlay-type":"","overlay-color":"","overlay-opacity":"","overlay-gradient":""},"tablet":{"background-color":"","background-image":"","background-repeat":"repeat","background-position":"center center","background-size":"auto","background-attachment":"scroll","background-type":"","background-media":"","overlay-type":"","overlay-color":"","overlay-opacity":"","overlay-gradient":""},"mobile":{"background-color":"","background-image":"","background-repeat":"repeat","background-position":"center center","background-size":"auto","background-attachment":"scroll","background-type":"","background-media":"","overlay-type":"","overlay-color":"","overlay-opacity":"","overlay-gradient":""}},"ast-content-background-meta":{"desktop":{"background-color":"var(--ast-global-color-5)","background-image":"","background-repeat":"repeat","background-position":"center center","background-size":"auto","background-attachment":"scroll","background-type":"","background-media":"","overlay-type":"","overlay-color":"","overlay-opacity":"","overlay-gradient":""},"tablet":{"background-color":"var(--ast-global-color-5)","background-image":"","background-repeat":"repeat","background-position":"center center","background-size":"auto","background-attachment":"scroll","background-type":"","background-media":"","overlay-type":"","overlay-color":"","overlay-opacity":"","overlay-gradient":""},"mobile":{"background-color":"var(--ast-global-color-5)","background-image":"","background-repeat":"repeat","background-position":"center center","background-size":"auto","background-attachment":"scroll","background-type":"","background-media":"","overlay-type":"","overlay-color":"","overlay-opacity":"","overlay-gradient":""}}},"product_brand":[],"product_cat":[27],"product_tag":[],"class_list":{"0":"post-2407","1":"product","2":"type-product","3":"status-publish","4":"has-post-thumbnail","6":"product_cat-capitaine-flemme","7":"product_shipping_class-bd","8":"desktop-align-left","9":"tablet-align-left","10":"mobile-align-left","12":"first","13":"instock","14":"featured","15":"taxable","16":"shipping-taxable","17":"purchasable","18":"product-type-simple"},"_links":{"self":[{"href":"https:\/\/www.marcelchampion.com\/en\/wp-json\/wp\/v2\/product\/2407","targetHints":{"allow":["GET"]}}],"collection":[{"href":"https:\/\/www.marcelchampion.com\/en\/wp-json\/wp\/v2\/product"}],"about":[{"href":"https:\/\/www.marcelchampion.com\/en\/wp-json\/wp\/v2\/types\/product"}],"wp:featuredmedia":[{"embeddable":true,"href":"https:\/\/www.marcelchampion.com\/en\/wp-json\/wp\/v2\/media\/2565"}],"wp:attachment":[{"href":"https:\/\/www.marcelchampion.com\/en\/wp-json\/wp\/v2\/media?parent=2407"}],"wp:term":[{"taxonomy":"product_brand","embeddable":true,"href":"https:\/\/www.marcelchampion.com\/en\/wp-json\/wp\/v2\/product_brand?post=2407"},{"taxonomy":"product_cat","embeddable":true,"href":"https:\/\/www.marcelchampion.com\/en\/wp-json\/wp\/v2\/product_cat?post=2407"},{"taxonomy":"product_tag","embeddable":true,"href":"https:\/\/www.marcelchampion.com\/en\/wp-json\/wp\/v2\/product_tag?post=2407"}],"curies":[{"name":"wp","href":"https:\/\/api.w.org\/{rel}","templated":true}]}}