{"id":2396,"date":"2021-09-09T14:57:27","date_gmt":"2021-09-09T12:57:27","guid":{"rendered":"http:\/\/marcelchampion.com\/?post_type=product&#038;p=2396"},"modified":"2024-10-19T15:17:35","modified_gmt":"2024-10-19T13:17:35","slug":"lapince-et-domino-01-laffaire-spybots","status":"publish","type":"product","link":"https:\/\/www.marcelchampion.com\/en\/product\/lapince-et-domino-01-laffaire-spybots\/","title":{"rendered":"Lapince et Domino &#8211; #01 &#8211; L\u2019affaire Spybots"},"content":{"rendered":"<p>Lapince et Domino est une BD polici\u00e8re et humoristique \u00e0 la fois originale dans sa forme, un livre \u00e0 l\u2019italienne tr\u00e8s allong\u00e9, presque un objet d\u00e9co \u00e0 lui seul et sur le fond. Chaque page est une mini histoire et lorsqu\u2019on met toutes ces mini histoires bout \u00e0 bout on obtient l\u2019histoire compl\u00e8te, c\u2019est plus compliqu\u00e9 \u00e0 \u00e9crire, mais c\u2019est beaucoup plus dynamique aussi.<\/p>\n<p>Ce premier tome voit nos deux h\u00e9ros faire face \u00e0 plusieurs dossiers, tout d\u2019abord retrouver une petite fille qui a disparu et dont les parents n\u2019ont pas de nouvelles et retrouver des dossiers tr\u00e8s sensibles vol\u00e9s dans une soci\u00e9t\u00e9 du nom de Spybots. Pour savoir si ils vont y arriver malgr\u00e9 leurs lacunes, il n\u2019y a qu\u2019une fa\u00e7on, vous procurer l\u2019album.<\/p>","protected":false},"excerpt":{"rendered":"<p class=\"Pardfaut\" style=\"line-height: 17.0pt; margin: 0in 0in 12.0pt 0in;\"><span lang=\"FR\" style=\"font-size: 11.0pt; background: white;\">Lapince et Domino est une s\u00e9rie polici\u00e8re humoristique. <\/span><\/p>\n<p class=\"Pardfaut\" style=\"line-height: 17.0pt; margin: 0in 0in 12.0pt 0in;\"><span lang=\"FR\" style=\"font-size: 11.0pt; background: white;\">Elle met en sc\u00e8ne un commandant de police, Lapince et un brigadier, Domino. Ce dernier est l\u2019agr\u00e9gat de tous les clich\u00e9s n\u00e9gatifs que l\u2019on peut avoir sur la police, alcoolique, violent, misogyne, raciste, la totale. Dans ce premier album ils doivent retrouver une petite fille disparue et des dossiers hypersensibles vol\u00e9s chez Spybots. Inutile de vous dire que ce n\u2019est pas gagn\u00e9. <\/span><\/p>\n<p class=\"Corps\"><span lang=\"FR\">\u00a0<\/span><\/p>","protected":false},"featured_media":2544,"template":"","meta":{"_gspb_post_css":"","site-sidebar-layout":"default","site-content-layout":"default","ast-site-content-layout":"default","site-content-style":"default","site-sidebar-style":"default","ast-global-header-display":"","ast-banner-title-visibility":"","ast-main-header-display":"","ast-hfb-above-header-display":"","ast-hfb-below-header-display":"","ast-hfb-mobile-header-display":"","site-post-title":"","ast-breadcrumbs-content":"","ast-featured-img":"","footer-sml-layout":"","ast-disable-related-posts":"","theme-transparent-header-meta":"default","adv-header-id-meta":"","stick-header-meta":"","header-above-stick-meta":"","header-main-stick-meta":"","header-below-stick-meta":"","astra-migrate-meta-layouts":"default","ast-page-background-enabled":"default","ast-page-background-meta":{"desktop":{"background-color":"","background-image":"","background-repeat":"repeat","background-position":"center center","background-size":"auto","background-attachment":"scroll","background-type":"","background-media":"","overlay-type":"","overlay-color":"","overlay-opacity":"","overlay-gradient":""},"tablet":{"background-color":"","background-image":"","background-repeat":"repeat","background-position":"center center","background-size":"auto","background-attachment":"scroll","background-type":"","background-media":"","overlay-type":"","overlay-color":"","overlay-opacity":"","overlay-gradient":""},"mobile":{"background-color":"","background-image":"","background-repeat":"repeat","background-position":"center center","background-size":"auto","background-attachment":"scroll","background-type":"","background-media":"","overlay-type":"","overlay-color":"","overlay-opacity":"","overlay-gradient":""}},"ast-content-background-meta":{"desktop":{"background-color":"var(--ast-global-color-5)","background-image":"","background-repeat":"repeat","background-position":"center center","background-size":"auto","background-attachment":"scroll","background-type":"","background-media":"","overlay-type":"","overlay-color":"","overlay-opacity":"","overlay-gradient":""},"tablet":{"background-color":"var(--ast-global-color-5)","background-image":"","background-repeat":"repeat","background-position":"center center","background-size":"auto","background-attachment":"scroll","background-type":"","background-media":"","overlay-type":"","overlay-color":"","overlay-opacity":"","overlay-gradient":""},"mobile":{"background-color":"var(--ast-global-color-5)","background-image":"","background-repeat":"repeat","background-position":"center center","background-size":"auto","background-attachment":"scroll","background-type":"","background-media":"","overlay-type":"","overlay-color":"","overlay-opacity":"","overlay-gradient":""}}},"product_brand":[],"product_cat":[28],"product_tag":[],"class_list":{"0":"post-2396","1":"product","2":"type-product","3":"status-publish","4":"has-post-thumbnail","6":"product_cat-lapince-et-domino","7":"product_shipping_class-bd","8":"desktop-align-left","9":"tablet-align-left","10":"mobile-align-left","12":"first","13":"instock","14":"featured","15":"taxable","16":"shipping-taxable","17":"purchasable","18":"product-type-simple"},"_links":{"self":[{"href":"https:\/\/www.marcelchampion.com\/en\/wp-json\/wp\/v2\/product\/2396","targetHints":{"allow":["GET"]}}],"collection":[{"href":"https:\/\/www.marcelchampion.com\/en\/wp-json\/wp\/v2\/product"}],"about":[{"href":"https:\/\/www.marcelchampion.com\/en\/wp-json\/wp\/v2\/types\/product"}],"wp:featuredmedia":[{"embeddable":true,"href":"https:\/\/www.marcelchampion.com\/en\/wp-json\/wp\/v2\/media\/2544"}],"wp:attachment":[{"href":"https:\/\/www.marcelchampion.com\/en\/wp-json\/wp\/v2\/media?parent=2396"}],"wp:term":[{"taxonomy":"product_brand","embeddable":true,"href":"https:\/\/www.marcelchampion.com\/en\/wp-json\/wp\/v2\/product_brand?post=2396"},{"taxonomy":"product_cat","embeddable":true,"href":"https:\/\/www.marcelchampion.com\/en\/wp-json\/wp\/v2\/product_cat?post=2396"},{"taxonomy":"product_tag","embeddable":true,"href":"https:\/\/www.marcelchampion.com\/en\/wp-json\/wp\/v2\/product_tag?post=2396"}],"curies":[{"name":"wp","href":"https:\/\/api.w.org\/{rel}","templated":true}]}}