{"id":2382,"date":"2021-09-05T21:31:05","date_gmt":"2021-09-05T19:31:05","guid":{"rendered":"http:\/\/marcelchampion.com\/?post_type=product&#038;p=2382"},"modified":"2024-10-19T15:17:35","modified_gmt":"2024-10-19T13:17:35","slug":"cosplay","status":"publish","type":"product","link":"https:\/\/www.marcelchampion.com\/en\/product\/cosplay\/","title":{"rendered":"Cosplay"},"content":{"rendered":"<p>Il y a quelques ann\u00e9es j\u2019ai cr\u00e9\u00e9 mon personnage de BD, pour rigoler. Ce personnage, je m\u2019amusais de temps en temps \u00e0 l\u2019habiller avec les costumes de Batman, Tintin, Gaston etc\u2026<\/p>\n<p>Jusqu\u2019au jour o\u00f9 j\u2019en ai eu une cinquantaine. C\u2019est \u00e0 ce moment l\u00e0 que je me suis dit qu\u2019en les compilant, \u00e7a ferait un tr\u00e8s beau livre qui rappellerait de bons souvenirs \u00e0 toutes celles et ceux qui ont grandi dans les ann\u00e9es 80\/90. Le titre \u00e9tait \u00e9vident, Cosplay. J\u2019ai donc fait une liste de 235 personnages issus de la bande dessin\u00e9e, des dessins anim\u00e9s et des jeux vid\u00e9o avec lesquels j\u2019ai grandi. Un dessin par page, une ic\u00f4ne pour signaler \u00e0 quelle cat\u00e9gorie appartient le dessin et rien d\u2019autre, \u00e0 vous de trouver de qui il s\u2019agit. Certains sont simples \u00e0 trouver, d\u2019autres, beaucoup moins.<\/p>\n<p>J\u2019ai con\u00e7u ce livre comme collector, plus proche de l\u2019oeuvre d\u2019art contemporaine que de la BD.<\/p>\n<p>Tirage hyper limit\u00e9, seulement 10 exemplaires dans le monde, qualit\u00e9 d\u2019impression optimale, papier de luxe et prix qui va avec, 10000 euros.<\/p>","protected":false},"excerpt":{"rendered":"<p>Cosplay c\u2019est 235 dessins de mon personnage, d\u00e9guis\u00e9 avec les costumes de mes h\u00e9ros de dessins anim\u00e9s, BD et jeux vid\u00e9o pr\u00e9f\u00e9r\u00e9s. De Pacman \u00e0 Hulk en passant pas Albator ou encore Gaston Lagaffe. C\u2019est un livre d\u2019art collector, seulement dix exemplaires imprim\u00e9s pour le monde entier. Un magnifique voyage dans notre enfance.<\/p>\n<h5>Produit en rupture de stock.<\/h5>\n<p><a href=\"https:\/\/www.marcelchampion.com\/en\/contact\/\">Contactez-moi si vous voulez en savoir plus&#8230;<\/a><\/p>","protected":false},"featured_media":2553,"template":"","meta":{"_gspb_post_css":"","site-sidebar-layout":"default","site-content-layout":"default","ast-site-content-layout":"default","site-content-style":"default","site-sidebar-style":"default","ast-global-header-display":"","ast-banner-title-visibility":"","ast-main-header-display":"","ast-hfb-above-header-display":"","ast-hfb-below-header-display":"","ast-hfb-mobile-header-display":"","site-post-title":"","ast-breadcrumbs-content":"","ast-featured-img":"","footer-sml-layout":"","ast-disable-related-posts":"","theme-transparent-header-meta":"default","adv-header-id-meta":"","stick-header-meta":"","header-above-stick-meta":"","header-main-stick-meta":"","header-below-stick-meta":"","astra-migrate-meta-layouts":"default","ast-page-background-enabled":"default","ast-page-background-meta":{"desktop":{"background-color":"","background-image":"","background-repeat":"repeat","background-position":"center center","background-size":"auto","background-attachment":"scroll","background-type":"","background-media":"","overlay-type":"","overlay-color":"","overlay-opacity":"","overlay-gradient":""},"tablet":{"background-color":"","background-image":"","background-repeat":"repeat","background-position":"center center","background-size":"auto","background-attachment":"scroll","background-type":"","background-media":"","overlay-type":"","overlay-color":"","overlay-opacity":"","overlay-gradient":""},"mobile":{"background-color":"","background-image":"","background-repeat":"repeat","background-position":"center center","background-size":"auto","background-attachment":"scroll","background-type":"","background-media":"","overlay-type":"","overlay-color":"","overlay-opacity":"","overlay-gradient":""}},"ast-content-background-meta":{"desktop":{"background-color":"var(--ast-global-color-5)","background-image":"","background-repeat":"repeat","background-position":"center center","background-size":"auto","background-attachment":"scroll","background-type":"","background-media":"","overlay-type":"","overlay-color":"","overlay-opacity":"","overlay-gradient":""},"tablet":{"background-color":"var(--ast-global-color-5)","background-image":"","background-repeat":"repeat","background-position":"center center","background-size":"auto","background-attachment":"scroll","background-type":"","background-media":"","overlay-type":"","overlay-color":"","overlay-opacity":"","overlay-gradient":""},"mobile":{"background-color":"var(--ast-global-color-5)","background-image":"","background-repeat":"repeat","background-position":"center center","background-size":"auto","background-attachment":"scroll","background-type":"","background-media":"","overlay-type":"","overlay-color":"","overlay-opacity":"","overlay-gradient":""}}},"product_brand":[],"product_cat":[31],"product_tag":[],"class_list":{"0":"post-2382","1":"product","2":"type-product","3":"status-publish","4":"has-post-thumbnail","6":"product_cat-cosplay","7":"product_shipping_class-bd","8":"desktop-align-left","9":"tablet-align-left","10":"mobile-align-left","12":"first","13":"outofstock","14":"taxable","15":"shipping-taxable","16":"purchasable","17":"product-type-simple"},"_links":{"self":[{"href":"https:\/\/www.marcelchampion.com\/en\/wp-json\/wp\/v2\/product\/2382","targetHints":{"allow":["GET"]}}],"collection":[{"href":"https:\/\/www.marcelchampion.com\/en\/wp-json\/wp\/v2\/product"}],"about":[{"href":"https:\/\/www.marcelchampion.com\/en\/wp-json\/wp\/v2\/types\/product"}],"wp:featuredmedia":[{"embeddable":true,"href":"https:\/\/www.marcelchampion.com\/en\/wp-json\/wp\/v2\/media\/2553"}],"wp:attachment":[{"href":"https:\/\/www.marcelchampion.com\/en\/wp-json\/wp\/v2\/media?parent=2382"}],"wp:term":[{"taxonomy":"product_brand","embeddable":true,"href":"https:\/\/www.marcelchampion.com\/en\/wp-json\/wp\/v2\/product_brand?post=2382"},{"taxonomy":"product_cat","embeddable":true,"href":"https:\/\/www.marcelchampion.com\/en\/wp-json\/wp\/v2\/product_cat?post=2382"},{"taxonomy":"product_tag","embeddable":true,"href":"https:\/\/www.marcelchampion.com\/en\/wp-json\/wp\/v2\/product_tag?post=2382"}],"curies":[{"name":"wp","href":"https:\/\/api.w.org\/{rel}","templated":true}]}}