{"id":2317,"date":"2021-08-26T10:35:10","date_gmt":"2021-08-26T10:35:10","guid":{"rendered":"http:\/\/marcelchampion.com\/?post_type=product&#038;p=2317"},"modified":"2024-10-19T15:43:26","modified_gmt":"2024-10-19T13:43:26","slug":"mamie-odevie-la-fois-ou-jai-failli-sauver-jeanne-darc","status":"publish","type":"product","link":"https:\/\/www.marcelchampion.com\/en\/product\/mamie-odevie-la-fois-ou-jai-failli-sauver-jeanne-darc\/","title":{"rendered":"Mamie Odevie \u00ab\u00a0la fois o\u00f9 j&rsquo;ai failli sauver Jeanne D&rsquo;Arc\u00a0\u00bb"},"content":{"rendered":"<p>Mamie Odevie est la grand-m\u00e8re de Th\u00e9r\u00e9bentine. Apr\u00e8s une br\u00e8ve apparition dans le second album de Th\u00e9r\u00e9bentine, elle revient avec sa propre s\u00e9rie, et quelle s\u00e9rie !<\/p>\n<p>Lorsque Th\u00e9r\u00e9bentine vient passer des vacances chez sa grand-m\u00e8re, mamie Odevie lui raconte des histoires de sa jeunesse. Dans ce premier album, elle va raconter \u00e0 sa petite fille comment elle a failli sauver Jeanne d&rsquo;Arc quand elle \u00e9tait plus jeune. Vous avez du mal \u00e0 croire que mamie Odevie a vraiment connu Jeanne d&rsquo;Arc, nous aussi. Mais elle raconte tellement bien qu&rsquo;on a malgr\u00e9 tout envie de la croire.<\/p>\n<p>Ne passez pas \u00e0 cot\u00e9 de cet album compl\u00e8tement loufoque, qui peut-\u00eatre lu par les enfants et les adultes. Mamie Odevie est partie pour bien nous faire rigoler.<\/p>","protected":false},"excerpt":{"rendered":"<p>Cet album n&rsquo;est pas en vente sur ce site mais vous pouvez vous le procurer sur le site officiel :<\/p>\n<div class=\"wp-block-buttons\">\n<div class=\"wp-block-button\"><a class=\"wp-block-button__link\" href=\"https:\/\/www.canards-volants.fr\/produit\/mamie-odevie-01-la-fois-ou-jai-failli-sauver-jeanne-darc\/\" target=\"_blank\" rel=\"noopener\">Les Canards Volants<\/a><\/div>\n<\/div>","protected":false},"featured_media":2690,"template":"","meta":{"_gspb_post_css":"","site-sidebar-layout":"default","site-content-layout":"default","ast-site-content-layout":"default","site-content-style":"default","site-sidebar-style":"default","ast-global-header-display":"","ast-banner-title-visibility":"","ast-main-header-display":"","ast-hfb-above-header-display":"","ast-hfb-below-header-display":"","ast-hfb-mobile-header-display":"","site-post-title":"","ast-breadcrumbs-content":"","ast-featured-img":"","footer-sml-layout":"","ast-disable-related-posts":"","theme-transparent-header-meta":"default","adv-header-id-meta":"","stick-header-meta":"","header-above-stick-meta":"","header-main-stick-meta":"","header-below-stick-meta":"","astra-migrate-meta-layouts":"default","ast-page-background-enabled":"default","ast-page-background-meta":{"desktop":{"background-color":"","background-image":"","background-repeat":"repeat","background-position":"center center","background-size":"auto","background-attachment":"scroll","background-type":"","background-media":"","overlay-type":"","overlay-color":"","overlay-opacity":"","overlay-gradient":""},"tablet":{"background-color":"","background-image":"","background-repeat":"repeat","background-position":"center center","background-size":"auto","background-attachment":"scroll","background-type":"","background-media":"","overlay-type":"","overlay-color":"","overlay-opacity":"","overlay-gradient":""},"mobile":{"background-color":"","background-image":"","background-repeat":"repeat","background-position":"center center","background-size":"auto","background-attachment":"scroll","background-type":"","background-media":"","overlay-type":"","overlay-color":"","overlay-opacity":"","overlay-gradient":""}},"ast-content-background-meta":{"desktop":{"background-color":"var(--ast-global-color-5)","background-image":"","background-repeat":"repeat","background-position":"center center","background-size":"auto","background-attachment":"scroll","background-type":"","background-media":"","overlay-type":"","overlay-color":"","overlay-opacity":"","overlay-gradient":""},"tablet":{"background-color":"var(--ast-global-color-5)","background-image":"","background-repeat":"repeat","background-position":"center center","background-size":"auto","background-attachment":"scroll","background-type":"","background-media":"","overlay-type":"","overlay-color":"","overlay-opacity":"","overlay-gradient":""},"mobile":{"background-color":"var(--ast-global-color-5)","background-image":"","background-repeat":"repeat","background-position":"center center","background-size":"auto","background-attachment":"scroll","background-type":"","background-media":"","overlay-type":"","overlay-color":"","overlay-opacity":"","overlay-gradient":""}}},"product_brand":[],"product_cat":[22,29],"product_tag":[],"class_list":{"0":"post-2317","1":"product","2":"type-product","3":"status-publish","4":"has-post-thumbnail","6":"product_cat-bd","7":"product_cat-mamie-odevie","8":"product_shipping_class-bd","9":"desktop-align-left","10":"tablet-align-left","11":"mobile-align-left","13":"first","14":"outofstock","15":"featured","16":"taxable","17":"shipping-taxable","18":"purchasable","19":"product-type-simple"},"_links":{"self":[{"href":"https:\/\/www.marcelchampion.com\/en\/wp-json\/wp\/v2\/product\/2317","targetHints":{"allow":["GET"]}}],"collection":[{"href":"https:\/\/www.marcelchampion.com\/en\/wp-json\/wp\/v2\/product"}],"about":[{"href":"https:\/\/www.marcelchampion.com\/en\/wp-json\/wp\/v2\/types\/product"}],"wp:featuredmedia":[{"embeddable":true,"href":"https:\/\/www.marcelchampion.com\/en\/wp-json\/wp\/v2\/media\/2690"}],"wp:attachment":[{"href":"https:\/\/www.marcelchampion.com\/en\/wp-json\/wp\/v2\/media?parent=2317"}],"wp:term":[{"taxonomy":"product_brand","embeddable":true,"href":"https:\/\/www.marcelchampion.com\/en\/wp-json\/wp\/v2\/product_brand?post=2317"},{"taxonomy":"product_cat","embeddable":true,"href":"https:\/\/www.marcelchampion.com\/en\/wp-json\/wp\/v2\/product_cat?post=2317"},{"taxonomy":"product_tag","embeddable":true,"href":"https:\/\/www.marcelchampion.com\/en\/wp-json\/wp\/v2\/product_tag?post=2317"}],"curies":[{"name":"wp","href":"https:\/\/api.w.org\/{rel}","templated":true}]}}