{"id":2413,"date":"2021-09-10T15:14:20","date_gmt":"2021-09-10T13:14:20","guid":{"rendered":"http:\/\/marcelchampion.com\/?page_id=2413"},"modified":"2022-02-23T20:43:26","modified_gmt":"2022-02-23T19:43:26","slug":"bio-marcel-champion","status":"publish","type":"page","link":"https:\/\/www.marcelchampion.com\/en\/bio-marcel-champion\/","title":{"rendered":"Bio Marcel Champion"},"content":{"rendered":"<p><strong>Marcel Champion<\/strong>, cet \u00eatre \u00e9trange venu d\u2019un autre espace temps, le continuum despantaroli. Son but, conqu\u00e9rir la <strong>Terre<\/strong> via son art. <strong>Vincent<\/strong> et <strong>Wilfried Desmond<\/strong> l\u2019ont vu.<\/p>\n\n\n\n<div class=\"wp-block-image is-style-default\"><figure class=\"aligncenter size-full\"><img loading=\"lazy\" decoding=\"async\" width=\"1900\" height=\"1184\" src=\"http:\/\/marcelchampion.com\/wp-content\/uploads\/2021\/09\/illustre003.png\" alt=\"\" class=\"wp-image-2431\" srcset=\"https:\/\/www.marcelchampion.com\/wp-content\/uploads\/2021\/09\/illustre003.png 1900w, https:\/\/www.marcelchampion.com\/wp-content\/uploads\/2021\/09\/illustre003-300x187.png 300w, https:\/\/www.marcelchampion.com\/wp-content\/uploads\/2021\/09\/illustre003-1024x638.png 1024w, https:\/\/www.marcelchampion.com\/wp-content\/uploads\/2021\/09\/illustre003-768x479.png 768w, https:\/\/www.marcelchampion.com\/wp-content\/uploads\/2021\/09\/illustre003-1536x957.png 1536w, https:\/\/www.marcelchampion.com\/wp-content\/uploads\/2021\/09\/illustre003-600x374.png 600w\" sizes=\"auto, (max-width: 1900px) 100vw, 1900px\" \/><figcaption><em>L&rsquo;aventure, c&rsquo;est l&rsquo;aventure.<\/em><\/figcaption><\/figure><\/div>\n\n\n\n<p>Pour eux tout a commenc\u00e9 un soir de Septembre 2006 alors qu\u2019ils rentraient de<strong> Paris<\/strong> \u00e0 bord d\u2019un <strong>Renault Kangoo Ada<\/strong>. Trop las pour continuer leur chemin, ils s\u2019arr\u00eatent sur une aire d\u2019autoroute l\u00e9g\u00e8rement au Nord d\u2019<strong>Orl\u00e9ans<\/strong>. Il est 23h15. Ils mangent un morceau \u00e0 l\u2019arri\u00e8re de leur auto. Quand une lumi\u00e8re aveuglante apparait soudainement devant eux. Impossible de la regarder en face, elle est bien trop intense. Les deux fr\u00e8res essaient de voir de quoi il s\u2019agit en mettant les mains devant les yeux, mais rien y fait, l\u2019\u00e9clat est trop violent pour distinguer quoi que ce soit. Puis une voix retentit :<\/p>\n\n\n\n<ul class=\"dashed wp-block-list\"><li>Vous allez pr\u00e9parer une expositions de peintures pour le Festival de la BD d\u2019<strong>Angoul\u00eame<\/strong> en <strong>Janvier<\/strong> prochain.<\/li><li>Une exposition de peintures ??? Mais on ne sait m\u00eame pas peindre.<\/li><li>Et vous croyez que \u00e7a emp\u00eache <strong>Jeff Koons<\/strong> ou <strong>Damien Hirst<\/strong> de faire des expos ???<\/li><li>Vu comme \u00e7a, effectivement\u2026 Mais comment va-t-on faire pour convaincre les organisateurs ? Ils ne voudront jamais prendre des d\u00e9butants ?<\/li><li>Dites que vous venez de la part de <strong>Marcel Champion<\/strong>.<\/li><\/ul>\n\n\n\n<p>Et la lumi\u00e8re disparut comme elle \u00e9tait venue, sans bruit, discr\u00e8tement tel un neutrino, laissant nos deux fr\u00e8res devant le d\u00e9fi de leur vie.<\/p>\n\n\n\n<div class=\"wp-block-columns is-layout-flex wp-container-core-columns-is-layout-28f84493 wp-block-columns-is-layout-flex\">\n<div class=\"wp-block-column is-vertically-aligned-center is-layout-flow wp-block-column-is-layout-flow\" style=\"flex-basis:66.66%\">\n<p>4 mois plus tard, la premi\u00e8re exposition <strong>Marcel Champion<\/strong> se tenait au Festival de la BD d\u2019<strong>Angoul\u00eame<\/strong> 2007, l\u2019aventure \u00e9tait lanc\u00e9e. <\/p>\n\n\n\n<p><\/p>\n\n\n\n<p>Depuis, <strong>Vincent<\/strong> et <strong>Wilfried<\/strong> sont devenus les repr\u00e9sentants l\u00e9gaux de <strong>Marcel<\/strong> sur <strong>Terre<\/strong> et s\u2019activent \u00e0 propager son art partout o\u00f9 cela est n\u00e9cessaire de <strong>Nontron<\/strong> \u00e0 <strong>Thiviers<\/strong> en passant par <strong>Pi\u00e9gut<\/strong> (le triangle magique) tout \u00e7a sous forme de peintures, BDs, dessins, graffiti\u2026 <\/p>\n\n\n\n<p>La r\u00e9volution artistique a d\u00e9j\u00e0 commenc\u00e9.<\/p>\n<\/div>\n\n\n\n<div class=\"wp-block-column is-layout-flow wp-block-column-is-layout-flow\" style=\"flex-basis:33.33%\">\n<figure class=\"wp-block-image size-large\"><img loading=\"lazy\" decoding=\"async\" width=\"637\" height=\"1024\" src=\"http:\/\/marcelchampion.com\/wp-content\/uploads\/2021\/09\/illustre004-637x1024.png\" alt=\"La premi\u00e8re toile sign\u00e9e Marcel Champion\" class=\"wp-image-2438\" srcset=\"https:\/\/www.marcelchampion.com\/wp-content\/uploads\/2021\/09\/illustre004-637x1024.png 637w, https:\/\/www.marcelchampion.com\/wp-content\/uploads\/2021\/09\/illustre004-187x300.png 187w, https:\/\/www.marcelchampion.com\/wp-content\/uploads\/2021\/09\/illustre004-768x1234.png 768w, https:\/\/www.marcelchampion.com\/wp-content\/uploads\/2021\/09\/illustre004-956x1536.png 956w, https:\/\/www.marcelchampion.com\/wp-content\/uploads\/2021\/09\/illustre004-600x964.png 600w, https:\/\/www.marcelchampion.com\/wp-content\/uploads\/2021\/09\/illustre004.png 1220w\" sizes=\"auto, (max-width: 637px) 100vw, 637px\" \/><figcaption>Trop beau !<\/figcaption><\/figure>\n\n\n\n<p><\/p>\n<\/div>\n<\/div>","protected":false},"excerpt":{"rendered":"<p>Marcel Champion, cet \u00eatre \u00e9trange venu d\u2019un autre espace temps, le continuum despantaroli. Son but, conqu\u00e9rir la Terre via son art. Vincent et Wilfried Desmond l\u2019ont vu. Pour eux tout a commenc\u00e9 un soir de Septembre 2006 alors qu\u2019ils rentraient de Paris \u00e0 bord d\u2019un Renault Kangoo Ada. Trop las pour continuer leur chemin, ils [&hellip;]<\/p>\n","protected":false},"author":1,"featured_media":0,"parent":0,"menu_order":0,"comment_status":"closed","ping_status":"closed","template":"","meta":{"_gspb_post_css":"","site-sidebar-layout":"default","site-content-layout":"default","ast-site-content-layout":"default","site-content-style":"default","site-sidebar-style":"default","ast-global-header-display":"","ast-banner-title-visibility":"","ast-main-header-display":"","ast-hfb-above-header-display":"","ast-hfb-below-header-display":"","ast-hfb-mobile-header-display":"","site-post-title":"","ast-breadcrumbs-content":"","ast-featured-img":"","footer-sml-layout":"","ast-disable-related-posts":"","theme-transparent-header-meta":"default","adv-header-id-meta":"","stick-header-meta":"","header-above-stick-meta":"","header-main-stick-meta":"","header-below-stick-meta":"","astra-migrate-meta-layouts":"default","ast-page-background-enabled":"default","ast-page-background-meta":{"desktop":{"background-color":"","background-image":"","background-repeat":"repeat","background-position":"center center","background-size":"auto","background-attachment":"scroll","background-type":"","background-media":"","overlay-type":"","overlay-color":"","overlay-opacity":"","overlay-gradient":""},"tablet":{"background-color":"","background-image":"","background-repeat":"repeat","background-position":"center center","background-size":"auto","background-attachment":"scroll","background-type":"","background-media":"","overlay-type":"","overlay-color":"","overlay-opacity":"","overlay-gradient":""},"mobile":{"background-color":"","background-image":"","background-repeat":"repeat","background-position":"center center","background-size":"auto","background-attachment":"scroll","background-type":"","background-media":"","overlay-type":"","overlay-color":"","overlay-opacity":"","overlay-gradient":""}},"ast-content-background-meta":{"desktop":{"background-color":"var(--ast-global-color-5)","background-image":"","background-repeat":"repeat","background-position":"center center","background-size":"auto","background-attachment":"scroll","background-type":"","background-media":"","overlay-type":"","overlay-color":"","overlay-opacity":"","overlay-gradient":""},"tablet":{"background-color":"var(--ast-global-color-5)","background-image":"","background-repeat":"repeat","background-position":"center center","background-size":"auto","background-attachment":"scroll","background-type":"","background-media":"","overlay-type":"","overlay-color":"","overlay-opacity":"","overlay-gradient":""},"mobile":{"background-color":"var(--ast-global-color-5)","background-image":"","background-repeat":"repeat","background-position":"center center","background-size":"auto","background-attachment":"scroll","background-type":"","background-media":"","overlay-type":"","overlay-color":"","overlay-opacity":"","overlay-gradient":""}},"footnotes":""},"class_list":["post-2413","page","type-page","status-publish","hentry"],"_links":{"self":[{"href":"https:\/\/www.marcelchampion.com\/en\/wp-json\/wp\/v2\/pages\/2413","targetHints":{"allow":["GET"]}}],"collection":[{"href":"https:\/\/www.marcelchampion.com\/en\/wp-json\/wp\/v2\/pages"}],"about":[{"href":"https:\/\/www.marcelchampion.com\/en\/wp-json\/wp\/v2\/types\/page"}],"author":[{"embeddable":true,"href":"https:\/\/www.marcelchampion.com\/en\/wp-json\/wp\/v2\/users\/1"}],"replies":[{"embeddable":true,"href":"https:\/\/www.marcelchampion.com\/en\/wp-json\/wp\/v2\/comments?post=2413"}],"version-history":[{"count":0,"href":"https:\/\/www.marcelchampion.com\/en\/wp-json\/wp\/v2\/pages\/2413\/revisions"}],"wp:attachment":[{"href":"https:\/\/www.marcelchampion.com\/en\/wp-json\/wp\/v2\/media?parent=2413"}],"curies":[{"name":"wp","href":"https:\/\/api.w.org\/{rel}","templated":true}]}}